{"id":12374,"date":"2022-06-21T16:15:11","date_gmt":"2022-06-21T14:15:11","guid":{"rendered":"https:\/\/www.saprima.de\/?page_id=12374"},"modified":"2025-08-04T14:26:02","modified_gmt":"2025-08-04T12:26:02","slug":"videos","status":"publish","type":"page","link":"http:\/\/www.saprima.de\/de\/videos\/","title":{"rendered":"Videos"},"content":{"rendered":"<div  data-label=\"Intro\" data-id=\"content--1\" data-export-id=\"content-12\" data-category=\"content\" class=\"content-12 content-section content-section-spacing\" id=\"intro\" style=\"background-color: rgb(255, 255, 255);\"><div  class=\"gridContainer\"> <div  class=\"row text-center\"><div  class=\"section-title-col\" data-type=\"column\">  <p  class=\"lead\">Innerhalb unserer Videos zeigen wir Ihnen die meist genutzten Use Cases in saprima.<\/p><\/div> <\/div> <div  class=\"row center-xs middle-xs\"> <div  class=\"col-sm-9\" data-type=\"column\"> <\/div> <\/div><\/div> <\/div><div data-label=\"KI Datenanalyse\" data-id=\"about--5\" data-export-id=\"about-3\" data-category=\"about\" class=\"about-3 content-section content-section-spacing\" id=\"ki-datenanalyse\"  style=\"background-color: rgb(245, 250, 253);\"><div class=\"gridContainer\" > <div class=\"row\" ><div class=\"col-sm-6 col-padding-small-xs col-sm-padding-large bg-color5 white-text content-col\" data-type=\"column\" >  <h2 class=\"\" >&#8222;KI-gest\u00fctzte Datenanalyse&#8220;<\/h2> <p class=\"\" >In diesem Video zeigen wir Schritt f\u00fcr Schritt, wie Sie mit Hilfe der \nintegrierten KI in saprima ein SQL-Statement generieren, als Datenquelle\n speichern und daraus ein interaktives Diagramm erstellen.<br >\nSie lernen:<br >\n&#8211; Wie Sie mit der KI-Abfrage komplexe Fragestellungen in SQL \u00fcbersetzen<br >\n&#8211; Wie Sie diese Abfragen im SQL-Lab testen und als Quelle speichern<br >\n&#8211; Wie Sie ein individuelles Diagramm anlegen und visualisieren<br >\n&#8211; Wie Sie Filter, Zeitr\u00e4ume und Crossfilter anwenden<\/p><\/div> <div class=\"col-sm-6 no-gutter-col flexbox-strech center-xs middle-xs\" ><div class=\"lightbox-video dark-overlay shadow-large overlap-x-large flexbox middle-xs center-xs\" data-type=\"group\" data-bg=\"image\"  style=\"background-image: url(&quot;https:\/\/www.saprima.de\/wp-content\/uploads\/cropped-saprima_KI_250627.jpg&quot;);\"> <a data-fancybox=\"\" data-video-lightbox=\"true\" href=\"https:\/\/youtu.be\/ZVsZYg8LrXI\" > <i data-cp-fa=\"true\" class=\"fa video-icon fa-play-circle-o color-white\" ><\/i><\/a> <\/div><\/div> <\/div><\/div> <\/div><div data-label=\"Integration P3express\" data-id=\"about--6\" data-export-id=\"about-2\" data-category=\"about\" class=\"about-2 content-section content-section-spacing\" id=\"integration-p3express\"  style=\"background-color: rgb(255, 255, 255);\"><div class=\"gridContainer\" > <div class=\"row\" ><div class=\"col-sm-6 no-gutter-col flexbox-strech center-xs middle-xs\" > <div class=\"lightbox-video dark-overlay shadow-large overlap-right-large flexbox middle-xs center-xs\" data-type=\"group\" data-bg=\"image\"  style=\"background-image: url(&quot;https:\/\/www.saprima.de\/wp-content\/uploads\/cropped-p3express-e1749214540705.jpg&quot;);\"> <a data-fancybox=\"\" data-video-lightbox=\"true\" href=\"https:\/\/youtu.be\/CCifrflzcHA\" > <i data-cp-fa=\"true\" class=\"fa video-icon fa-play-circle-o color-white\" ><\/i><\/a> <\/div><\/div> <div class=\"col-sm-6 space-bottom-xs col-padding-small-xs col-sm-padding-large white-text content-col bg-color5\" data-type=\"column\" > <h2 class=\"\" >Effizientes Projektmanagement mit p3.express &amp; saprima<\/h2> <p class=\"\" >In diesem Video zeigen wir Ihnen, wie das minimalistische Projektmanagementsystem p3express nahtlos in die Projektmanagement-Plattform saprima integriert wurde. Erfahren Sie, wie diese Kombination Ihre Projektplanung und -umsetzung deutlich vereinfacht und optimiert.<br >Diese Integration sorgt daf\u00fcr, dass Sie jederzeit den \u00dcberblick behalten, Projekte strukturiert abwickeln und Ressourcen optimal nutzen k\u00f6nnen.<\/p><\/div> <\/div><\/div> <\/div><div  data-label=\"Ressourcenplanung\" data-id=\"about--3\" data-export-id=\"about-3\" data-category=\"about\" class=\"about-3 content-section content-section-spacing\" id=\"ressourcenplanung\" style=\"background-color: rgb(255, 255, 255); background-image: none;\"><div  class=\"gridContainer\"> <div  class=\"row\"><div  class=\"col-sm-6 col-padding-small-xs col-sm-padding-large bg-color5 white-text content-col\" data-type=\"column\">  <h2  class=\"\" style=\"border-bottom-color: rgb(255, 255, 255);\">Ressourcen- und Skillplanung<\/h2> <p  class=\"\">Die Planung von Ressourcen funktioniert auf allen Ebenen in der Projektstruktur, ob direkt auf dem Projekt oder ganz unten auf einzelnen Vorg\u00e4ngen. Kapazit\u00e4tsauswertungen k\u00f6nnen auf allen Ebenen der Ressourcenstruktur gemacht werden. Somit ist es m\u00f6glich die Auslastung f\u00fcr Ihre Skills, Mitarbeiter, Teams oder die gesamte Firma in beliebigen Zeitscheiben darzustellen. \u00dcber eine integrierte Rule-Engine, k\u00f6nnen Warnungen je nach Auslastungssituation, erzeugt werden.<\/p><\/div> <div  class=\"col-sm-6 no-gutter-col flexbox-strech center-xs middle-xs\"><div  class=\"lightbox-video dark-overlay shadow-large overlap-x-large flexbox middle-xs center-xs\" data-type=\"group\" data-bg=\"image\" style=\"background-image: url(&quot;https:\/\/www.saprima.de\/wp-content\/uploads\/Ressourcen-und-Skillplanung-Thumb.webp&quot;);\"> <a  data-fancybox=\"\" data-video-lightbox=\"true\" href=\"https:\/\/youtu.be\/C73NGvv34qA\" class=\"\"> <i  data-cp-fa=\"true\" class=\"fa video-icon fa-play-circle-o color-white\"><\/i><\/a> <\/div><\/div> <\/div><\/div> <\/div><div  data-label=\"Terminplanung\" data-id=\"about--1\" data-export-id=\"about-2\" data-category=\"about\" class=\"about-2 content-section content-section-spacing\" id=\"terminplanung\" style=\"background-color: rgb(255, 255, 255); background-image: none;\" data-section-ov=\"1\"><div  class=\"gridContainer\"> <div  class=\"row\"><div  class=\"col-sm-6 no-gutter-col flexbox-strech center-xs middle-xs\"> <div  class=\"lightbox-video dark-overlay shadow-large overlap-right-large flexbox middle-xs center-xs\" data-type=\"group\" data-bg=\"image\" style=\"background-image: url(&quot;https:\/\/www.saprima.de\/wp-content\/uploads\/Terminplanung-Thumb.webp&quot;);\"> <a  data-fancybox=\"\" data-video-lightbox=\"true\" href=\"https:\/\/youtu.be\/zPqQ8kab4wU\" class=\"\"> <i  data-cp-fa=\"true\" class=\"fa video-icon fa-play-circle-o color-white\"><\/i><\/a> <\/div><\/div> <div  class=\"col-sm-6 space-bottom-xs col-padding-small-xs col-sm-padding-large white-text content-col bg-color5\" data-type=\"column\"> <h2  class=\"\" style=\"border-bottom-color: rgb(255, 255, 255);\">Terminplanung<\/h2> <p  class=\"\">Innerhalb dieses Videos erl\u00e4utern wir wie Terminplanung in saprima umgesetzt werden kann.<br >\nHierbei gehen wir auf das Strukturieren und Terminieren der Projekte in saprima ein.<br >\nAlle m\u00f6glichen Anordnungsbeziehung und Typen zur Verkn\u00fcpfung von Strukturen beliebiger Ebene k\u00f6nnen genutzt werden. Berechnung der Termine und Dauer findet innerhalb unseres interaktiven Gantt-Diagramms statt.<\/p><\/div> <\/div><\/div> <\/div><div  data-label=\"Kontakt\" data-id=\"cta--1\" data-export-id=\"cta-blue-section\" data-category=\"cta\" class=\"cta-blue-section content-section content-section-spacing-medium bg-color1 dark-text\" id=\"kontakt\" style=\"background-size: cover; background-position: center top; background-image: none; background-color: rgb(245, 250, 253);\"><div  class=\"gridContainer\"> <div  class=\"row middle-xs\"><div  class=\"col-sm-8 space-bottom-xs\" data-type=\"column\"> <h2  class=\"no-after\" style=\"text-align: center;\">Ist Ihr UseCase nicht dabei? \n<br >Setzen Sie sich mit uns in Verbindung!<\/h2> <\/div> <div  class=\"col-sm-4 end-sm\" data-type=\"column\"> <a  class=\"button big force-shadow color1\" href=\"https:\/\/www.saprima.de\/kontakt\" target=\"_self\" data-cp-link=\"1\" data-icon=\"\" rel=\"noopener noreferrer\">Kontaktieren Sie uns!<\/a><\/div> <\/div><\/div> <\/div>","protected":false},"excerpt":{"rendered":"<p>Innerhalb unserer Videos zeigen wir Ihnen die meist genutzten Use Cases in saprima. &#8222;KI-gest\u00fctzte Datenanalyse&#8220; In diesem Video zeigen wir Schritt f\u00fcr Schritt, wie Sie mit Hilfe der integrierten KI&hellip; <br \/> <a class=\"read-more\" href=\"http:\/\/www.saprima.de\/de\/videos\/\">Read more<\/a><\/p>\n","protected":false},"author":2,"featured_media":0,"parent":0,"menu_order":0,"comment_status":"closed","ping_status":"closed","template":"pro\/page-templates\/full-width-page.php","meta":{"_price":"","_stock":"","_tribe_ticket_header":"","_tribe_default_ticket_provider":"","_tribe_ticket_capacity":"0","_ticket_start_date":"","_ticket_end_date":"","_tribe_ticket_show_description":"","_tribe_ticket_show_not_going":false,"_tribe_ticket_use_global_stock":"","_tribe_ticket_global_stock_level":"","_global_stock_mode":"","_global_stock_cap":"","_tribe_rsvp_for_event":"","_tribe_ticket_going_count":"","_tribe_ticket_not_going_count":"","_tribe_tickets_list":"[]","_tribe_ticket_has_attendee_info_fields":false,"footnotes":""},"class_list":["post-12374","page","type-page","status-publish","hentry"],"yoast_head":"<!-- This site is optimized with the Yoast SEO plugin v27.3 - https:\/\/yoast.com\/product\/yoast-seo-wordpress\/ -->\n<title>Videos - saprima\u00ae - Compose your Success<\/title>\n<meta name=\"robots\" content=\"index, follow, max-snippet:-1, max-image-preview:large, max-video-preview:-1\" \/>\n<link rel=\"canonical\" href=\"https:\/\/www.saprima.de\/de\/videos\/\" \/>\n<meta property=\"og:locale\" content=\"de_DE\" \/>\n<meta property=\"og:type\" content=\"article\" \/>\n<meta property=\"og:title\" content=\"Videos - saprima\u00ae - Compose your Success\" \/>\n<meta property=\"og:description\" content=\"Innerhalb unserer Videos zeigen wir Ihnen die meist genutzten Use Cases in saprima. &#8222;KI-gest\u00fctzte Datenanalyse&#8220; In diesem Video zeigen wir Schritt f\u00fcr Schritt, wie Sie mit Hilfe der integrierten KI&hellip; Read more\" \/>\n<meta property=\"og:url\" content=\"https:\/\/www.saprima.de\/de\/videos\/\" \/>\n<meta property=\"og:site_name\" content=\"saprima\u00ae - Compose your Success\" \/>\n<meta property=\"article:modified_time\" content=\"2025-08-04T12:26:02+00:00\" \/>\n<meta name=\"twitter:card\" content=\"summary_large_image\" \/>\n<meta name=\"twitter:site\" content=\"@saprima1\" \/>\n<meta name=\"twitter:label1\" content=\"Gesch\u00e4tzte Lesezeit\" \/>\n\t<meta name=\"twitter:data1\" content=\"1\u00a0Minute\" \/>\n<script type=\"application\/ld+json\" class=\"yoast-schema-graph\">{\"@context\":\"https:\\\/\\\/schema.org\",\"@graph\":[{\"@type\":\"WebPage\",\"@id\":\"https:\\\/\\\/www.saprima.de\\\/videos\\\/\",\"url\":\"https:\\\/\\\/www.saprima.de\\\/videos\\\/\",\"name\":\"Videos - saprima\u00ae - Compose your Success\",\"isPartOf\":{\"@id\":\"https:\\\/\\\/www.saprima.de\\\/de\\\/#website\"},\"datePublished\":\"2022-06-21T14:15:11+00:00\",\"dateModified\":\"2025-08-04T12:26:02+00:00\",\"breadcrumb\":{\"@id\":\"https:\\\/\\\/www.saprima.de\\\/videos\\\/#breadcrumb\"},\"inLanguage\":\"de\",\"potentialAction\":[{\"@type\":\"ReadAction\",\"target\":[\"https:\\\/\\\/www.saprima.de\\\/videos\\\/\"]}]},{\"@type\":\"BreadcrumbList\",\"@id\":\"https:\\\/\\\/www.saprima.de\\\/videos\\\/#breadcrumb\",\"itemListElement\":[{\"@type\":\"ListItem\",\"position\":1,\"name\":\"Startseite\",\"item\":\"https:\\\/\\\/www.saprima.de\\\/\"},{\"@type\":\"ListItem\",\"position\":2,\"name\":\"Videos\"}]},{\"@type\":\"WebSite\",\"@id\":\"https:\\\/\\\/www.saprima.de\\\/de\\\/#website\",\"url\":\"https:\\\/\\\/www.saprima.de\\\/de\\\/\",\"name\":\"saprima\u00ae\",\"description\":\"\",\"publisher\":{\"@id\":\"https:\\\/\\\/www.saprima.de\\\/de\\\/#organization\"},\"potentialAction\":[{\"@type\":\"SearchAction\",\"target\":{\"@type\":\"EntryPoint\",\"urlTemplate\":\"https:\\\/\\\/www.saprima.de\\\/de\\\/?s={search_term_string}\"},\"query-input\":{\"@type\":\"PropertyValueSpecification\",\"valueRequired\":true,\"valueName\":\"search_term_string\"}}],\"inLanguage\":\"de\"},{\"@type\":\"Organization\",\"@id\":\"https:\\\/\\\/www.saprima.de\\\/de\\\/#organization\",\"name\":\"saprima GmbH\",\"url\":\"https:\\\/\\\/www.saprima.de\\\/de\\\/\",\"logo\":{\"@type\":\"ImageObject\",\"inLanguage\":\"de\",\"@id\":\"https:\\\/\\\/www.saprima.de\\\/de\\\/#\\\/schema\\\/logo\\\/image\\\/\",\"url\":\"https:\\\/\\\/www.saprima.de\\\/wp-content\\\/uploads\\\/saprima_final_transp.png\",\"contentUrl\":\"https:\\\/\\\/www.saprima.de\\\/wp-content\\\/uploads\\\/saprima_final_transp.png\",\"width\":1468,\"height\":938,\"caption\":\"saprima GmbH\"},\"image\":{\"@id\":\"https:\\\/\\\/www.saprima.de\\\/de\\\/#\\\/schema\\\/logo\\\/image\\\/\"},\"sameAs\":[\"https:\\\/\\\/x.com\\\/saprima1\",\"https:\\\/\\\/www.youtube.com\\\/user\\\/saprima2011\"]}]}<\/script>\n<!-- \/ Yoast SEO plugin. -->","yoast_head_json":{"title":"Videos - saprima\u00ae - Compose your Success","robots":{"index":"index","follow":"follow","max-snippet":"max-snippet:-1","max-image-preview":"max-image-preview:large","max-video-preview":"max-video-preview:-1"},"canonical":"https:\/\/www.saprima.de\/de\/videos\/","og_locale":"de_DE","og_type":"article","og_title":"Videos - saprima\u00ae - Compose your Success","og_description":"Innerhalb unserer Videos zeigen wir Ihnen die meist genutzten Use Cases in saprima. &#8222;KI-gest\u00fctzte Datenanalyse&#8220; In diesem Video zeigen wir Schritt f\u00fcr Schritt, wie Sie mit Hilfe der integrierten KI&hellip; Read more","og_url":"https:\/\/www.saprima.de\/de\/videos\/","og_site_name":"saprima\u00ae - Compose your Success","article_modified_time":"2025-08-04T12:26:02+00:00","twitter_card":"summary_large_image","twitter_site":"@saprima1","twitter_misc":{"Gesch\u00e4tzte Lesezeit":"1\u00a0Minute"},"schema":{"@context":"https:\/\/schema.org","@graph":[{"@type":"WebPage","@id":"https:\/\/www.saprima.de\/videos\/","url":"https:\/\/www.saprima.de\/videos\/","name":"Videos - saprima\u00ae - Compose your Success","isPartOf":{"@id":"https:\/\/www.saprima.de\/de\/#website"},"datePublished":"2022-06-21T14:15:11+00:00","dateModified":"2025-08-04T12:26:02+00:00","breadcrumb":{"@id":"https:\/\/www.saprima.de\/videos\/#breadcrumb"},"inLanguage":"de","potentialAction":[{"@type":"ReadAction","target":["https:\/\/www.saprima.de\/videos\/"]}]},{"@type":"BreadcrumbList","@id":"https:\/\/www.saprima.de\/videos\/#breadcrumb","itemListElement":[{"@type":"ListItem","position":1,"name":"Startseite","item":"https:\/\/www.saprima.de\/"},{"@type":"ListItem","position":2,"name":"Videos"}]},{"@type":"WebSite","@id":"https:\/\/www.saprima.de\/de\/#website","url":"https:\/\/www.saprima.de\/de\/","name":"saprima\u00ae","description":"","publisher":{"@id":"https:\/\/www.saprima.de\/de\/#organization"},"potentialAction":[{"@type":"SearchAction","target":{"@type":"EntryPoint","urlTemplate":"https:\/\/www.saprima.de\/de\/?s={search_term_string}"},"query-input":{"@type":"PropertyValueSpecification","valueRequired":true,"valueName":"search_term_string"}}],"inLanguage":"de"},{"@type":"Organization","@id":"https:\/\/www.saprima.de\/de\/#organization","name":"saprima GmbH","url":"https:\/\/www.saprima.de\/de\/","logo":{"@type":"ImageObject","inLanguage":"de","@id":"https:\/\/www.saprima.de\/de\/#\/schema\/logo\/image\/","url":"https:\/\/www.saprima.de\/wp-content\/uploads\/saprima_final_transp.png","contentUrl":"https:\/\/www.saprima.de\/wp-content\/uploads\/saprima_final_transp.png","width":1468,"height":938,"caption":"saprima GmbH"},"image":{"@id":"https:\/\/www.saprima.de\/de\/#\/schema\/logo\/image\/"},"sameAs":["https:\/\/x.com\/saprima1","https:\/\/www.youtube.com\/user\/saprima2011"]}]}},"_links":{"self":[{"href":"http:\/\/www.saprima.de\/de\/wp-json\/wp\/v2\/pages\/12374","targetHints":{"allow":["GET"]}}],"collection":[{"href":"http:\/\/www.saprima.de\/de\/wp-json\/wp\/v2\/pages"}],"about":[{"href":"http:\/\/www.saprima.de\/de\/wp-json\/wp\/v2\/types\/page"}],"author":[{"embeddable":true,"href":"http:\/\/www.saprima.de\/de\/wp-json\/wp\/v2\/users\/2"}],"replies":[{"embeddable":true,"href":"http:\/\/www.saprima.de\/de\/wp-json\/wp\/v2\/comments?post=12374"}],"version-history":[{"count":10,"href":"http:\/\/www.saprima.de\/de\/wp-json\/wp\/v2\/pages\/12374\/revisions"}],"predecessor-version":[{"id":28506,"href":"http:\/\/www.saprima.de\/de\/wp-json\/wp\/v2\/pages\/12374\/revisions\/28506"}],"wp:attachment":[{"href":"http:\/\/www.saprima.de\/de\/wp-json\/wp\/v2\/media?parent=12374"}],"curies":[{"name":"wp","href":"https:\/\/api.w.org\/{rel}","templated":true}]}}