{"id":1464,"date":"2019-10-24T15:33:08","date_gmt":"2019-10-24T13:33:08","guid":{"rendered":"http:\/\/localhost:8000\/?page_id=1464"},"modified":"2025-08-05T11:18:15","modified_gmt":"2025-08-05T09:18:15","slug":"funktionen","status":"publish","type":"page","link":"http:\/\/www.saprima.de\/de\/funktionen\/","title":{"rendered":"Funktionen"},"content":{"rendered":"<div  data-label=\"Features\" data-id=\"features--1\" data-export-id=\"features-12-card\" data-category=\"features\" class=\"features-12-card content-section content-section-spacing \" id=\"features-1\" style=\"background-color: rgb(255, 255, 255);\"><div  class=\"gridContainer\"> <div  class=\"row text-center\"><div  class=\"section-title-col\" data-type=\"column\">  <p  class=\"lead\">Durch das umfassende Wissen innerhalb unseres Hauses, schaffen wir es eine breite Palette von Werkzeugen innerhalb unserer Software zu vereinen. Durch jahrelange Erfahrung und ein offenes Ohr f\u00fcr unsere Kunden passen wir uns Anforderungen an.<\/p><\/div> <\/div> <div  class=\"row spaced-cols\" data-type=\"row\"> <div  class=\"col-sm-6\"> <div  class=\"card row-card\"> <div  class=\"row\"> <div  class=\"col-sm-fit icon-column\"> <a  data-cp-link=\"1\" href=\"https:\/\/www.saprima.de\/p3-express-integration-in-saprima-einfaches-und-effizientes-projektmanagement\" target=\"_self\"><i  class=\"fa icon fa-rotate-right bordered round color2\"><\/i><\/a> <\/div> <div  class=\"col-sm\" data-type=\"column\"> <h5  class=\"color2\">p3.express Integration in saprima \u2013 Einfaches und effizientes Projektmanagement<span  id=\"_mce_caret\" data-mce-bogus=\"1\" data-mce-type=\"format-caret\"><span  style=\"color: rgb(195, 96, 96);\">\ufeff<\/span><\/span><\/h5> <p  class=\"\" style=\"text-align: left;\">Mit der Integration von p3.express in saprima verbinden Sie ein leicht verst\u00e4ndliches Projektmanagementsystem mit einer leistungsstarken Plattform. So behalten Sie Ihre Projekte jederzeit im Griff \u2013 von der Planung bis zum Abschluss.<\/p><\/div> <\/div><\/div> <\/div><div  class=\"col-sm-6\"> <div  class=\"card row-card\"> <div  class=\"row\"> <div  class=\"col-sm-fit icon-column\"> <i  class=\"fa icon fa-user bordered round color2\"><\/i> <\/div> <div  class=\"col-sm\" data-type=\"column\"> <h5  class=\"color2\"><span  style=\"color: rgb(195, 96, 96);\">RESSOURCENMANAGEMENT<\/span><span  id=\"_mce_caret\" data-mce-bogus=\"1\" data-mce-type=\"format-caret\"><span  style=\"color: rgb(195, 96, 96);\">\ufeff<\/span><\/span><\/h5> <p  class=\"\" style=\"text-align: left;\">Die Algorithmen unseres Ressourcenmanagementsystem geben freie Zeiten und \u00dcberlastungen Ihrer Mitarbeiter auf einen Blick aus. Somit haben Sie die M\u00f6glichkeit fr\u00fchzeitig zu agieren.<\/p><\/div> <\/div><\/div> <\/div> <div  class=\"col-sm-6\"> <div  class=\"card row-card\"> <div  class=\"row\"> <div  class=\"col-sm-fit icon-column\"> <i  class=\"fa icon fa-cube bordered round color2\"><\/i> <\/div> <div  class=\"col-sm\" data-type=\"column\"> <h5  class=\"color2\"><span  style=\"color: rgb(195, 96, 96);\">PROJEKTMANAGEMENT<\/span><\/h5> <p  class=\"\" style=\"text-align: left;\">Unsere einzigartige Darstellung von klassischem Projektmanagement und agilen Arbeitsmethoden schafft wir es Kanban und Scrum in einem Wasserfallprojekt abzubilden. Dadurch haben Sie jegliche Freiheit f\u00fcr ihr Projekt<\/p><\/div> <\/div><\/div> <\/div>  <div  class=\"col-sm-6\"> <div  class=\"card row-card\"> <div  class=\"row\"> <div  class=\"col-sm-fit icon-column\"> <i  class=\"fa icon fa-connectdevelop bordered round color2\"><\/i> <\/div> <div  class=\"col-sm\" data-type=\"column\"> <h5  class=\"color2\"><span  style=\"color: rgb(195, 96, 96);\"><a  data-mce-href=\"..\/was-ist-projektportfoliomanagement\" href=\"https:\/\/www.saprima.de\/was-ist-projektportfoliomanagement\" target=\"_self\" data-mce-selected=\"inline-boundary\" data-cp-link=\"1\" rel=\"noopener noreferrer\">PORTFOLIOMANAGEMENT<\/a><\/span><span  id=\"_mce_caret\" data-mce-bogus=\"1\" data-mce-type=\"format-caret\"><span  style=\"color: rgb(195, 96, 96);\"><\/span><\/span><\/h5> <p  class=\"\" style=\"text-align: left;\">Um innerhalb des Projektportfolios alles im Blick zu haben, nutzen wir ein \u00dcbersichtscockpit, dass auf Ihren Kennzahlen angepasst ist und somit eine perfekte Erg\u00e4nzung bietet.\r\n<br ><a  data-mce-href=\"..\/was-ist-projektportfoliomanagement\" href=\"https:\/\/www.saprima.de\/was-ist-projektportfoliomanagement\" target=\"_self\" data-mce-selected=\"inline-boundary\" data-cp-link=\"1\" rel=\"noopener noreferrer\">Lesen Sie mehr\u2026<\/a><\/p><\/div> <\/div><\/div> <\/div><div  class=\"col-sm-6\"> <div  class=\"card row-card\"> <div  class=\"row\"> <div  class=\"col-sm-fit icon-column\"> <i  class=\"fa icon fa-sliders bordered round color2\"><\/i> <\/div> <div  class=\"col-sm\" data-type=\"column\"> <h5  class=\"color2\">GANTT CHART<\/h5> <p  class=\"\" style=\"text-align: left;\">Genervt von Gantt-Charts die nur darstellen? Unser Gantt ist nicht nur zur Ausgabe von Daten gedacht. Balken k\u00f6nnen verschoben und ver\u00e4ndert werden. So kann das Projekt sofort grob skizziert werden.<\/p><\/div> <\/div><\/div> <\/div><div  class=\"col-sm-6\"> <div  class=\"card row-card\"> <div  class=\"row\"> <div  class=\"col-sm-fit icon-column\"> <i  class=\"fa icon fa-calendar-check-o bordered round color2\"><\/i> <\/div> <div  class=\"col-sm\" data-type=\"column\"> <h5  class=\"color2\">KANBAN BOARD<\/h5> <p  class=\"\" style=\"text-align: left;\">Durch das integrierte Kanbanboard k\u00f6nnen Aufgaben aus unterschiedlichen Projekten auf ein oder mehrere Boards heruntergebrochen werden, sodass jeder \u00dcberblick \u00fcber seine Aufgaben erh\u00e4lt.<\/p><\/div> <\/div><\/div> <\/div><div  class=\"col-sm-6\"> <div  class=\"card row-card\"> <div  class=\"row\"> <div  class=\"col-sm-fit icon-column\"> <a  data-cp-link=\"1\" href=\"https:\/\/www.saprima.de\/lean-mangement-mit-saprima\" target=\"_self\" rel=\"noopener noreferrer\"><i  class=\"fa icon fa-building bordered round color2\"><\/i><\/a> <\/div> <div  class=\"col-sm\" data-type=\"column\"> <h5  class=\"color2\"><a  data-mce-href=\"..\/lean-mangement-mit-saprima\/\" href=\"https:\/\/www.saprima.de\/lean-mangement-mit-saprima\" target=\"_self\" data-mce-selected=\"inline-boundary\" data-cp-link=\"1\" rel=\"noopener noreferrer\">LEANMANAGEMENT<\/a><\/h5> <p  class=\"\" style=\"text-align: left;\">Durch unsere anpassbaren Workflows, k\u00f6nnen wir Sie auf dem Lean Management Weg unterst\u00fctzten. Klare Oberfl\u00e4chen die Ihnen nur die Informationen zeigen die Sie brauchen.<br ><a  data-mce-href=\"..\/lean-mangement-mit-saprima\/\" href=\"https:\/\/www.saprima.de\/lean-mangement-mit-saprima\" target=\"_self\" data-mce-selected=\"inline-boundary\" data-cp-link=\"1\" rel=\"noopener noreferrer\">\r\nLesen Sie mehr\u2026<\/a><\/p><\/div> <\/div><\/div> <\/div><div  class=\"col-sm-6\"> <div  class=\"card row-card\"> <div  class=\"row\"> <div  class=\"col-sm-fit icon-column\"> <i  class=\"fa icon fa-area-chart bordered round color2\"><\/i> <\/div> <div  class=\"col-sm\" data-type=\"column\"> <h5  class=\"color2\">PIVOT CHART<\/h5> <p  class=\"\" style=\"text-align: left;\">Durch unsere Pivot-Charts k\u00f6nnen Auslastung und freie Zeiten von Mitarbeitern, Teams, Abteilungen oder der ganzen Firma ausgegeben werden. Den Filtern sind keine Grenzen gesetzt.<\/p><\/div> <\/div><\/div> <\/div><div  class=\"col-sm-6\"> <div  class=\"card row-card\"> <div  class=\"row\"> <div  class=\"col-sm-fit icon-column\"> <i  class=\"fa icon fa-pie-chart bordered round color2\"><\/i> <\/div> <div  class=\"col-sm\" data-type=\"column\"> <h5  class=\"color2\">REPORTING<\/h5> <p  class=\"\" style=\"text-align: left;\">Durch unsere Business Intelligence L\u00f6sung und Dashboards sind die Auswertungen Ihrer Daten jederzeit und unkompliziert m\u00f6glich. Sie k\u00f6nnen hiermit ihre eigenen Ausgaben und Diagramme bauen.<\/p><\/div> <\/div><\/div> <\/div><div  class=\"col-sm-6\"> <div  class=\"card row-card\"> <div  class=\"row\"> <div  class=\"col-sm-fit icon-column\"> <a  data-cp-link=\"1\" href=\"https:\/\/www.saprima.de\/neu-bei-saprima-intelligente-datenauswertung-mit-kiintelligente-datenauswertung-mit-ki-so-macht-es-saprima\" target=\"_self\"><i  class=\"fa icon fa-bar-chart bordered round color2\"><\/i><\/a> <\/div> <div  class=\"col-sm\" data-type=\"column\"> <h5  class=\"color2\">Intelligente Datenauswertung mit nat\u00fcrlicher Sprache<\/h5> <p  class=\"\" style=\"text-align: left;\">Neu in saprima: Dank KI k\u00f6nnen Sie jetzt per Spracheingabe Daten abfragen \u2013 ohne SQL-Wissen, direkt in der Oberfl\u00e4che.<\/p><\/div> <\/div><\/div> <\/div><div  class=\"col-sm-6\"> <div  class=\"card row-card\"> <div  class=\"row\"> <div  class=\"col-sm-fit icon-column\"> <i  class=\"fa icon fa-line-chart bordered round color2\"><\/i> <\/div> <div  class=\"col-sm\" data-type=\"column\"> <h5  class=\"color2\">COCKPIT<\/h5> <p  class=\"\" style=\"text-align: left;\">Die Algorithmen unseres Ressourcenmanagementsystems geben \r\nfreie Zeiten und \u00dcberlastungen Ihrer Mitarbeiter auf einen Blick aus. Somit haben Sie die M\u00f6glichkeit fr\u00fchzeitig zu agieren.<\/p><\/div> <\/div><\/div> <\/div><div  class=\"col-sm-6\"> <div  class=\"card row-card\"> <div  class=\"row\"> <div  class=\"col-sm-fit icon-column\"> <i  class=\"fa icon fa-table bordered round color2\"><\/i> <\/div> <div  class=\"col-sm\" data-type=\"column\"> <h5  class=\"color2\">Plantafel<\/h5> <p  class=\"\" style=\"text-align: left;\">Da die Termin- und Kapazit\u00e4tsplanung mit der Plantafel verkn\u00fcpft ist, lassen sich \u00c4nderungen, egal in welchem Modul sie vorgenommen werden, \u00fcberall nachvollziehen.<\/p><\/div> <\/div><\/div> <\/div><div  class=\"col-sm-6\"> <div  class=\"card row-card\"> <div  class=\"row\"> <div  class=\"col-sm-fit icon-column\"> <a  data-cp-link=\"1\" href=\"https:\/\/www.saprima.de\/chat-benachrichtigungsfunktion\" target=\"_self\" rel=\"noopener\"><i  class=\"fa icon fa-wechat bordered round color2\"><\/i><\/a> <\/div> <div  class=\"col-sm\" data-type=\"column\"> <h5  class=\"color2\"><span  style=\"color: rgb(195, 96, 96);\">Chat \/ Benachrichtigung<\/span><\/h5> <p  class=\"\" style=\"text-align: left;\">Ab der Version 6.1.xx ist eine CHAT \/ Benachrichtigungsfunktion in saprima integriert. Hier k\u00f6nnen User direkt in saprima kommunizieren. Dem Benutzer wird angezeigt, ob und wie viele ungelesene Nachrichten vorhanden sind. Nachrichten k\u00f6nnen von saprima an den User gesendet werden. Z.B. wenn Fehler in einem Job aufgetreten sind, oder ein User etwas tun muss.. <\/p><\/div> <\/div><\/div> <\/div><div  class=\"col-sm-6\"> <div  class=\"card row-card\"> <div  class=\"row\"> <div  class=\"col-sm-fit icon-column\"> <i  class=\"fa icon fa-cloud bordered round color2\"><\/i> <\/div> <div  class=\"col-sm\" data-type=\"column\"> <h5  class=\"color2\">100% WEBBASIERT<\/h5> <p  class=\"\" style=\"text-align: left;\">saprima ist eine reine Cloud Anwendung. Hierf\u00fcr ist keine zus\u00e4tzliche Software n\u00f6tig. Ein g\u00e4ngier Browser ist die einzige Voraussetzung.<\/p><\/div> <\/div><\/div> <\/div><div  class=\"col-sm-6\"> <div  class=\"card row-card\"> <div  class=\"row\"> <div  class=\"col-sm-fit icon-column\"> <i  class=\"fa icon fa-chain bordered round color2\"><\/i> <\/div> <div  class=\"col-sm\" data-type=\"column\"> <h5  class=\"color2\">SCHNITTSTELLEN<\/h5> <p  class=\"\" style=\"text-align: left;\">Durch unsere 20 Jahre Erfahrung, haben wir mit jeder bekannten Schnittstelle gearbeitet. Wir k\u00f6nnen mit jeder Datenbank oder REST-API Schnittstelle umgehen. <\/p><\/div> <\/div><\/div> <\/div><div  class=\"col-sm-6\"> <div  class=\"card row-card\"> <div  class=\"row\"> <div  class=\"col-sm-fit icon-column\"> <i  class=\"fa icon fa-group bordered round color2\"><\/i> <\/div> <div  class=\"col-sm\" data-type=\"column\"> <h5  class=\"color2\">TEAMMANAGEMENT<\/h5> <p  class=\"\" style=\"text-align: left;\">Einfaches Verwalten von Teams steht hier im Vordergund. Zuweisung von Aufgaben und \u00fcbersichtliche Aufgabenverwaltung sind nur zwei Punkte die im Teammanagement abgebildet werden.<\/p><\/div> <\/div><\/div> <\/div><div  class=\"col-sm-6\"> <div  class=\"card row-card\"> <div  class=\"row\"> <div  class=\"col-sm-fit icon-column\"> <i  class=\"fa icon fa-database bordered round color2\"><\/i> <\/div> <div  class=\"col-sm\" data-type=\"column\"> <h5  class=\"color2\">DEDIZIERTE SERVER<\/h5> <p  class=\"\" style=\"text-align: left;\">Unsere Software wird nur auf deutschen Servern gehostet. Somit sind sie DSGVO konform und ihre Daten in verantwortungsvollen H\u00e4nden.<\/p><\/div> <\/div><\/div> <\/div><div  class=\"col-sm-6\"> <div  class=\"card row-card\"> <div  class=\"row\"> <div  class=\"col-sm-fit icon-column\"> <a  data-cp-link=\"1\" href=\"https:\/\/www.saprima.de\/de?page_id=20856%2F&amp;preview=true\" target=\"_self\" rel=\"noopener\"><i  class=\"fa icon fa-folder-open bordered round color2\"><\/i><\/a> <\/div> <div  class=\"col-sm\" data-type=\"column\"> <h5  class=\"color2\"><span  style=\"color: rgb(195, 96, 96);\">Planmanagement<\/span><\/h5> <p  class=\"\" style=\"text-align: left;\">\u2026 die Dokumenten-Austausch-Plattform zwischen Bauherr, Projektsteuerer, Beh\u00f6rde, Planer, Gutachter und Baustelle Beschleunigung und Transparenz im Projektablauf<\/p><\/div> <\/div><\/div> <\/div><\/div> <\/div><\/div>","protected":false},"excerpt":{"rendered":"<p>Durch das umfassende Wissen innerhalb unseres Hauses, schaffen wir es eine breite Palette von Werkzeugen innerhalb unserer Software zu vereinen. Durch jahrelange Erfahrung und ein offenes Ohr f\u00fcr unsere Kunden&hellip; <br \/> <a class=\"read-more\" href=\"http:\/\/www.saprima.de\/de\/funktionen\/\">Read more<\/a><\/p>\n","protected":false},"author":2,"featured_media":0,"parent":0,"menu_order":0,"comment_status":"closed","ping_status":"closed","template":"pro\/page-templates\/full-width-page.php","meta":{"_price":"","_stock":"","_tribe_ticket_header":"","_tribe_default_ticket_provider":"","_tribe_ticket_capacity":"0","_ticket_start_date":"","_ticket_end_date":"","_tribe_ticket_show_description":"","_tribe_ticket_show_not_going":false,"_tribe_ticket_use_global_stock":"","_tribe_ticket_global_stock_level":"","_global_stock_mode":"","_global_stock_cap":"","_tribe_rsvp_for_event":"","_tribe_ticket_going_count":"","_tribe_ticket_not_going_count":"","_tribe_tickets_list":"[]","_tribe_ticket_has_attendee_info_fields":false,"footnotes":""},"class_list":["post-1464","page","type-page","status-publish","hentry"],"yoast_head":"<!-- This site is optimized with the Yoast SEO plugin v27.4 - https:\/\/yoast.com\/product\/yoast-seo-wordpress\/ -->\n<title>Funktionen - Ressourcen-, Projekt-, Portfoliomanagement<\/title>\n<meta name=\"description\" content=\"Unsere Funktionen im \u00dcberblick. Durch die Implementierung von Ressourcen-, Projekt-, Portfoliomanagement ist saprima der perfekte Spieler.\" \/>\n<meta name=\"robots\" content=\"index, follow, max-snippet:-1, max-image-preview:large, max-video-preview:-1\" \/>\n<link rel=\"canonical\" href=\"https:\/\/www.saprima.de\/de\/funktionen\/\" \/>\n<meta property=\"og:locale\" content=\"de_DE\" \/>\n<meta property=\"og:type\" content=\"article\" \/>\n<meta property=\"og:title\" content=\"Funktionen - Ressourcen-, Projekt-, Portfoliomanagement\" \/>\n<meta property=\"og:description\" content=\"Unsere Funktionen im \u00dcberblick. Durch die Implementierung von Ressourcen-, Projekt-, Portfoliomanagement ist saprima der perfekte Spieler.\" \/>\n<meta property=\"og:url\" content=\"https:\/\/www.saprima.de\/de\/funktionen\/\" \/>\n<meta property=\"og:site_name\" content=\"saprima\u00ae - Compose your Success\" \/>\n<meta property=\"article:modified_time\" content=\"2025-08-05T09:18:15+00:00\" \/>\n<meta name=\"twitter:card\" content=\"summary_large_image\" \/>\n<meta name=\"twitter:site\" content=\"@saprima1\" \/>\n<meta name=\"twitter:label1\" content=\"Gesch\u00e4tzte Lesezeit\" \/>\n\t<meta name=\"twitter:data1\" content=\"3\u00a0Minuten\" \/>\n<script type=\"application\/ld+json\" class=\"yoast-schema-graph\">{\"@context\":\"https:\\\/\\\/schema.org\",\"@graph\":[{\"@type\":\"WebPage\",\"@id\":\"https:\\\/\\\/www.saprima.de\\\/funktionen\\\/\",\"url\":\"https:\\\/\\\/www.saprima.de\\\/funktionen\\\/\",\"name\":\"Funktionen - Ressourcen-, Projekt-, Portfoliomanagement\",\"isPartOf\":{\"@id\":\"https:\\\/\\\/www.saprima.de\\\/de\\\/#website\"},\"datePublished\":\"2019-10-24T13:33:08+00:00\",\"dateModified\":\"2025-08-05T09:18:15+00:00\",\"description\":\"Unsere Funktionen im \u00dcberblick. Durch die Implementierung von Ressourcen-, Projekt-, Portfoliomanagement ist saprima der perfekte Spieler.\",\"breadcrumb\":{\"@id\":\"https:\\\/\\\/www.saprima.de\\\/funktionen\\\/#breadcrumb\"},\"inLanguage\":\"de\",\"potentialAction\":[{\"@type\":\"ReadAction\",\"target\":[\"https:\\\/\\\/www.saprima.de\\\/funktionen\\\/\"]}]},{\"@type\":\"BreadcrumbList\",\"@id\":\"https:\\\/\\\/www.saprima.de\\\/funktionen\\\/#breadcrumb\",\"itemListElement\":[{\"@type\":\"ListItem\",\"position\":1,\"name\":\"Startseite\",\"item\":\"https:\\\/\\\/www.saprima.de\\\/\"},{\"@type\":\"ListItem\",\"position\":2,\"name\":\"Funktionen\"}]},{\"@type\":\"WebSite\",\"@id\":\"https:\\\/\\\/www.saprima.de\\\/de\\\/#website\",\"url\":\"https:\\\/\\\/www.saprima.de\\\/de\\\/\",\"name\":\"saprima\u00ae\",\"description\":\"\",\"publisher\":{\"@id\":\"https:\\\/\\\/www.saprima.de\\\/de\\\/#organization\"},\"potentialAction\":[{\"@type\":\"SearchAction\",\"target\":{\"@type\":\"EntryPoint\",\"urlTemplate\":\"https:\\\/\\\/www.saprima.de\\\/de\\\/?s={search_term_string}\"},\"query-input\":{\"@type\":\"PropertyValueSpecification\",\"valueRequired\":true,\"valueName\":\"search_term_string\"}}],\"inLanguage\":\"de\"},{\"@type\":\"Organization\",\"@id\":\"https:\\\/\\\/www.saprima.de\\\/de\\\/#organization\",\"name\":\"saprima GmbH\",\"url\":\"https:\\\/\\\/www.saprima.de\\\/de\\\/\",\"logo\":{\"@type\":\"ImageObject\",\"inLanguage\":\"de\",\"@id\":\"https:\\\/\\\/www.saprima.de\\\/de\\\/#\\\/schema\\\/logo\\\/image\\\/\",\"url\":\"https:\\\/\\\/www.saprima.de\\\/wp-content\\\/uploads\\\/saprima_final_transp.png\",\"contentUrl\":\"https:\\\/\\\/www.saprima.de\\\/wp-content\\\/uploads\\\/saprima_final_transp.png\",\"width\":1468,\"height\":938,\"caption\":\"saprima GmbH\"},\"image\":{\"@id\":\"https:\\\/\\\/www.saprima.de\\\/de\\\/#\\\/schema\\\/logo\\\/image\\\/\"},\"sameAs\":[\"https:\\\/\\\/x.com\\\/saprima1\",\"https:\\\/\\\/www.youtube.com\\\/user\\\/saprima2011\"]}]}<\/script>\n<!-- \/ Yoast SEO plugin. -->","yoast_head_json":{"title":"Funktionen - Ressourcen-, Projekt-, Portfoliomanagement","description":"Unsere Funktionen im \u00dcberblick. Durch die Implementierung von Ressourcen-, Projekt-, Portfoliomanagement ist saprima der perfekte Spieler.","robots":{"index":"index","follow":"follow","max-snippet":"max-snippet:-1","max-image-preview":"max-image-preview:large","max-video-preview":"max-video-preview:-1"},"canonical":"https:\/\/www.saprima.de\/de\/funktionen\/","og_locale":"de_DE","og_type":"article","og_title":"Funktionen - Ressourcen-, Projekt-, Portfoliomanagement","og_description":"Unsere Funktionen im \u00dcberblick. Durch die Implementierung von Ressourcen-, Projekt-, Portfoliomanagement ist saprima der perfekte Spieler.","og_url":"https:\/\/www.saprima.de\/de\/funktionen\/","og_site_name":"saprima\u00ae - Compose your Success","article_modified_time":"2025-08-05T09:18:15+00:00","twitter_card":"summary_large_image","twitter_site":"@saprima1","twitter_misc":{"Gesch\u00e4tzte Lesezeit":"3\u00a0Minuten"},"schema":{"@context":"https:\/\/schema.org","@graph":[{"@type":"WebPage","@id":"https:\/\/www.saprima.de\/funktionen\/","url":"https:\/\/www.saprima.de\/funktionen\/","name":"Funktionen - Ressourcen-, Projekt-, Portfoliomanagement","isPartOf":{"@id":"https:\/\/www.saprima.de\/de\/#website"},"datePublished":"2019-10-24T13:33:08+00:00","dateModified":"2025-08-05T09:18:15+00:00","description":"Unsere Funktionen im \u00dcberblick. Durch die Implementierung von Ressourcen-, Projekt-, Portfoliomanagement ist saprima der perfekte Spieler.","breadcrumb":{"@id":"https:\/\/www.saprima.de\/funktionen\/#breadcrumb"},"inLanguage":"de","potentialAction":[{"@type":"ReadAction","target":["https:\/\/www.saprima.de\/funktionen\/"]}]},{"@type":"BreadcrumbList","@id":"https:\/\/www.saprima.de\/funktionen\/#breadcrumb","itemListElement":[{"@type":"ListItem","position":1,"name":"Startseite","item":"https:\/\/www.saprima.de\/"},{"@type":"ListItem","position":2,"name":"Funktionen"}]},{"@type":"WebSite","@id":"https:\/\/www.saprima.de\/de\/#website","url":"https:\/\/www.saprima.de\/de\/","name":"saprima\u00ae","description":"","publisher":{"@id":"https:\/\/www.saprima.de\/de\/#organization"},"potentialAction":[{"@type":"SearchAction","target":{"@type":"EntryPoint","urlTemplate":"https:\/\/www.saprima.de\/de\/?s={search_term_string}"},"query-input":{"@type":"PropertyValueSpecification","valueRequired":true,"valueName":"search_term_string"}}],"inLanguage":"de"},{"@type":"Organization","@id":"https:\/\/www.saprima.de\/de\/#organization","name":"saprima GmbH","url":"https:\/\/www.saprima.de\/de\/","logo":{"@type":"ImageObject","inLanguage":"de","@id":"https:\/\/www.saprima.de\/de\/#\/schema\/logo\/image\/","url":"https:\/\/www.saprima.de\/wp-content\/uploads\/saprima_final_transp.png","contentUrl":"https:\/\/www.saprima.de\/wp-content\/uploads\/saprima_final_transp.png","width":1468,"height":938,"caption":"saprima GmbH"},"image":{"@id":"https:\/\/www.saprima.de\/de\/#\/schema\/logo\/image\/"},"sameAs":["https:\/\/x.com\/saprima1","https:\/\/www.youtube.com\/user\/saprima2011"]}]}},"_links":{"self":[{"href":"http:\/\/www.saprima.de\/de\/wp-json\/wp\/v2\/pages\/1464","targetHints":{"allow":["GET"]}}],"collection":[{"href":"http:\/\/www.saprima.de\/de\/wp-json\/wp\/v2\/pages"}],"about":[{"href":"http:\/\/www.saprima.de\/de\/wp-json\/wp\/v2\/types\/page"}],"author":[{"embeddable":true,"href":"http:\/\/www.saprima.de\/de\/wp-json\/wp\/v2\/users\/2"}],"replies":[{"embeddable":true,"href":"http:\/\/www.saprima.de\/de\/wp-json\/wp\/v2\/comments?post=1464"}],"version-history":[{"count":46,"href":"http:\/\/www.saprima.de\/de\/wp-json\/wp\/v2\/pages\/1464\/revisions"}],"predecessor-version":[{"id":28377,"href":"http:\/\/www.saprima.de\/de\/wp-json\/wp\/v2\/pages\/1464\/revisions\/28377"}],"wp:attachment":[{"href":"http:\/\/www.saprima.de\/de\/wp-json\/wp\/v2\/media?parent=1464"}],"curies":[{"name":"wp","href":"https:\/\/api.w.org\/{rel}","templated":true}]}}