{"id":152,"date":"2016-06-28T18:10:56","date_gmt":"2016-06-28T16:10:56","guid":{"rendered":"http:\/\/jweig.saprima.de\/?page_id=152"},"modified":"2020-02-13T11:13:27","modified_gmt":"2020-02-13T10:13:27","slug":"realisierungsworkshop","status":"publish","type":"page","link":"http:\/\/www.saprima.de\/de\/realisierungsworkshop\/","title":{"rendered":"Realisierungsworkshop"},"content":{"rendered":"<div  data-label=\"Content\" data-id=\"content--2\" data-export-id=\"content-6\" data-category=\"content\" class=\"content-6 content-section content-section-spacing\" id=\"content-2\" style=\"background-color: rgb(245, 250, 253);\"><div  class=\"gridContainer\"> <div  class=\"row text-center\"><div  class=\"section-title-col\" data-type=\"column\">  <p  class=\"lead\">Durch unseren Realisierungsworkshop ist es m\u00f6glich innerhalb von einem Tag Ihre Anforderungen in saprima durchzusprechen und unsere Implementierung zu kalkulieren. Sie erhalten eine komplette Roadmap von unserer Implementierung innerhalb Ihres Unternehmens, und das <span  style=\"font-weight: 400;\">kostenfrei<\/span>.<\/p><\/div> <\/div> <div  class=\"row middle-sm\"> <div  class=\"col-sm-6\"> <div  class=\"row\"> <div  class=\"col-xs-12 space-bottom\" data-type=\"column\"> <h3  class=\"color2\" style=\"text-align: center;\">Unsere 5 Schritte f\u00fcr eine<br >\nerfolgreiche Umsetzung<\/h3> <\/div> <div  data-type=\"row\" class=\"col-xs-12\"><div  class=\"row space-bottom force-align\"> <div  class=\"col-xs-12 col-sm-fit text-center\"><i  class=\"fa icon fa-angle-right big color1\"><\/i><\/div> <div  class=\"col-xs-12 col-sm\" data-type=\"column\"><h5  class=\"color1\">1. Anwendungsf\u00e4lle besprechen<\/h5> <p  class=\"\">Wir erarbeiten mit Ihnen ihre Anw\u00e4ndungsf\u00e4lle und zeigen Ihnen, wie Sie diese in saprima abbilden k\u00f6nnen<\/p><\/div> <\/div> <div  class=\"row space-bottom force-align\"> <div  class=\"col-xs-12 col-sm-fit text-center\"> <i  class=\"fa icon fa-angle-right big color1\"><\/i><\/div> <div  class=\"col-xs-12 col-sm\" data-type=\"column\"><h5  class=\"color1\">2. Berichtswesen erarbeiten<\/h5> <p  class=\"\">Durch unsere Business Intelligence L\u00f6sungen analyiseren wir das beste Berichtswesen f\u00fcr Ihren Anwendungsfall<\/p><\/div> <\/div> <div  class=\"row space-bottom force-align\"> <div  class=\"col-xs-12 col-sm-fit text-center\"> <i  class=\"fa icon fa-angle-right big color1\"><\/i><\/div> <div  class=\"col-xs-12 col-sm\" data-type=\"column\"><h5  class=\"color1\">3. Realisierungsvariante w\u00e4hlen<\/h5> <p  class=\"\">Wir richten uns nach Ihrem Unternehmen und finden die Realisiserungsvariante die zu Ihrer Situation passt<\/p><\/div> <\/div><div  class=\"row space-bottom force-align\"> <div  class=\"col-xs-12 col-sm-fit text-center\"><i  class=\"fa icon fa-angle-right big color1\"><\/i><\/div> <div  class=\"col-xs-12 col-sm\" data-type=\"column\"><h5  class=\"color1\">4. Implementierungsplan ausarbeiten<\/h5> <p  class=\"\">Durch den Entwurf, der mit Ihnen erarbeitet wird lassen sich die Aufw\u00e4nde f\u00fcr Sie uns Uns planen.<\/p><\/div> <\/div><div  class=\"row space-bottom force-align\"> <div  class=\"col-xs-12 col-sm-fit text-center\"><i  class=\"fa icon fa-angle-right big color1\"><\/i><\/div> <div  class=\"col-xs-12 col-sm\" data-type=\"column\"><h5  class=\"color1\">5. Sch\u00e4tzung der Implementierung<\/h5> <p  class=\"\">Durch unser einfaches Berechnungsmodell kann im Vorfeld abgesch\u00e4tzt werden, welche Kosten in den Themen Lizenzen, Wartung und Dienstleisungen auf sie zu kommen.<\/p><\/div> <\/div><\/div> <\/div><\/div> <div  class=\"col-sm-6 flexbox around-xs top-xs space-bottom-xs\"><div  class=\"overlay-box flexbox middle-xs center-xs overlay-holder\"> <div  class=\"overlay-box-offset shadow-medium border-color2 hide-xs offset-background\"><\/div> <a  data-cp-link=\"1\" href=\"#\" target=\"_self\" rel=\"noopener noreferrer\"><img decoding=\"async\"  class=\"flexbox shadow-large img1\" data-size=\"485x632\" src=\"https:\/\/www.saprima.de\/wp-content\/uploads\/cropped-dylan-gillis-KdeqA3aTnBY-unsplash-scaled-1.jpg\" alt=\"\" title=\"cropped-realisierung.png\"><\/a><\/div> <\/div><\/div> <\/div><\/div><div  data-label=\"Cta\" data-id=\"cta--1\" data-export-id=\"cta-centered-bg-section\" data-category=\"cta\" data-section-ov=\"1\" class=\"cta-centered-bg-section content-section content-section-spacing-medium white-text\" data-parallax-depth=\"20\" id=\"cta-1\" style=\"background-color: rgb(255, 255, 255);\"><div  class=\"gridContainer\"> <div  class=\"row text-center\"><div  data-type=\"column\" class=\"\"> <h2  class=\"\">Fragen Sie nach unserem kostenlosen Workshop!&nbsp; <\/h2> <a  class=\"button color5\" href=\"https:\/\/www.saprima.de\/realisierungsworkshop-preise\" target=\"lightbox\" data-cp-link=\"1\" data-icon=\"\" rel=\"noopener noreferrer\">Realisierungsworkshop buchen<\/a><\/div> <\/div><\/div> <\/div>","protected":false},"excerpt":{"rendered":"<p>Durch unseren Realisierungsworkshop ist es m\u00f6glich innerhalb von einem Tag Ihre Anforderungen in saprima durchzusprechen und unsere Implementierung zu kalkulieren. Sie erhalten eine komplette Roadmap von unserer Implementierung innerhalb Ihres&hellip; <br \/> <a class=\"read-more\" href=\"http:\/\/www.saprima.de\/de\/realisierungsworkshop\/\">Read more<\/a><\/p>\n","protected":false},"author":2,"featured_media":0,"parent":0,"menu_order":0,"comment_status":"closed","ping_status":"closed","template":"pro\/page-templates\/full-width-page.php","meta":{"_price":"","_stock":"","_tribe_ticket_header":"","_tribe_default_ticket_provider":"","_tribe_ticket_capacity":"0","_ticket_start_date":"","_ticket_end_date":"","_tribe_ticket_show_description":"","_tribe_ticket_show_not_going":false,"_tribe_ticket_use_global_stock":"","_tribe_ticket_global_stock_level":"","_global_stock_mode":"","_global_stock_cap":"","_tribe_rsvp_for_event":"","_tribe_ticket_going_count":"","_tribe_ticket_not_going_count":"","_tribe_tickets_list":"[]","_tribe_ticket_has_attendee_info_fields":false,"footnotes":""},"class_list":["post-152","page","type-page","status-publish","hentry"],"yoast_head":"<!-- This site is optimized with the Yoast SEO plugin v27.3 - https:\/\/yoast.com\/product\/yoast-seo-wordpress\/ -->\n<title>Realisierungsworkshop - saprima\u00ae - Compose your Success<\/title>\n<meta name=\"robots\" content=\"index, follow, max-snippet:-1, max-image-preview:large, max-video-preview:-1\" \/>\n<link rel=\"canonical\" href=\"https:\/\/www.saprima.de\/de\/realisierungsworkshop\/\" \/>\n<meta property=\"og:locale\" content=\"de_DE\" \/>\n<meta property=\"og:type\" content=\"article\" \/>\n<meta property=\"og:title\" content=\"Realisierungsworkshop - saprima\u00ae - Compose your Success\" \/>\n<meta property=\"og:description\" content=\"Durch unseren Realisierungsworkshop ist es m\u00f6glich innerhalb von einem Tag Ihre Anforderungen in saprima durchzusprechen und unsere Implementierung zu kalkulieren. Sie erhalten eine komplette Roadmap von unserer Implementierung innerhalb Ihres&hellip; Read more\" \/>\n<meta property=\"og:url\" content=\"https:\/\/www.saprima.de\/de\/realisierungsworkshop\/\" \/>\n<meta property=\"og:site_name\" content=\"saprima\u00ae - Compose your Success\" \/>\n<meta property=\"article:modified_time\" content=\"2020-02-13T10:13:27+00:00\" \/>\n<meta property=\"og:image\" content=\"https:\/\/www.saprima.de\/wp-content\/uploads\/cropped-dylan-gillis-KdeqA3aTnBY-unsplash-scaled-1.jpg\" \/>\n<meta name=\"twitter:card\" content=\"summary_large_image\" \/>\n<meta name=\"twitter:site\" content=\"@saprima1\" \/>\n<meta name=\"twitter:label1\" content=\"Gesch\u00e4tzte Lesezeit\" \/>\n\t<meta name=\"twitter:data1\" content=\"1\u00a0Minute\" \/>\n<script type=\"application\/ld+json\" class=\"yoast-schema-graph\">{\"@context\":\"https:\\\/\\\/schema.org\",\"@graph\":[{\"@type\":\"WebPage\",\"@id\":\"https:\\\/\\\/www.saprima.de\\\/realisierungsworkshop\\\/\",\"url\":\"https:\\\/\\\/www.saprima.de\\\/realisierungsworkshop\\\/\",\"name\":\"Realisierungsworkshop - saprima\u00ae - Compose your Success\",\"isPartOf\":{\"@id\":\"https:\\\/\\\/www.saprima.de\\\/de\\\/#website\"},\"primaryImageOfPage\":{\"@id\":\"https:\\\/\\\/www.saprima.de\\\/realisierungsworkshop\\\/#primaryimage\"},\"image\":{\"@id\":\"https:\\\/\\\/www.saprima.de\\\/realisierungsworkshop\\\/#primaryimage\"},\"thumbnailUrl\":\"https:\\\/\\\/www.saprima.de\\\/wp-content\\\/uploads\\\/cropped-dylan-gillis-KdeqA3aTnBY-unsplash-scaled-1.jpg\",\"datePublished\":\"2016-06-28T16:10:56+00:00\",\"dateModified\":\"2020-02-13T10:13:27+00:00\",\"breadcrumb\":{\"@id\":\"https:\\\/\\\/www.saprima.de\\\/realisierungsworkshop\\\/#breadcrumb\"},\"inLanguage\":\"de\",\"potentialAction\":[{\"@type\":\"ReadAction\",\"target\":[\"https:\\\/\\\/www.saprima.de\\\/realisierungsworkshop\\\/\"]}]},{\"@type\":\"ImageObject\",\"inLanguage\":\"de\",\"@id\":\"https:\\\/\\\/www.saprima.de\\\/realisierungsworkshop\\\/#primaryimage\",\"url\":\"https:\\\/\\\/www.saprima.de\\\/wp-content\\\/uploads\\\/cropped-dylan-gillis-KdeqA3aTnBY-unsplash-scaled-1.jpg\",\"contentUrl\":\"https:\\\/\\\/www.saprima.de\\\/wp-content\\\/uploads\\\/cropped-dylan-gillis-KdeqA3aTnBY-unsplash-scaled-1.jpg\"},{\"@type\":\"BreadcrumbList\",\"@id\":\"https:\\\/\\\/www.saprima.de\\\/realisierungsworkshop\\\/#breadcrumb\",\"itemListElement\":[{\"@type\":\"ListItem\",\"position\":1,\"name\":\"Startseite\",\"item\":\"https:\\\/\\\/www.saprima.de\\\/\"},{\"@type\":\"ListItem\",\"position\":2,\"name\":\"Realisierungsworkshop\"}]},{\"@type\":\"WebSite\",\"@id\":\"https:\\\/\\\/www.saprima.de\\\/de\\\/#website\",\"url\":\"https:\\\/\\\/www.saprima.de\\\/de\\\/\",\"name\":\"saprima\u00ae\",\"description\":\"\",\"publisher\":{\"@id\":\"https:\\\/\\\/www.saprima.de\\\/de\\\/#organization\"},\"potentialAction\":[{\"@type\":\"SearchAction\",\"target\":{\"@type\":\"EntryPoint\",\"urlTemplate\":\"https:\\\/\\\/www.saprima.de\\\/de\\\/?s={search_term_string}\"},\"query-input\":{\"@type\":\"PropertyValueSpecification\",\"valueRequired\":true,\"valueName\":\"search_term_string\"}}],\"inLanguage\":\"de\"},{\"@type\":\"Organization\",\"@id\":\"https:\\\/\\\/www.saprima.de\\\/de\\\/#organization\",\"name\":\"saprima GmbH\",\"url\":\"https:\\\/\\\/www.saprima.de\\\/de\\\/\",\"logo\":{\"@type\":\"ImageObject\",\"inLanguage\":\"de\",\"@id\":\"https:\\\/\\\/www.saprima.de\\\/de\\\/#\\\/schema\\\/logo\\\/image\\\/\",\"url\":\"https:\\\/\\\/www.saprima.de\\\/wp-content\\\/uploads\\\/saprima_final_transp.png\",\"contentUrl\":\"https:\\\/\\\/www.saprima.de\\\/wp-content\\\/uploads\\\/saprima_final_transp.png\",\"width\":1468,\"height\":938,\"caption\":\"saprima GmbH\"},\"image\":{\"@id\":\"https:\\\/\\\/www.saprima.de\\\/de\\\/#\\\/schema\\\/logo\\\/image\\\/\"},\"sameAs\":[\"https:\\\/\\\/x.com\\\/saprima1\",\"https:\\\/\\\/www.youtube.com\\\/user\\\/saprima2011\"]}]}<\/script>\n<!-- \/ Yoast SEO plugin. -->","yoast_head_json":{"title":"Realisierungsworkshop - saprima\u00ae - Compose your Success","robots":{"index":"index","follow":"follow","max-snippet":"max-snippet:-1","max-image-preview":"max-image-preview:large","max-video-preview":"max-video-preview:-1"},"canonical":"https:\/\/www.saprima.de\/de\/realisierungsworkshop\/","og_locale":"de_DE","og_type":"article","og_title":"Realisierungsworkshop - saprima\u00ae - Compose your Success","og_description":"Durch unseren Realisierungsworkshop ist es m\u00f6glich innerhalb von einem Tag Ihre Anforderungen in saprima durchzusprechen und unsere Implementierung zu kalkulieren. Sie erhalten eine komplette Roadmap von unserer Implementierung innerhalb Ihres&hellip; Read more","og_url":"https:\/\/www.saprima.de\/de\/realisierungsworkshop\/","og_site_name":"saprima\u00ae - Compose your Success","article_modified_time":"2020-02-13T10:13:27+00:00","og_image":[{"url":"https:\/\/www.saprima.de\/wp-content\/uploads\/cropped-dylan-gillis-KdeqA3aTnBY-unsplash-scaled-1.jpg","type":"","width":"","height":""}],"twitter_card":"summary_large_image","twitter_site":"@saprima1","twitter_misc":{"Gesch\u00e4tzte Lesezeit":"1\u00a0Minute"},"schema":{"@context":"https:\/\/schema.org","@graph":[{"@type":"WebPage","@id":"https:\/\/www.saprima.de\/realisierungsworkshop\/","url":"https:\/\/www.saprima.de\/realisierungsworkshop\/","name":"Realisierungsworkshop - saprima\u00ae - Compose your Success","isPartOf":{"@id":"https:\/\/www.saprima.de\/de\/#website"},"primaryImageOfPage":{"@id":"https:\/\/www.saprima.de\/realisierungsworkshop\/#primaryimage"},"image":{"@id":"https:\/\/www.saprima.de\/realisierungsworkshop\/#primaryimage"},"thumbnailUrl":"https:\/\/www.saprima.de\/wp-content\/uploads\/cropped-dylan-gillis-KdeqA3aTnBY-unsplash-scaled-1.jpg","datePublished":"2016-06-28T16:10:56+00:00","dateModified":"2020-02-13T10:13:27+00:00","breadcrumb":{"@id":"https:\/\/www.saprima.de\/realisierungsworkshop\/#breadcrumb"},"inLanguage":"de","potentialAction":[{"@type":"ReadAction","target":["https:\/\/www.saprima.de\/realisierungsworkshop\/"]}]},{"@type":"ImageObject","inLanguage":"de","@id":"https:\/\/www.saprima.de\/realisierungsworkshop\/#primaryimage","url":"https:\/\/www.saprima.de\/wp-content\/uploads\/cropped-dylan-gillis-KdeqA3aTnBY-unsplash-scaled-1.jpg","contentUrl":"https:\/\/www.saprima.de\/wp-content\/uploads\/cropped-dylan-gillis-KdeqA3aTnBY-unsplash-scaled-1.jpg"},{"@type":"BreadcrumbList","@id":"https:\/\/www.saprima.de\/realisierungsworkshop\/#breadcrumb","itemListElement":[{"@type":"ListItem","position":1,"name":"Startseite","item":"https:\/\/www.saprima.de\/"},{"@type":"ListItem","position":2,"name":"Realisierungsworkshop"}]},{"@type":"WebSite","@id":"https:\/\/www.saprima.de\/de\/#website","url":"https:\/\/www.saprima.de\/de\/","name":"saprima\u00ae","description":"","publisher":{"@id":"https:\/\/www.saprima.de\/de\/#organization"},"potentialAction":[{"@type":"SearchAction","target":{"@type":"EntryPoint","urlTemplate":"https:\/\/www.saprima.de\/de\/?s={search_term_string}"},"query-input":{"@type":"PropertyValueSpecification","valueRequired":true,"valueName":"search_term_string"}}],"inLanguage":"de"},{"@type":"Organization","@id":"https:\/\/www.saprima.de\/de\/#organization","name":"saprima GmbH","url":"https:\/\/www.saprima.de\/de\/","logo":{"@type":"ImageObject","inLanguage":"de","@id":"https:\/\/www.saprima.de\/de\/#\/schema\/logo\/image\/","url":"https:\/\/www.saprima.de\/wp-content\/uploads\/saprima_final_transp.png","contentUrl":"https:\/\/www.saprima.de\/wp-content\/uploads\/saprima_final_transp.png","width":1468,"height":938,"caption":"saprima GmbH"},"image":{"@id":"https:\/\/www.saprima.de\/de\/#\/schema\/logo\/image\/"},"sameAs":["https:\/\/x.com\/saprima1","https:\/\/www.youtube.com\/user\/saprima2011"]}]}},"_links":{"self":[{"href":"http:\/\/www.saprima.de\/de\/wp-json\/wp\/v2\/pages\/152","targetHints":{"allow":["GET"]}}],"collection":[{"href":"http:\/\/www.saprima.de\/de\/wp-json\/wp\/v2\/pages"}],"about":[{"href":"http:\/\/www.saprima.de\/de\/wp-json\/wp\/v2\/types\/page"}],"author":[{"embeddable":true,"href":"http:\/\/www.saprima.de\/de\/wp-json\/wp\/v2\/users\/2"}],"replies":[{"embeddable":true,"href":"http:\/\/www.saprima.de\/de\/wp-json\/wp\/v2\/comments?post=152"}],"version-history":[{"count":23,"href":"http:\/\/www.saprima.de\/de\/wp-json\/wp\/v2\/pages\/152\/revisions"}],"predecessor-version":[{"id":3325,"href":"http:\/\/www.saprima.de\/de\/wp-json\/wp\/v2\/pages\/152\/revisions\/3325"}],"wp:attachment":[{"href":"http:\/\/www.saprima.de\/de\/wp-json\/wp\/v2\/media?parent=152"}],"curies":[{"name":"wp","href":"https:\/\/api.w.org\/{rel}","templated":true}]}}