{"id":1517,"date":"2019-10-30T09:30:40","date_gmt":"2019-10-30T08:30:40","guid":{"rendered":"http:\/\/localhost:8000\/?page_id=1517"},"modified":"2020-02-13T08:52:17","modified_gmt":"2020-02-13T07:52:17","slug":"faq","status":"publish","type":"page","link":"https:\/\/www.saprima.de\/de\/faq\/","title":{"rendered":"FAQ"},"content":{"rendered":"<div  data-label=\"Features\" data-id=\"features--1\" data-export-id=\"features-12-card\" data-category=\"features\" class=\"features-12-card content-section content-section-spacing \" id=\"features-1\" style=\"background-color: rgb(245, 250, 253);\"><div  class=\"gridContainer\"> <div  class=\"row text-center\"><div  class=\"section-title-col\" data-type=\"column\">  <\/div> <\/div> <div  class=\"row spaced-cols\" data-type=\"row\">    <div  class=\"col-sm-6\"> <div  class=\"card row-card\"> <div  class=\"row\"> <div  class=\"col-sm-fit icon-column\"> <i  class=\"fa icon fa-question bordered round color2\"><\/i> <\/div> <div  class=\"col-sm\" data-type=\"column\"> <h5  class=\"color2\">Ist saprima ein Multiprojektmanagementsystem?<\/h5> <p  class=\"\">Durch Verwendung des DIN-Datenmodells (DIN 69901-4) ist saprima ein Multiprojektmanagementsystem. <br >saprima kann beliebig viele Strukturebenen, sowohl in der Projektstruktur, als auch in der Ressourcenstruktur abbilden. Zus\u00e4tzlich k\u00f6nnen parallele Strukturen angelegt werden.<\/p><\/div> <\/div><\/div> <\/div><div  class=\"col-sm-6\"> <div  class=\"card row-card\"> <div  class=\"row\"> <div  class=\"col-sm-fit icon-column\"> <i  class=\"fa icon fa-question bordered round color2\"><\/i> <\/div> <div  class=\"col-sm\" data-type=\"column\"> <h5  class=\"color2\">K\u00f6nnen mit saprima Projekte terminiert werden?<\/h5> <p  class=\"\">In saprima k\u00f6nnen Vorg\u00e4nger und Nachfolger Beziehungen incl. Lags eingegeben werden. Der scheduling Algorithmus berechnet vorw\u00e4rts und r\u00fcckw\u00e4rts.<\/p><\/div> <\/div><\/div> <\/div><div  class=\"col-sm-6\"> <div  class=\"card row-card\"> <div  class=\"row\"> <div  class=\"col-sm-fit icon-column\"> <i  class=\"fa icon fa-question bordered round color2\"><\/i> <\/div> <div  class=\"col-sm\" data-type=\"column\"> <h5  class=\"color2\">Was ist saprima Basic?<\/h5> <p  class=\"\">saprima Basic ist die kostenlose Version von saprima. saprima Basic eignet sich zum Verwalten von einzelnen Projekten und deren Vorg\u00e4nge. Es k\u00f6nnen bis zu 5 Mitarbeiter im System verwaltet werden. Die Mitarbeiter k\u00f6nnen auf Vorg\u00e4nge verplant werden. Dadurch ist es m\u00f6glich, Grafiken der Auslastung aller Mitarbeiter anzeigen zu lassen. <a  data-mce-href=\"..\/preise\/\" href=\"https:\/\/www.saprima.de\/preise\" target=\"_self\" data-mce-selected=\"inline-boundary\" data-cp-link=\"1\" rel=\"noopener noreferrer\">Probieren Sie saprima aus!<\/a><\/p><\/div> <\/div><\/div> <\/div><div  class=\"col-sm-6\"> <div  class=\"card row-card\"> <div  class=\"row\"> <div  class=\"col-sm-fit icon-column\"> <i  class=\"fa icon fa-question bordered round color2\"><\/i> <\/div> <div  class=\"col-sm\" data-type=\"column\"> <h5  class=\"color2\">Ist saprima mehrsprachig?<\/h5> <p  class=\"\">Ja, saprima steht standardm\u00e4\u00dfig in Deutsch und in Englisch zur Verf\u00fcgung. In saprima k\u00f6nnen mit wenig Aufwand die Sprache Ihrer wahl implementiert werden.<\/p><\/div> <\/div><\/div> <\/div><div  class=\"col-sm-6\"> <div  class=\"card row-card\"> <div  class=\"row\"> <div  class=\"col-sm-fit icon-column\"> <i  class=\"fa icon fa-question bordered round color2\"><\/i> <\/div> <div  class=\"col-sm\" data-type=\"column\"> <h5  class=\"color2\">Was sind die St\u00e4rken von saprima?<\/h5> <p  class=\"\">Das saprima Multiprojektmanagmentsystem zeichnet sich besonders durch flexible Projekt- sowie Ressourcenstrukturen aus. Besonders kann die sehr gute Anpassbarkeit hervorgehoben werden.&nbsp;<\/p><\/div> <\/div><\/div> <\/div><div  class=\"col-sm-6\"> <div  class=\"card row-card\"> <div  class=\"row\"> <div  class=\"col-sm-fit icon-column\"> <i  class=\"fa icon fa-question bordered round color2\"><\/i> <\/div> <div  class=\"col-sm\" data-type=\"column\"> <h5  class=\"color2\">Was ist saprima Pro?<\/h5> <p  class=\"\">saprima Pro ist eine kostenpflichtige vorkonfigurierte saprima SaaS L\u00f6sung. Es k\u00f6nnen die Rollen Admin Projektleiter, Ressourcenverantwortlicher und Mitarbeiter gebucht werden. Mindesten 1 User mss die Rolle Admin haben. In saprima Pro k\u00f6nnen beliebige Projektstrukturen und Ressourcenstrukturen aufgebaut werden. Zus\u00e4tzlich k\u00f6nnen beliebig viele benutzerdefinierte Felder angelegt und in Layouts eingef\u00fcgt werden. In erster Linie ist saprima Pro f\u00fcr Unternehmen, die einen \u00dcberblick \u00fcber ihre Projekte und Ressourcen haben m\u00fcssen. Vorallem kann in saprima Pro die Ressourcenauslastung \/ -kapazit\u00e4t dargestellt werden, nachdem die Ressourcen auf die Projekte verplant wurden! Nat\u00fcrlich k\u00f6nnen f\u00fcr einen Soll\/Ist Vergleich die Mitarbeiter ihre IST-Stunden auf den Projekten \/ Vorg\u00e4ngenn erfassen!\n<br ><a  data-mce-href=\"..\/de\/preise\/\" href=\"https:\/\/www.saprima.de\/de\/preise\" target=\"_blank\" rel=\"noopener\" data-mce-selected=\"inline-boundary\" data-cp-link=\"1\">Probieren Sie saprima aus!<\/a><\/p><\/div> <\/div><\/div> <\/div><div  class=\"col-sm-6\"> <div  class=\"card row-card\"> <div  class=\"row\"> <div  class=\"col-sm-fit icon-column\"> <i  class=\"fa icon fa-question bordered round color2\"><\/i> <\/div> <div  class=\"col-sm\" data-type=\"column\"> <h5  class=\"color2\">K\u00f6nnen in saprima die Projektkosten verwaltet werden?&nbsp;<\/h5> <p  class=\"\">Ja, in saprima k\u00f6nnen die Plan- und Ist-Kosten aus Planaufw\u00e4nden errechnet werden. Zus\u00e4tzlich k\u00f6nnen Plan- und Ist-Budgets, Plan- und Ist-Kosten (Rechnungen) und Plan- und Ist-Einnahmen zu den einzelnen Strukturelementen verwaltet und ausgewertet werden. Dadurch ist z.B. eine Cashflow Darstellung auf den einzelnen Strukturebenen (Portfolio, Projekt, Vorgang) m\u00f6glich.&nbsp;&nbsp;<\/p><\/div> <\/div><\/div> <\/div><\/div> <\/div><\/div>","protected":false},"excerpt":{"rendered":"<p>Ist saprima ein Multiprojektmanagementsystem? Durch Verwendung des DIN-Datenmodells (DIN 69901-4) ist saprima ein Multiprojektmanagementsystem. saprima kann beliebig viele Strukturebenen, sowohl in der Projektstruktur, als auch in der Ressourcenstruktur abbilden. Zus\u00e4tzlich&hellip; <br \/> <a class=\"read-more\" href=\"https:\/\/www.saprima.de\/de\/faq\/\">Read more<\/a><\/p>\n","protected":false},"author":2,"featured_media":0,"parent":0,"menu_order":0,"comment_status":"closed","ping_status":"closed","template":"pro\/page-templates\/full-width-page.php","meta":{"_price":"","_stock":"","_tribe_ticket_header":"","_tribe_default_ticket_provider":"","_tribe_ticket_capacity":"0","_ticket_start_date":"","_ticket_end_date":"","_tribe_ticket_show_description":"","_tribe_ticket_show_not_going":false,"_tribe_ticket_use_global_stock":"","_tribe_ticket_global_stock_level":"","_global_stock_mode":"","_global_stock_cap":"","_tribe_rsvp_for_event":"","_tribe_ticket_going_count":"","_tribe_ticket_not_going_count":"","_tribe_tickets_list":"[]","_tribe_ticket_has_attendee_info_fields":false,"footnotes":""},"class_list":["post-1517","page","type-page","status-publish","hentry"],"yoast_head":"<!-- This site is optimized with the Yoast SEO plugin v27.3 - https:\/\/yoast.com\/product\/yoast-seo-wordpress\/ -->\n<title>FAQ - saprima\u00ae - Compose your Success<\/title>\n<meta name=\"robots\" content=\"index, follow, max-snippet:-1, max-image-preview:large, max-video-preview:-1\" \/>\n<link rel=\"canonical\" href=\"https:\/\/www.saprima.de\/de\/faq\/\" \/>\n<meta property=\"og:locale\" content=\"de_DE\" \/>\n<meta property=\"og:type\" content=\"article\" \/>\n<meta property=\"og:title\" content=\"FAQ - saprima\u00ae - Compose your Success\" \/>\n<meta property=\"og:description\" content=\"Ist saprima ein Multiprojektmanagementsystem? Durch Verwendung des DIN-Datenmodells (DIN 69901-4) ist saprima ein Multiprojektmanagementsystem. saprima kann beliebig viele Strukturebenen, sowohl in der Projektstruktur, als auch in der Ressourcenstruktur abbilden. Zus\u00e4tzlich&hellip; Read more\" \/>\n<meta property=\"og:url\" content=\"https:\/\/www.saprima.de\/de\/faq\/\" \/>\n<meta property=\"og:site_name\" content=\"saprima\u00ae - Compose your Success\" \/>\n<meta property=\"article:modified_time\" content=\"2020-02-13T07:52:17+00:00\" \/>\n<meta name=\"twitter:card\" content=\"summary_large_image\" \/>\n<meta name=\"twitter:site\" content=\"@saprima1\" \/>\n<meta name=\"twitter:label1\" content=\"Gesch\u00e4tzte Lesezeit\" \/>\n\t<meta name=\"twitter:data1\" content=\"2\u00a0Minuten\" \/>\n<script type=\"application\/ld+json\" class=\"yoast-schema-graph\">{\"@context\":\"https:\\\/\\\/schema.org\",\"@graph\":[{\"@type\":\"WebPage\",\"@id\":\"https:\\\/\\\/www.saprima.de\\\/faq\\\/\",\"url\":\"https:\\\/\\\/www.saprima.de\\\/faq\\\/\",\"name\":\"FAQ - saprima\u00ae - Compose your Success\",\"isPartOf\":{\"@id\":\"https:\\\/\\\/www.saprima.de\\\/de\\\/#website\"},\"datePublished\":\"2019-10-30T08:30:40+00:00\",\"dateModified\":\"2020-02-13T07:52:17+00:00\",\"breadcrumb\":{\"@id\":\"https:\\\/\\\/www.saprima.de\\\/faq\\\/#breadcrumb\"},\"inLanguage\":\"de\",\"potentialAction\":[{\"@type\":\"ReadAction\",\"target\":[\"https:\\\/\\\/www.saprima.de\\\/faq\\\/\"]}]},{\"@type\":\"BreadcrumbList\",\"@id\":\"https:\\\/\\\/www.saprima.de\\\/faq\\\/#breadcrumb\",\"itemListElement\":[{\"@type\":\"ListItem\",\"position\":1,\"name\":\"Startseite\",\"item\":\"https:\\\/\\\/www.saprima.de\\\/\"},{\"@type\":\"ListItem\",\"position\":2,\"name\":\"FAQ\"}]},{\"@type\":\"WebSite\",\"@id\":\"https:\\\/\\\/www.saprima.de\\\/de\\\/#website\",\"url\":\"https:\\\/\\\/www.saprima.de\\\/de\\\/\",\"name\":\"saprima\u00ae\",\"description\":\"\",\"publisher\":{\"@id\":\"https:\\\/\\\/www.saprima.de\\\/de\\\/#organization\"},\"potentialAction\":[{\"@type\":\"SearchAction\",\"target\":{\"@type\":\"EntryPoint\",\"urlTemplate\":\"https:\\\/\\\/www.saprima.de\\\/de\\\/?s={search_term_string}\"},\"query-input\":{\"@type\":\"PropertyValueSpecification\",\"valueRequired\":true,\"valueName\":\"search_term_string\"}}],\"inLanguage\":\"de\"},{\"@type\":\"Organization\",\"@id\":\"https:\\\/\\\/www.saprima.de\\\/de\\\/#organization\",\"name\":\"saprima GmbH\",\"url\":\"https:\\\/\\\/www.saprima.de\\\/de\\\/\",\"logo\":{\"@type\":\"ImageObject\",\"inLanguage\":\"de\",\"@id\":\"https:\\\/\\\/www.saprima.de\\\/de\\\/#\\\/schema\\\/logo\\\/image\\\/\",\"url\":\"https:\\\/\\\/www.saprima.de\\\/wp-content\\\/uploads\\\/saprima_final_transp.png\",\"contentUrl\":\"https:\\\/\\\/www.saprima.de\\\/wp-content\\\/uploads\\\/saprima_final_transp.png\",\"width\":1468,\"height\":938,\"caption\":\"saprima GmbH\"},\"image\":{\"@id\":\"https:\\\/\\\/www.saprima.de\\\/de\\\/#\\\/schema\\\/logo\\\/image\\\/\"},\"sameAs\":[\"https:\\\/\\\/x.com\\\/saprima1\",\"https:\\\/\\\/www.youtube.com\\\/user\\\/saprima2011\"]}]}<\/script>\n<!-- \/ Yoast SEO plugin. -->","yoast_head_json":{"title":"FAQ - saprima\u00ae - Compose your Success","robots":{"index":"index","follow":"follow","max-snippet":"max-snippet:-1","max-image-preview":"max-image-preview:large","max-video-preview":"max-video-preview:-1"},"canonical":"https:\/\/www.saprima.de\/de\/faq\/","og_locale":"de_DE","og_type":"article","og_title":"FAQ - saprima\u00ae - Compose your Success","og_description":"Ist saprima ein Multiprojektmanagementsystem? Durch Verwendung des DIN-Datenmodells (DIN 69901-4) ist saprima ein Multiprojektmanagementsystem. saprima kann beliebig viele Strukturebenen, sowohl in der Projektstruktur, als auch in der Ressourcenstruktur abbilden. Zus\u00e4tzlich&hellip; Read more","og_url":"https:\/\/www.saprima.de\/de\/faq\/","og_site_name":"saprima\u00ae - Compose your Success","article_modified_time":"2020-02-13T07:52:17+00:00","twitter_card":"summary_large_image","twitter_site":"@saprima1","twitter_misc":{"Gesch\u00e4tzte Lesezeit":"2\u00a0Minuten"},"schema":{"@context":"https:\/\/schema.org","@graph":[{"@type":"WebPage","@id":"https:\/\/www.saprima.de\/faq\/","url":"https:\/\/www.saprima.de\/faq\/","name":"FAQ - saprima\u00ae - Compose your Success","isPartOf":{"@id":"https:\/\/www.saprima.de\/de\/#website"},"datePublished":"2019-10-30T08:30:40+00:00","dateModified":"2020-02-13T07:52:17+00:00","breadcrumb":{"@id":"https:\/\/www.saprima.de\/faq\/#breadcrumb"},"inLanguage":"de","potentialAction":[{"@type":"ReadAction","target":["https:\/\/www.saprima.de\/faq\/"]}]},{"@type":"BreadcrumbList","@id":"https:\/\/www.saprima.de\/faq\/#breadcrumb","itemListElement":[{"@type":"ListItem","position":1,"name":"Startseite","item":"https:\/\/www.saprima.de\/"},{"@type":"ListItem","position":2,"name":"FAQ"}]},{"@type":"WebSite","@id":"https:\/\/www.saprima.de\/de\/#website","url":"https:\/\/www.saprima.de\/de\/","name":"saprima\u00ae","description":"","publisher":{"@id":"https:\/\/www.saprima.de\/de\/#organization"},"potentialAction":[{"@type":"SearchAction","target":{"@type":"EntryPoint","urlTemplate":"https:\/\/www.saprima.de\/de\/?s={search_term_string}"},"query-input":{"@type":"PropertyValueSpecification","valueRequired":true,"valueName":"search_term_string"}}],"inLanguage":"de"},{"@type":"Organization","@id":"https:\/\/www.saprima.de\/de\/#organization","name":"saprima GmbH","url":"https:\/\/www.saprima.de\/de\/","logo":{"@type":"ImageObject","inLanguage":"de","@id":"https:\/\/www.saprima.de\/de\/#\/schema\/logo\/image\/","url":"https:\/\/www.saprima.de\/wp-content\/uploads\/saprima_final_transp.png","contentUrl":"https:\/\/www.saprima.de\/wp-content\/uploads\/saprima_final_transp.png","width":1468,"height":938,"caption":"saprima GmbH"},"image":{"@id":"https:\/\/www.saprima.de\/de\/#\/schema\/logo\/image\/"},"sameAs":["https:\/\/x.com\/saprima1","https:\/\/www.youtube.com\/user\/saprima2011"]}]}},"_links":{"self":[{"href":"https:\/\/www.saprima.de\/de\/wp-json\/wp\/v2\/pages\/1517","targetHints":{"allow":["GET"]}}],"collection":[{"href":"https:\/\/www.saprima.de\/de\/wp-json\/wp\/v2\/pages"}],"about":[{"href":"https:\/\/www.saprima.de\/de\/wp-json\/wp\/v2\/types\/page"}],"author":[{"embeddable":true,"href":"https:\/\/www.saprima.de\/de\/wp-json\/wp\/v2\/users\/2"}],"replies":[{"embeddable":true,"href":"https:\/\/www.saprima.de\/de\/wp-json\/wp\/v2\/comments?post=1517"}],"version-history":[{"count":20,"href":"https:\/\/www.saprima.de\/de\/wp-json\/wp\/v2\/pages\/1517\/revisions"}],"predecessor-version":[{"id":3278,"href":"https:\/\/www.saprima.de\/de\/wp-json\/wp\/v2\/pages\/1517\/revisions\/3278"}],"wp:attachment":[{"href":"https:\/\/www.saprima.de\/de\/wp-json\/wp\/v2\/media?parent=1517"}],"curies":[{"name":"wp","href":"https:\/\/api.w.org\/{rel}","templated":true}]}}