{"id":1645,"date":"2019-10-30T14:58:04","date_gmt":"2019-10-30T13:58:04","guid":{"rendered":"http:\/\/localhost:8000\/?page_id=1645"},"modified":"2020-02-13T12:55:23","modified_gmt":"2020-02-13T11:55:23","slug":"loesungen","status":"publish","type":"page","link":"https:\/\/www.saprima.de\/de\/loesungen\/","title":{"rendered":"L\u00f6sungen"},"content":{"rendered":"<div  data-label=\"About\" data-id=\"about--2\" data-export-id=\"about-9\" data-category=\"about\" class=\"about-9 content-section content-section-spacing\" id=\"about-2\" style=\"background-color: rgb(245, 250, 253);\"><div  class=\"gridContainer\"> <div  class=\"row middle-sm text-center\"><div  class=\"col-sm-5 space-bottom-xs content-column content-right-sm\" data-type=\"column\"> <h5  class=\"\" style=\"text-align: center;\">Typische Vorgehensweise bei der Einf\u00fchrung von saprima<\/h5>  <p  class=\"\" style=\"text-align: left;\">saprima Enterprise l\u00e4sst sich sehr gut auf die Anforderungen Ihres Unternehmens anpassen. Daher m\u00fcssen im ersten Schritt die Anforderungen definiert und erarbeitet werden.<br >\n\n<br >Im \u00dcberzeugungspaket sind beliebig viele Lizenzen und zus\u00e4tzlich 3 Tage Consulting enthalten. Innerhalb dieser drei Tage kann der Import Ihrer Echtdaten realisiert werden. Somit k\u00f6nnen sie sofort mit Ihren Daten saprima testen. Nach einer Testphase werden die Anforderungen \u00fcberpr\u00fcft und falls n\u00f6tig angepasst. Somit bleibt der Aufwand gering und die Kosten k\u00f6nnen exakt abgesch\u00e4tzt werden.<\/p> <\/div> <div  class=\"col-sm-7 flexbox flexbox middle-xs center-xs space-bottom-xs\"><div  class=\"overlay-box flexbox middle-xs center-xs overlay-holder \"> <div  class=\"overlay-box-offset offset-background shadow-medium bg-color2 hide-xs\"><\/div> <img decoding=\"async\"  class=\"flexbox shadow-large img1\" src=\"https:\/\/www.saprima.de\/wp-content\/uploads\/Kuchen.png\" data-size=\"600x400\" alt=\"\" title=\"Kuchen\"><\/div> <\/div><\/div> <\/div><\/div><div  data-label=\"Overlappable\" data-id=\"overlappable--2\" data-export-id=\"overlappable-3\" data-category=\"overlappable\" class=\"overlappable-3 content-section content-section-spacing\" data-overlap=\"true\" id=\"overlappable-2\" style=\"background-color: rgb(255, 255, 255);\"><div  class=\"gridContainer\"> <div  class=\"row bg-color-white shadow-medium\"><div  class=\"col-xs-12 col-sm-6 image-col first-image-col\" data-bg=\"image\" style=\"background-image: url(&quot;https:\/\/www.saprima.de\/wp-content\/uploads\/cropped-mille-sanders-Bc6qPj_f-r0-unsplash-4.jpg&quot;);\"><\/div> <div  class=\"col-xs-12 col-sm-6 content-col col-padding col-padding-xs\"> <div  class=\"col-padding\" data-type=\"column\"> <h4  class=\"\">Beispiel 1: Rollen- und Ressourcenplanung<\/h4> <p  class=\"\" style=\"text-align: left;\">Durch saprima schaffen Sie es Projekte mit Rollentypen zu planen. Vor der Durchf\u00fchrung m\u00fcssen Rollentypen auf Mitarbeiter aufgebrochen werden. Im Folgenden finden sie ein typisches Anwendungsbeispiel aus unserer Praxis\n<\/p> <a  class=\"button color5\" href=\"https:\/\/www.saprima.de\/beispiel-1-rollen-und-ressourcenplanung\" target=\"_self\" data-cp-link=\"1\" data-icon=\"\" rel=\"noopener noreferrer\">L\u00f6sungsbeispiel<\/a><\/div> <\/div><\/div> <div  class=\"row bg-color-white shadow-medium\"><div  class=\"col-xs-12 col-sm-6 content-col col-padding col-padding-xs\"> <div  class=\"col-padding\" data-type=\"column\"><h4  class=\"\">Beispiel 2: MS Excel abl\u00f6sen<\/h4> <p  class=\"\" style=\"text-align: left;\">Unsere Kunden nutzen vor der Umstellung auf saprima oft Excel f\u00fcr Ihre Ressourcenplanung. Bei gr\u00f6\u00dferen Projekte oder PPM kann dies schnell un\u00fcbersichtlich werden. Der Umgang mit Fremdsystemen in Excel ist ebenfalls schwierig<span  id=\"_mce_caret\" data-mce-bogus=\"1\" data-mce-type=\"format-caret\">. Unsere Logik besitzt die M\u00f6glichkeit Excel abzul\u00f6sen und eine umkomplizierte Anbindung von SAP oder CRM-Systemen.<\/span><\/p> <a  class=\"button color5\" href=\"\/wp-content\/uploads\/2019\/11\/Whitepaper_Excel_vs_saprima.pdf\" target=\"_blank\" data-cp-link=\"1\" data-icon=\"\" rel=\"noopener noreferrer\">L\u00f6sungsbeispiel<\/a><\/div> <\/div> <div  class=\"col-xs-12 col-sm-6 image-col second-image-col first-xs last-sm\" data-bg=\"image\" style=\"background-image: url(&quot;https:\/\/www.saprima.de\/wp-content\/uploads\/cropped-editors-keys-h63fLedowK8-unsplash-scaled-2.jpg&quot;);\"><\/div> <\/div><\/div> <\/div><div  data-label=\"Overlappable\" data-id=\"overlappable--3\" data-export-id=\"overlappable-3\" data-category=\"overlappable\" class=\"overlappable-3 content-section content-section-spacing content-relative\" data-overlap=\"true\" id=\"overlappable-3\" style=\"background-color: rgb(255, 255, 255);\"><div  class=\"gridContainer\"> <div  class=\"row bg-color-white shadow-medium\"><div  class=\"col-xs-12 col-sm-6 image-col first-image-col\" data-bg=\"image\" style=\"background-image: url(&quot;https:\/\/www.saprima.de\/wp-content\/uploads\/cropped-cropped-headway-5QgIuuBxKwM-unsplash-2.jpg&quot;);\"><\/div> <div  class=\"col-xs-12 col-sm-6 content-col col-padding col-padding-xs\"> <div  class=\"col-padding\" data-type=\"column\"> <h4  class=\"\">Beispiel 3: Projektportfoliomanagement<\/h4> <p  class=\"\" style=\"text-align: left;\">Innerhalb Unternehmen wird oft Exel f\u00fcr das Ressourcenmanagement genutzt. Sobald eine Matrixorganisation besteht oder Ressourcen auf unterschiedliche Projekte zugewiesen werden sollen, wird es meist sehr komplex.<\/p> <a  class=\"button color5\" href=\"https:\/\/www.saprima.de\/beispiel-3-projektportfoliomanagement\" target=\"_self\" data-cp-link=\"1\" data-icon=\"\" rel=\"noopener noreferrer\">L\u00f6sungsbeispiel<\/a><\/div> <\/div><\/div> <div  class=\"row bg-color-white shadow-medium\"><div  class=\"col-xs-12 col-sm-6 content-col col-padding col-padding-xs\"> <div  class=\"col-padding\" data-type=\"column\"><h4  class=\"\">Beispiel 4: Projektfortschritt mittels Dokumente ermitteln<\/h4> <p  class=\"\"><\/p> <p  class=\"\" style=\"text-align: left;\">Qualit\u00e4tsmanagement nach DIN 9001 erfordert eine genaue Steuerung von Prozessen. Diese wird durch Dokumente ermittelt. Wir unterst\u00fctzten diese Anforderungen und k\u00f6nnen diese abbilden.<\/p><a  class=\"button color5\" href=\"https:\/\/www.saprima.de\/beispiel-4-projektfortschritt-mittels-dokumente-ermitteln\" target=\"_self\" data-cp-link=\"1\" data-icon=\"\" rel=\"noopener noreferrer\">L\u00f6sungsbeispiel<\/a><\/div> <\/div> <div  class=\"col-xs-12 col-sm-6 image-col second-image-col first-xs last-sm\" data-bg=\"image\" style=\"background-image: url(&quot;https:\/\/www.saprima.de\/wp-content\/uploads\/cropped-isaac-smith-AT77Q0Njnt0-unsplash.jpg&quot;);\"><\/div> <\/div><\/div> <\/div>","protected":false},"excerpt":{"rendered":"<p>Typische Vorgehensweise bei der Einf\u00fchrung von saprima saprima Enterprise l\u00e4sst sich sehr gut auf die Anforderungen Ihres Unternehmens anpassen. Daher m\u00fcssen im ersten Schritt die Anforderungen definiert und erarbeitet werden.&hellip; <br \/> <a class=\"read-more\" href=\"https:\/\/www.saprima.de\/de\/loesungen\/\">Read more<\/a><\/p>\n","protected":false},"author":2,"featured_media":0,"parent":0,"menu_order":0,"comment_status":"closed","ping_status":"closed","template":"pro\/page-templates\/full-width-page.php","meta":{"_price":"","_stock":"","_tribe_ticket_header":"","_tribe_default_ticket_provider":"","_tribe_ticket_capacity":"0","_ticket_start_date":"","_ticket_end_date":"","_tribe_ticket_show_description":"","_tribe_ticket_show_not_going":false,"_tribe_ticket_use_global_stock":"","_tribe_ticket_global_stock_level":"","_global_stock_mode":"","_global_stock_cap":"","_tribe_rsvp_for_event":"","_tribe_ticket_going_count":"","_tribe_ticket_not_going_count":"","_tribe_tickets_list":"[]","_tribe_ticket_has_attendee_info_fields":false,"footnotes":""},"class_list":["post-1645","page","type-page","status-publish","hentry"],"yoast_head":"<!-- This site is optimized with the Yoast SEO plugin v27.3 - https:\/\/yoast.com\/product\/yoast-seo-wordpress\/ -->\n<title>L\u00f6sungen - saprima\u00ae - Compose your Success<\/title>\n<meta name=\"description\" content=\"saprima bietet die L\u00f6sung auf ihre Ressourcenknappheit. Wir erfassen ihre Anforderungen und setzen sie Schritt f\u00fcr Schritt in saprima um.\" \/>\n<meta name=\"robots\" content=\"index, follow, max-snippet:-1, max-image-preview:large, max-video-preview:-1\" \/>\n<link rel=\"canonical\" href=\"https:\/\/www.saprima.de\/de\/loesungen\/\" \/>\n<meta property=\"og:locale\" content=\"de_DE\" \/>\n<meta property=\"og:type\" content=\"article\" \/>\n<meta property=\"og:title\" content=\"L\u00f6sungen - saprima\u00ae - Compose your Success\" \/>\n<meta property=\"og:description\" content=\"saprima bietet die L\u00f6sung auf ihre Ressourcenknappheit. Wir erfassen ihre Anforderungen und setzen sie Schritt f\u00fcr Schritt in saprima um.\" \/>\n<meta property=\"og:url\" content=\"https:\/\/www.saprima.de\/de\/loesungen\/\" \/>\n<meta property=\"og:site_name\" content=\"saprima\u00ae - Compose your Success\" \/>\n<meta property=\"article:modified_time\" content=\"2020-02-13T11:55:23+00:00\" \/>\n<meta property=\"og:image\" content=\"https:\/\/www.saprima.de\/wp-content\/uploads\/Kuchen.png\" \/>\n<meta name=\"twitter:card\" content=\"summary_large_image\" \/>\n<meta name=\"twitter:site\" content=\"@saprima1\" \/>\n<meta name=\"twitter:label1\" content=\"Gesch\u00e4tzte Lesezeit\" \/>\n\t<meta name=\"twitter:data1\" content=\"1\u00a0Minute\" \/>\n<script type=\"application\/ld+json\" class=\"yoast-schema-graph\">{\"@context\":\"https:\\\/\\\/schema.org\",\"@graph\":[{\"@type\":\"WebPage\",\"@id\":\"https:\\\/\\\/www.saprima.de\\\/loesungen\\\/\",\"url\":\"https:\\\/\\\/www.saprima.de\\\/loesungen\\\/\",\"name\":\"L\u00f6sungen - saprima\u00ae - Compose your Success\",\"isPartOf\":{\"@id\":\"https:\\\/\\\/www.saprima.de\\\/de\\\/#website\"},\"primaryImageOfPage\":{\"@id\":\"https:\\\/\\\/www.saprima.de\\\/loesungen\\\/#primaryimage\"},\"image\":{\"@id\":\"https:\\\/\\\/www.saprima.de\\\/loesungen\\\/#primaryimage\"},\"thumbnailUrl\":\"https:\\\/\\\/www.saprima.de\\\/wp-content\\\/uploads\\\/Kuchen.png\",\"datePublished\":\"2019-10-30T13:58:04+00:00\",\"dateModified\":\"2020-02-13T11:55:23+00:00\",\"description\":\"saprima bietet die L\u00f6sung auf ihre Ressourcenknappheit. Wir erfassen ihre Anforderungen und setzen sie Schritt f\u00fcr Schritt in saprima um.\",\"breadcrumb\":{\"@id\":\"https:\\\/\\\/www.saprima.de\\\/loesungen\\\/#breadcrumb\"},\"inLanguage\":\"de\",\"potentialAction\":[{\"@type\":\"ReadAction\",\"target\":[\"https:\\\/\\\/www.saprima.de\\\/loesungen\\\/\"]}]},{\"@type\":\"ImageObject\",\"inLanguage\":\"de\",\"@id\":\"https:\\\/\\\/www.saprima.de\\\/loesungen\\\/#primaryimage\",\"url\":\"https:\\\/\\\/www.saprima.de\\\/wp-content\\\/uploads\\\/Kuchen.png\",\"contentUrl\":\"https:\\\/\\\/www.saprima.de\\\/wp-content\\\/uploads\\\/Kuchen.png\"},{\"@type\":\"BreadcrumbList\",\"@id\":\"https:\\\/\\\/www.saprima.de\\\/loesungen\\\/#breadcrumb\",\"itemListElement\":[{\"@type\":\"ListItem\",\"position\":1,\"name\":\"Startseite\",\"item\":\"https:\\\/\\\/www.saprima.de\\\/\"},{\"@type\":\"ListItem\",\"position\":2,\"name\":\"L\u00f6sungen\"}]},{\"@type\":\"WebSite\",\"@id\":\"https:\\\/\\\/www.saprima.de\\\/de\\\/#website\",\"url\":\"https:\\\/\\\/www.saprima.de\\\/de\\\/\",\"name\":\"saprima\u00ae\",\"description\":\"\",\"publisher\":{\"@id\":\"https:\\\/\\\/www.saprima.de\\\/de\\\/#organization\"},\"potentialAction\":[{\"@type\":\"SearchAction\",\"target\":{\"@type\":\"EntryPoint\",\"urlTemplate\":\"https:\\\/\\\/www.saprima.de\\\/de\\\/?s={search_term_string}\"},\"query-input\":{\"@type\":\"PropertyValueSpecification\",\"valueRequired\":true,\"valueName\":\"search_term_string\"}}],\"inLanguage\":\"de\"},{\"@type\":\"Organization\",\"@id\":\"https:\\\/\\\/www.saprima.de\\\/de\\\/#organization\",\"name\":\"saprima GmbH\",\"url\":\"https:\\\/\\\/www.saprima.de\\\/de\\\/\",\"logo\":{\"@type\":\"ImageObject\",\"inLanguage\":\"de\",\"@id\":\"https:\\\/\\\/www.saprima.de\\\/de\\\/#\\\/schema\\\/logo\\\/image\\\/\",\"url\":\"https:\\\/\\\/www.saprima.de\\\/wp-content\\\/uploads\\\/saprima_final_transp.png\",\"contentUrl\":\"https:\\\/\\\/www.saprima.de\\\/wp-content\\\/uploads\\\/saprima_final_transp.png\",\"width\":1468,\"height\":938,\"caption\":\"saprima GmbH\"},\"image\":{\"@id\":\"https:\\\/\\\/www.saprima.de\\\/de\\\/#\\\/schema\\\/logo\\\/image\\\/\"},\"sameAs\":[\"https:\\\/\\\/x.com\\\/saprima1\",\"https:\\\/\\\/www.youtube.com\\\/user\\\/saprima2011\"]}]}<\/script>\n<!-- \/ Yoast SEO plugin. -->","yoast_head_json":{"title":"L\u00f6sungen - saprima\u00ae - Compose your Success","description":"saprima bietet die L\u00f6sung auf ihre Ressourcenknappheit. Wir erfassen ihre Anforderungen und setzen sie Schritt f\u00fcr Schritt in saprima um.","robots":{"index":"index","follow":"follow","max-snippet":"max-snippet:-1","max-image-preview":"max-image-preview:large","max-video-preview":"max-video-preview:-1"},"canonical":"https:\/\/www.saprima.de\/de\/loesungen\/","og_locale":"de_DE","og_type":"article","og_title":"L\u00f6sungen - saprima\u00ae - Compose your Success","og_description":"saprima bietet die L\u00f6sung auf ihre Ressourcenknappheit. Wir erfassen ihre Anforderungen und setzen sie Schritt f\u00fcr Schritt in saprima um.","og_url":"https:\/\/www.saprima.de\/de\/loesungen\/","og_site_name":"saprima\u00ae - Compose your Success","article_modified_time":"2020-02-13T11:55:23+00:00","og_image":[{"url":"https:\/\/www.saprima.de\/wp-content\/uploads\/Kuchen.png","type":"","width":"","height":""}],"twitter_card":"summary_large_image","twitter_site":"@saprima1","twitter_misc":{"Gesch\u00e4tzte Lesezeit":"1\u00a0Minute"},"schema":{"@context":"https:\/\/schema.org","@graph":[{"@type":"WebPage","@id":"https:\/\/www.saprima.de\/loesungen\/","url":"https:\/\/www.saprima.de\/loesungen\/","name":"L\u00f6sungen - saprima\u00ae - Compose your Success","isPartOf":{"@id":"https:\/\/www.saprima.de\/de\/#website"},"primaryImageOfPage":{"@id":"https:\/\/www.saprima.de\/loesungen\/#primaryimage"},"image":{"@id":"https:\/\/www.saprima.de\/loesungen\/#primaryimage"},"thumbnailUrl":"https:\/\/www.saprima.de\/wp-content\/uploads\/Kuchen.png","datePublished":"2019-10-30T13:58:04+00:00","dateModified":"2020-02-13T11:55:23+00:00","description":"saprima bietet die L\u00f6sung auf ihre Ressourcenknappheit. Wir erfassen ihre Anforderungen und setzen sie Schritt f\u00fcr Schritt in saprima um.","breadcrumb":{"@id":"https:\/\/www.saprima.de\/loesungen\/#breadcrumb"},"inLanguage":"de","potentialAction":[{"@type":"ReadAction","target":["https:\/\/www.saprima.de\/loesungen\/"]}]},{"@type":"ImageObject","inLanguage":"de","@id":"https:\/\/www.saprima.de\/loesungen\/#primaryimage","url":"https:\/\/www.saprima.de\/wp-content\/uploads\/Kuchen.png","contentUrl":"https:\/\/www.saprima.de\/wp-content\/uploads\/Kuchen.png"},{"@type":"BreadcrumbList","@id":"https:\/\/www.saprima.de\/loesungen\/#breadcrumb","itemListElement":[{"@type":"ListItem","position":1,"name":"Startseite","item":"https:\/\/www.saprima.de\/"},{"@type":"ListItem","position":2,"name":"L\u00f6sungen"}]},{"@type":"WebSite","@id":"https:\/\/www.saprima.de\/de\/#website","url":"https:\/\/www.saprima.de\/de\/","name":"saprima\u00ae","description":"","publisher":{"@id":"https:\/\/www.saprima.de\/de\/#organization"},"potentialAction":[{"@type":"SearchAction","target":{"@type":"EntryPoint","urlTemplate":"https:\/\/www.saprima.de\/de\/?s={search_term_string}"},"query-input":{"@type":"PropertyValueSpecification","valueRequired":true,"valueName":"search_term_string"}}],"inLanguage":"de"},{"@type":"Organization","@id":"https:\/\/www.saprima.de\/de\/#organization","name":"saprima GmbH","url":"https:\/\/www.saprima.de\/de\/","logo":{"@type":"ImageObject","inLanguage":"de","@id":"https:\/\/www.saprima.de\/de\/#\/schema\/logo\/image\/","url":"https:\/\/www.saprima.de\/wp-content\/uploads\/saprima_final_transp.png","contentUrl":"https:\/\/www.saprima.de\/wp-content\/uploads\/saprima_final_transp.png","width":1468,"height":938,"caption":"saprima GmbH"},"image":{"@id":"https:\/\/www.saprima.de\/de\/#\/schema\/logo\/image\/"},"sameAs":["https:\/\/x.com\/saprima1","https:\/\/www.youtube.com\/user\/saprima2011"]}]}},"_links":{"self":[{"href":"https:\/\/www.saprima.de\/de\/wp-json\/wp\/v2\/pages\/1645","targetHints":{"allow":["GET"]}}],"collection":[{"href":"https:\/\/www.saprima.de\/de\/wp-json\/wp\/v2\/pages"}],"about":[{"href":"https:\/\/www.saprima.de\/de\/wp-json\/wp\/v2\/types\/page"}],"author":[{"embeddable":true,"href":"https:\/\/www.saprima.de\/de\/wp-json\/wp\/v2\/users\/2"}],"replies":[{"embeddable":true,"href":"https:\/\/www.saprima.de\/de\/wp-json\/wp\/v2\/comments?post=1645"}],"version-history":[{"count":52,"href":"https:\/\/www.saprima.de\/de\/wp-json\/wp\/v2\/pages\/1645\/revisions"}],"predecessor-version":[{"id":3370,"href":"https:\/\/www.saprima.de\/de\/wp-json\/wp\/v2\/pages\/1645\/revisions\/3370"}],"wp:attachment":[{"href":"https:\/\/www.saprima.de\/de\/wp-json\/wp\/v2\/media?parent=1645"}],"curies":[{"name":"wp","href":"https:\/\/api.w.org\/{rel}","templated":true}]}}