{"id":2345,"date":"2019-12-13T12:12:28","date_gmt":"2019-12-13T11:12:28","guid":{"rendered":"http:\/\/entwickler2:8000\/?page_id=2345"},"modified":"2020-02-13T12:56:36","modified_gmt":"2020-02-13T11:56:36","slug":"beispiel-1-rollen-und-ressourcenplanung","status":"publish","type":"page","link":"https:\/\/www.saprima.de\/de\/beispiel-1-rollen-und-ressourcenplanung\/","title":{"rendered":"Beispiel 1: Rollen- und Ressourcenplanung"},"content":{"rendered":"<p>\n<!--StartFragment--><\/p>\n\n\n<h3 class=\"wp-block-heading\"><strong>Anforderung des Kunden<\/strong><\/h3>\n\n\n\n<ul class=\"wp-block-list\"><li>Engineering Ressourcen sind knappe Ressourcen<\/li><li>Globales Unternehmen (Standorte in Europa, Asien und Amerika)<\/li><li>Bei Angeboterstellung soll die Durchf\u00fchrbarkeit der Projekte durch den Ressourcenbedarf und Fristen beurteilt werden<\/li><\/ul>\n\n\n\n<h3 class=\"wp-block-heading\">Unsere L\u00f6sung<\/h3>\n\n\n\n<ol class=\"wp-block-list\"><li>Es werden projekttypische Templates in saprima hinterlegt.<\/li><li>Zus\u00e4tzlich werden Rollen erstellt und Mitarbeitern zugewiesen. Hierdruch ist es m\u00f6glich, die Kapazit\u00e4t der Mitarbeiter und Rollen darzustellen.<\/li><li>Duch das vorher erstellte Template k\u00f6nnen die bereits gesch\u00e4tzten Aufw\u00e4nde auf Rollen zugewiesen werden.<\/li><li>Durch die Erstellung des Angebots wird der Status, der vorher auf Planung gesetzt war automatisiert auf Angebot gesetzt.<\/li><li>Ein vorher definierter Workflow erlaubt es, die Aufw\u00e4nde den Gegebenheiten des Projekts automatisiert anzupassen. Hier zeigt das Interface von saprima direkte \u00dcberlastungen der Rollen an.<\/li><li>Sobald das Projekt den Status Realisierung erh\u00e4lt, werden die zuvor zugewiesenen Rollen auf Mitarbeiter aufgebrochen.<\/li><li>Nun k\u00f6nnen Mitarbeiter ihre Ist-Aufw\u00e4nde auf das Projekt buchen<\/li><\/ol>\n\n\n\n<p>saprima kann zu jeder Zeit Auskunft \u00fcber die Realisierbarkeit des Projekts mit angegebenen Ressourcen geben. Durch unsere hinterlegte Logik ist es m\u00f6glich in Echtzeit abzusch\u00e4tzen ob es zu einem erfolgreichen Abschluss des Projekts kommen kann.<\/p>\n","protected":false},"excerpt":{"rendered":"<p>Anforderung des Kunden Engineering Ressourcen sind knappe Ressourcen Globales Unternehmen (Standorte in Europa, Asien und Amerika) Bei Angeboterstellung soll die Durchf\u00fchrbarkeit der Projekte durch den Ressourcenbedarf und Fristen beurteilt werden&hellip; <br \/> <a class=\"read-more\" href=\"https:\/\/www.saprima.de\/de\/beispiel-1-rollen-und-ressourcenplanung\/\">Read more<\/a><\/p>\n","protected":false},"author":2,"featured_media":0,"parent":0,"menu_order":0,"comment_status":"closed","ping_status":"closed","template":"","meta":{"_price":"","_stock":"","_tribe_ticket_header":"","_tribe_default_ticket_provider":"","_tribe_ticket_capacity":"0","_ticket_start_date":"","_ticket_end_date":"","_tribe_ticket_show_description":"","_tribe_ticket_show_not_going":false,"_tribe_ticket_use_global_stock":"","_tribe_ticket_global_stock_level":"","_global_stock_mode":"","_global_stock_cap":"","_tribe_rsvp_for_event":"","_tribe_ticket_going_count":"","_tribe_ticket_not_going_count":"","_tribe_tickets_list":"[]","_tribe_ticket_has_attendee_info_fields":false,"footnotes":""},"class_list":["post-2345","page","type-page","status-publish","hentry"],"yoast_head":"<!-- This site is optimized with the Yoast SEO plugin v27.4 - https:\/\/yoast.com\/product\/yoast-seo-wordpress\/ -->\n<title>Beispiel 1: Rollen- und Ressourcenplanung - saprima\u00ae - Compose your Success<\/title>\n<meta name=\"robots\" content=\"index, follow, max-snippet:-1, max-image-preview:large, max-video-preview:-1\" \/>\n<link rel=\"canonical\" href=\"https:\/\/www.saprima.de\/de\/beispiel-1-rollen-und-ressourcenplanung\/\" \/>\n<meta property=\"og:locale\" content=\"de_DE\" \/>\n<meta property=\"og:type\" content=\"article\" \/>\n<meta property=\"og:title\" content=\"Beispiel 1: Rollen- und Ressourcenplanung - saprima\u00ae - Compose your Success\" \/>\n<meta property=\"og:description\" content=\"Anforderung des Kunden Engineering Ressourcen sind knappe Ressourcen Globales Unternehmen (Standorte in Europa, Asien und Amerika) Bei Angeboterstellung soll die Durchf\u00fchrbarkeit der Projekte durch den Ressourcenbedarf und Fristen beurteilt werden&hellip; Read more\" \/>\n<meta property=\"og:url\" content=\"https:\/\/www.saprima.de\/de\/beispiel-1-rollen-und-ressourcenplanung\/\" \/>\n<meta property=\"og:site_name\" content=\"saprima\u00ae - Compose your Success\" \/>\n<meta property=\"article:modified_time\" content=\"2020-02-13T11:56:36+00:00\" \/>\n<meta name=\"twitter:card\" content=\"summary_large_image\" \/>\n<meta name=\"twitter:site\" content=\"@saprima1\" \/>\n<meta name=\"twitter:label1\" content=\"Gesch\u00e4tzte Lesezeit\" \/>\n\t<meta name=\"twitter:data1\" content=\"1\u00a0Minute\" \/>\n<script type=\"application\/ld+json\" class=\"yoast-schema-graph\">{\"@context\":\"https:\\\/\\\/schema.org\",\"@graph\":[{\"@type\":\"WebPage\",\"@id\":\"https:\\\/\\\/www.saprima.de\\\/beispiel-1-rollen-und-ressourcenplanung\\\/\",\"url\":\"https:\\\/\\\/www.saprima.de\\\/beispiel-1-rollen-und-ressourcenplanung\\\/\",\"name\":\"Beispiel 1: Rollen- und Ressourcenplanung - saprima\u00ae - Compose your Success\",\"isPartOf\":{\"@id\":\"https:\\\/\\\/www.saprima.de\\\/de\\\/#website\"},\"datePublished\":\"2019-12-13T11:12:28+00:00\",\"dateModified\":\"2020-02-13T11:56:36+00:00\",\"breadcrumb\":{\"@id\":\"https:\\\/\\\/www.saprima.de\\\/beispiel-1-rollen-und-ressourcenplanung\\\/#breadcrumb\"},\"inLanguage\":\"de\",\"potentialAction\":[{\"@type\":\"ReadAction\",\"target\":[\"https:\\\/\\\/www.saprima.de\\\/beispiel-1-rollen-und-ressourcenplanung\\\/\"]}]},{\"@type\":\"BreadcrumbList\",\"@id\":\"https:\\\/\\\/www.saprima.de\\\/beispiel-1-rollen-und-ressourcenplanung\\\/#breadcrumb\",\"itemListElement\":[{\"@type\":\"ListItem\",\"position\":1,\"name\":\"Startseite\",\"item\":\"https:\\\/\\\/www.saprima.de\\\/\"},{\"@type\":\"ListItem\",\"position\":2,\"name\":\"Beispiel 1: Rollen- und Ressourcenplanung\"}]},{\"@type\":\"WebSite\",\"@id\":\"https:\\\/\\\/www.saprima.de\\\/de\\\/#website\",\"url\":\"https:\\\/\\\/www.saprima.de\\\/de\\\/\",\"name\":\"saprima\u00ae\",\"description\":\"\",\"publisher\":{\"@id\":\"https:\\\/\\\/www.saprima.de\\\/de\\\/#organization\"},\"potentialAction\":[{\"@type\":\"SearchAction\",\"target\":{\"@type\":\"EntryPoint\",\"urlTemplate\":\"https:\\\/\\\/www.saprima.de\\\/de\\\/?s={search_term_string}\"},\"query-input\":{\"@type\":\"PropertyValueSpecification\",\"valueRequired\":true,\"valueName\":\"search_term_string\"}}],\"inLanguage\":\"de\"},{\"@type\":\"Organization\",\"@id\":\"https:\\\/\\\/www.saprima.de\\\/de\\\/#organization\",\"name\":\"saprima GmbH\",\"url\":\"https:\\\/\\\/www.saprima.de\\\/de\\\/\",\"logo\":{\"@type\":\"ImageObject\",\"inLanguage\":\"de\",\"@id\":\"https:\\\/\\\/www.saprima.de\\\/de\\\/#\\\/schema\\\/logo\\\/image\\\/\",\"url\":\"https:\\\/\\\/www.saprima.de\\\/wp-content\\\/uploads\\\/saprima_final_transp.png\",\"contentUrl\":\"https:\\\/\\\/www.saprima.de\\\/wp-content\\\/uploads\\\/saprima_final_transp.png\",\"width\":1468,\"height\":938,\"caption\":\"saprima GmbH\"},\"image\":{\"@id\":\"https:\\\/\\\/www.saprima.de\\\/de\\\/#\\\/schema\\\/logo\\\/image\\\/\"},\"sameAs\":[\"https:\\\/\\\/x.com\\\/saprima1\",\"https:\\\/\\\/www.youtube.com\\\/user\\\/saprima2011\"]}]}<\/script>\n<!-- \/ Yoast SEO plugin. -->","yoast_head_json":{"title":"Beispiel 1: Rollen- und Ressourcenplanung - saprima\u00ae - Compose your Success","robots":{"index":"index","follow":"follow","max-snippet":"max-snippet:-1","max-image-preview":"max-image-preview:large","max-video-preview":"max-video-preview:-1"},"canonical":"https:\/\/www.saprima.de\/de\/beispiel-1-rollen-und-ressourcenplanung\/","og_locale":"de_DE","og_type":"article","og_title":"Beispiel 1: Rollen- und Ressourcenplanung - saprima\u00ae - Compose your Success","og_description":"Anforderung des Kunden Engineering Ressourcen sind knappe Ressourcen Globales Unternehmen (Standorte in Europa, Asien und Amerika) Bei Angeboterstellung soll die Durchf\u00fchrbarkeit der Projekte durch den Ressourcenbedarf und Fristen beurteilt werden&hellip; Read more","og_url":"https:\/\/www.saprima.de\/de\/beispiel-1-rollen-und-ressourcenplanung\/","og_site_name":"saprima\u00ae - Compose your Success","article_modified_time":"2020-02-13T11:56:36+00:00","twitter_card":"summary_large_image","twitter_site":"@saprima1","twitter_misc":{"Gesch\u00e4tzte Lesezeit":"1\u00a0Minute"},"schema":{"@context":"https:\/\/schema.org","@graph":[{"@type":"WebPage","@id":"https:\/\/www.saprima.de\/beispiel-1-rollen-und-ressourcenplanung\/","url":"https:\/\/www.saprima.de\/beispiel-1-rollen-und-ressourcenplanung\/","name":"Beispiel 1: Rollen- und Ressourcenplanung - saprima\u00ae - Compose your Success","isPartOf":{"@id":"https:\/\/www.saprima.de\/de\/#website"},"datePublished":"2019-12-13T11:12:28+00:00","dateModified":"2020-02-13T11:56:36+00:00","breadcrumb":{"@id":"https:\/\/www.saprima.de\/beispiel-1-rollen-und-ressourcenplanung\/#breadcrumb"},"inLanguage":"de","potentialAction":[{"@type":"ReadAction","target":["https:\/\/www.saprima.de\/beispiel-1-rollen-und-ressourcenplanung\/"]}]},{"@type":"BreadcrumbList","@id":"https:\/\/www.saprima.de\/beispiel-1-rollen-und-ressourcenplanung\/#breadcrumb","itemListElement":[{"@type":"ListItem","position":1,"name":"Startseite","item":"https:\/\/www.saprima.de\/"},{"@type":"ListItem","position":2,"name":"Beispiel 1: Rollen- und Ressourcenplanung"}]},{"@type":"WebSite","@id":"https:\/\/www.saprima.de\/de\/#website","url":"https:\/\/www.saprima.de\/de\/","name":"saprima\u00ae","description":"","publisher":{"@id":"https:\/\/www.saprima.de\/de\/#organization"},"potentialAction":[{"@type":"SearchAction","target":{"@type":"EntryPoint","urlTemplate":"https:\/\/www.saprima.de\/de\/?s={search_term_string}"},"query-input":{"@type":"PropertyValueSpecification","valueRequired":true,"valueName":"search_term_string"}}],"inLanguage":"de"},{"@type":"Organization","@id":"https:\/\/www.saprima.de\/de\/#organization","name":"saprima GmbH","url":"https:\/\/www.saprima.de\/de\/","logo":{"@type":"ImageObject","inLanguage":"de","@id":"https:\/\/www.saprima.de\/de\/#\/schema\/logo\/image\/","url":"https:\/\/www.saprima.de\/wp-content\/uploads\/saprima_final_transp.png","contentUrl":"https:\/\/www.saprima.de\/wp-content\/uploads\/saprima_final_transp.png","width":1468,"height":938,"caption":"saprima GmbH"},"image":{"@id":"https:\/\/www.saprima.de\/de\/#\/schema\/logo\/image\/"},"sameAs":["https:\/\/x.com\/saprima1","https:\/\/www.youtube.com\/user\/saprima2011"]}]}},"_links":{"self":[{"href":"https:\/\/www.saprima.de\/de\/wp-json\/wp\/v2\/pages\/2345","targetHints":{"allow":["GET"]}}],"collection":[{"href":"https:\/\/www.saprima.de\/de\/wp-json\/wp\/v2\/pages"}],"about":[{"href":"https:\/\/www.saprima.de\/de\/wp-json\/wp\/v2\/types\/page"}],"author":[{"embeddable":true,"href":"https:\/\/www.saprima.de\/de\/wp-json\/wp\/v2\/users\/2"}],"replies":[{"embeddable":true,"href":"https:\/\/www.saprima.de\/de\/wp-json\/wp\/v2\/comments?post=2345"}],"version-history":[{"count":6,"href":"https:\/\/www.saprima.de\/de\/wp-json\/wp\/v2\/pages\/2345\/revisions"}],"predecessor-version":[{"id":3371,"href":"https:\/\/www.saprima.de\/de\/wp-json\/wp\/v2\/pages\/2345\/revisions\/3371"}],"wp:attachment":[{"href":"https:\/\/www.saprima.de\/de\/wp-json\/wp\/v2\/media?parent=2345"}],"curies":[{"name":"wp","href":"https:\/\/api.w.org\/{rel}","templated":true}]}}