{"id":2354,"date":"2019-12-13T12:58:03","date_gmt":"2019-12-13T11:58:03","guid":{"rendered":"http:\/\/entwickler2:8000\/?page_id=2354"},"modified":"2020-02-26T14:50:20","modified_gmt":"2020-02-26T13:50:20","slug":"beispiel-4-projektfortschritt-mittels-dokumente-ermitteln","status":"publish","type":"page","link":"https:\/\/www.saprima.de\/de\/beispiel-4-projektfortschritt-mittels-dokumente-ermitteln\/","title":{"rendered":"Beispiel 4: Projektfortschritt mittels Dokumente ermitteln"},"content":{"rendered":"\n<h3 class=\"wp-block-heading\">Anforderung des Kunden<\/h3>\n\n\n\n<ul class=\"wp-block-list\"><li>Umgang mit DIN 9001<\/li><li>Es werden Quality Gates erst erreicht, wenn die n\u00f6tigen Dokumente vorhanden sind<\/li><li>Das Terminieren mit Quality Gates von Projekten<\/li><\/ul>\n\n\n\n<h3 class=\"wp-block-heading\"><strong>Unsere L\u00f6sung<\/strong><\/h3>\n\n\n\n<ol class=\"wp-block-list\"><li>Es werden unterschiedliche Projekttemplates angelegt. Diese sind durch Unterstrukturen wie WBS, Vorg\u00e4ngen, Meilensteinen oder Quality-Gates umgesetzt.<\/li><li>Unsere Unterstrukturen werden mit Vor- und Nachfolgebeziehungen versetzt. Um so eine Struktur innerhalb der Templates zu erhalten. Somit ist der Workflow f\u00fcr die automatisierte Berechnung der Zeiten m\u00f6glich.<\/li><li>Jetzt k\u00f6nnen Projekte durch unsere Templates erstellt werden.<\/li><li>Projekte k\u00f6nnen unterschiedliche Attribute erhalten, welche frei gew\u00e4hlt werden k\u00f6nnen. Hier k\u00f6nnen beispielsweise Anforderungkataloge, Ampeln und Risiken      eingetragen werden.<\/li><li>Durch unseren Workflow werden Quality-Gates automatisch auf erreicht gesetzt, wenn alle ben\u00f6tigten Dokumente vorhanden sind.<\/li><li>Ebenfalls wird der Projektfortschritt durch Dokumente ausgegeben. Somit erh\u00e4lt man eine \u00dcbersicht \u00fcber alle noch fehlenden Dokumente.<\/li><\/ol>\n\n\n\n<p>Somit kann saprima eine \u00dcbersicht \u00fcber den Projektfortschritt einzelner, aber auch aller Projekte im Unternehmen geben. Die automatisierte \u00dcberwachung der n\u00f6tigen Dokumente ist im Umgang mit DIN 9001 essenziell und wird daher von uns unterst\u00fctzt.<\/p>\n\n\n\n<p><\/p>\n\n\n\n<p><\/p>\n","protected":false},"excerpt":{"rendered":"<p>Anforderung des Kunden Umgang mit DIN 9001 Es werden Quality Gates erst erreicht, wenn die n\u00f6tigen Dokumente vorhanden sind Das Terminieren mit Quality Gates von Projekten Unsere L\u00f6sung Es werden&hellip; <br \/> <a class=\"read-more\" href=\"https:\/\/www.saprima.de\/de\/beispiel-4-projektfortschritt-mittels-dokumente-ermitteln\/\">Read more<\/a><\/p>\n","protected":false},"author":2,"featured_media":0,"parent":0,"menu_order":0,"comment_status":"closed","ping_status":"closed","template":"","meta":{"_price":"","_stock":"","_tribe_ticket_header":"","_tribe_default_ticket_provider":"","_tribe_ticket_capacity":"0","_ticket_start_date":"","_ticket_end_date":"","_tribe_ticket_show_description":"","_tribe_ticket_show_not_going":false,"_tribe_ticket_use_global_stock":"","_tribe_ticket_global_stock_level":"","_global_stock_mode":"","_global_stock_cap":"","_tribe_rsvp_for_event":"","_tribe_ticket_going_count":"","_tribe_ticket_not_going_count":"","_tribe_tickets_list":"[]","_tribe_ticket_has_attendee_info_fields":false,"footnotes":""},"class_list":["post-2354","page","type-page","status-publish","hentry"],"yoast_head":"<!-- This site is optimized with the Yoast SEO plugin v27.5 - https:\/\/yoast.com\/product\/yoast-seo-wordpress\/ -->\n<title>Beispiel 4: Projektfortschritt mittels Dokumente ermitteln - saprima\u00ae - Compose your Success<\/title>\n<meta name=\"description\" content=\"Dokumente sind ein wichtiger Faktor in der Entwicklung von Projekten. Ebenfalls k\u00f6nnen dadruch direkt der Projektfortschritt ermittelt werden.\" \/>\n<meta name=\"robots\" content=\"index, follow, max-snippet:-1, max-image-preview:large, max-video-preview:-1\" \/>\n<link rel=\"canonical\" href=\"https:\/\/www.saprima.de\/de\/beispiel-4-projektfortschritt-mittels-dokumente-ermitteln\/\" \/>\n<meta property=\"og:locale\" content=\"de_DE\" \/>\n<meta property=\"og:type\" content=\"article\" \/>\n<meta property=\"og:title\" content=\"Beispiel 4: Projektfortschritt mittels Dokumente ermitteln - saprima\u00ae - Compose your Success\" \/>\n<meta property=\"og:description\" content=\"Dokumente sind ein wichtiger Faktor in der Entwicklung von Projekten. Ebenfalls k\u00f6nnen dadruch direkt der Projektfortschritt ermittelt werden.\" \/>\n<meta property=\"og:url\" content=\"https:\/\/www.saprima.de\/de\/beispiel-4-projektfortschritt-mittels-dokumente-ermitteln\/\" \/>\n<meta property=\"og:site_name\" content=\"saprima\u00ae - Compose your Success\" \/>\n<meta property=\"article:modified_time\" content=\"2020-02-26T13:50:20+00:00\" \/>\n<meta name=\"twitter:card\" content=\"summary_large_image\" \/>\n<meta name=\"twitter:site\" content=\"@saprima1\" \/>\n<meta name=\"twitter:label1\" content=\"Gesch\u00e4tzte Lesezeit\" \/>\n\t<meta name=\"twitter:data1\" content=\"1\u00a0Minute\" \/>\n<script type=\"application\/ld+json\" class=\"yoast-schema-graph\">{\"@context\":\"https:\\\/\\\/schema.org\",\"@graph\":[{\"@type\":\"WebPage\",\"@id\":\"https:\\\/\\\/www.saprima.de\\\/beispiel-4-projektfortschritt-mittels-dokumente-ermitteln\\\/\",\"url\":\"https:\\\/\\\/www.saprima.de\\\/beispiel-4-projektfortschritt-mittels-dokumente-ermitteln\\\/\",\"name\":\"Beispiel 4: Projektfortschritt mittels Dokumente ermitteln - saprima\u00ae - Compose your Success\",\"isPartOf\":{\"@id\":\"https:\\\/\\\/www.saprima.de\\\/de\\\/#website\"},\"datePublished\":\"2019-12-13T11:58:03+00:00\",\"dateModified\":\"2020-02-26T13:50:20+00:00\",\"description\":\"Dokumente sind ein wichtiger Faktor in der Entwicklung von Projekten. Ebenfalls k\u00f6nnen dadruch direkt der Projektfortschritt ermittelt werden.\",\"breadcrumb\":{\"@id\":\"https:\\\/\\\/www.saprima.de\\\/beispiel-4-projektfortschritt-mittels-dokumente-ermitteln\\\/#breadcrumb\"},\"inLanguage\":\"de\",\"potentialAction\":[{\"@type\":\"ReadAction\",\"target\":[\"https:\\\/\\\/www.saprima.de\\\/beispiel-4-projektfortschritt-mittels-dokumente-ermitteln\\\/\"]}]},{\"@type\":\"BreadcrumbList\",\"@id\":\"https:\\\/\\\/www.saprima.de\\\/beispiel-4-projektfortschritt-mittels-dokumente-ermitteln\\\/#breadcrumb\",\"itemListElement\":[{\"@type\":\"ListItem\",\"position\":1,\"name\":\"Startseite\",\"item\":\"https:\\\/\\\/www.saprima.de\\\/\"},{\"@type\":\"ListItem\",\"position\":2,\"name\":\"Beispiel 4: Projektfortschritt mittels Dokumente ermitteln\"}]},{\"@type\":\"WebSite\",\"@id\":\"https:\\\/\\\/www.saprima.de\\\/de\\\/#website\",\"url\":\"https:\\\/\\\/www.saprima.de\\\/de\\\/\",\"name\":\"saprima\u00ae\",\"description\":\"\",\"publisher\":{\"@id\":\"https:\\\/\\\/www.saprima.de\\\/de\\\/#organization\"},\"potentialAction\":[{\"@type\":\"SearchAction\",\"target\":{\"@type\":\"EntryPoint\",\"urlTemplate\":\"https:\\\/\\\/www.saprima.de\\\/de\\\/?s={search_term_string}\"},\"query-input\":{\"@type\":\"PropertyValueSpecification\",\"valueRequired\":true,\"valueName\":\"search_term_string\"}}],\"inLanguage\":\"de\"},{\"@type\":\"Organization\",\"@id\":\"https:\\\/\\\/www.saprima.de\\\/de\\\/#organization\",\"name\":\"saprima GmbH\",\"url\":\"https:\\\/\\\/www.saprima.de\\\/de\\\/\",\"logo\":{\"@type\":\"ImageObject\",\"inLanguage\":\"de\",\"@id\":\"https:\\\/\\\/www.saprima.de\\\/de\\\/#\\\/schema\\\/logo\\\/image\\\/\",\"url\":\"https:\\\/\\\/www.saprima.de\\\/wp-content\\\/uploads\\\/saprima_final_transp.png\",\"contentUrl\":\"https:\\\/\\\/www.saprima.de\\\/wp-content\\\/uploads\\\/saprima_final_transp.png\",\"width\":1468,\"height\":938,\"caption\":\"saprima GmbH\"},\"image\":{\"@id\":\"https:\\\/\\\/www.saprima.de\\\/de\\\/#\\\/schema\\\/logo\\\/image\\\/\"},\"sameAs\":[\"https:\\\/\\\/x.com\\\/saprima1\",\"https:\\\/\\\/www.youtube.com\\\/user\\\/saprima2011\"]}]}<\/script>\n<!-- \/ Yoast SEO plugin. -->","yoast_head_json":{"title":"Beispiel 4: Projektfortschritt mittels Dokumente ermitteln - saprima\u00ae - Compose your Success","description":"Dokumente sind ein wichtiger Faktor in der Entwicklung von Projekten. Ebenfalls k\u00f6nnen dadruch direkt der Projektfortschritt ermittelt werden.","robots":{"index":"index","follow":"follow","max-snippet":"max-snippet:-1","max-image-preview":"max-image-preview:large","max-video-preview":"max-video-preview:-1"},"canonical":"https:\/\/www.saprima.de\/de\/beispiel-4-projektfortschritt-mittels-dokumente-ermitteln\/","og_locale":"de_DE","og_type":"article","og_title":"Beispiel 4: Projektfortschritt mittels Dokumente ermitteln - saprima\u00ae - Compose your Success","og_description":"Dokumente sind ein wichtiger Faktor in der Entwicklung von Projekten. Ebenfalls k\u00f6nnen dadruch direkt der Projektfortschritt ermittelt werden.","og_url":"https:\/\/www.saprima.de\/de\/beispiel-4-projektfortschritt-mittels-dokumente-ermitteln\/","og_site_name":"saprima\u00ae - Compose your Success","article_modified_time":"2020-02-26T13:50:20+00:00","twitter_card":"summary_large_image","twitter_site":"@saprima1","twitter_misc":{"Gesch\u00e4tzte Lesezeit":"1\u00a0Minute"},"schema":{"@context":"https:\/\/schema.org","@graph":[{"@type":"WebPage","@id":"https:\/\/www.saprima.de\/beispiel-4-projektfortschritt-mittels-dokumente-ermitteln\/","url":"https:\/\/www.saprima.de\/beispiel-4-projektfortschritt-mittels-dokumente-ermitteln\/","name":"Beispiel 4: Projektfortschritt mittels Dokumente ermitteln - saprima\u00ae - Compose your Success","isPartOf":{"@id":"https:\/\/www.saprima.de\/de\/#website"},"datePublished":"2019-12-13T11:58:03+00:00","dateModified":"2020-02-26T13:50:20+00:00","description":"Dokumente sind ein wichtiger Faktor in der Entwicklung von Projekten. Ebenfalls k\u00f6nnen dadruch direkt der Projektfortschritt ermittelt werden.","breadcrumb":{"@id":"https:\/\/www.saprima.de\/beispiel-4-projektfortschritt-mittels-dokumente-ermitteln\/#breadcrumb"},"inLanguage":"de","potentialAction":[{"@type":"ReadAction","target":["https:\/\/www.saprima.de\/beispiel-4-projektfortschritt-mittels-dokumente-ermitteln\/"]}]},{"@type":"BreadcrumbList","@id":"https:\/\/www.saprima.de\/beispiel-4-projektfortschritt-mittels-dokumente-ermitteln\/#breadcrumb","itemListElement":[{"@type":"ListItem","position":1,"name":"Startseite","item":"https:\/\/www.saprima.de\/"},{"@type":"ListItem","position":2,"name":"Beispiel 4: Projektfortschritt mittels Dokumente ermitteln"}]},{"@type":"WebSite","@id":"https:\/\/www.saprima.de\/de\/#website","url":"https:\/\/www.saprima.de\/de\/","name":"saprima\u00ae","description":"","publisher":{"@id":"https:\/\/www.saprima.de\/de\/#organization"},"potentialAction":[{"@type":"SearchAction","target":{"@type":"EntryPoint","urlTemplate":"https:\/\/www.saprima.de\/de\/?s={search_term_string}"},"query-input":{"@type":"PropertyValueSpecification","valueRequired":true,"valueName":"search_term_string"}}],"inLanguage":"de"},{"@type":"Organization","@id":"https:\/\/www.saprima.de\/de\/#organization","name":"saprima GmbH","url":"https:\/\/www.saprima.de\/de\/","logo":{"@type":"ImageObject","inLanguage":"de","@id":"https:\/\/www.saprima.de\/de\/#\/schema\/logo\/image\/","url":"https:\/\/www.saprima.de\/wp-content\/uploads\/saprima_final_transp.png","contentUrl":"https:\/\/www.saprima.de\/wp-content\/uploads\/saprima_final_transp.png","width":1468,"height":938,"caption":"saprima GmbH"},"image":{"@id":"https:\/\/www.saprima.de\/de\/#\/schema\/logo\/image\/"},"sameAs":["https:\/\/x.com\/saprima1","https:\/\/www.youtube.com\/user\/saprima2011"]}]}},"_links":{"self":[{"href":"https:\/\/www.saprima.de\/de\/wp-json\/wp\/v2\/pages\/2354","targetHints":{"allow":["GET"]}}],"collection":[{"href":"https:\/\/www.saprima.de\/de\/wp-json\/wp\/v2\/pages"}],"about":[{"href":"https:\/\/www.saprima.de\/de\/wp-json\/wp\/v2\/types\/page"}],"author":[{"embeddable":true,"href":"https:\/\/www.saprima.de\/de\/wp-json\/wp\/v2\/users\/2"}],"replies":[{"embeddable":true,"href":"https:\/\/www.saprima.de\/de\/wp-json\/wp\/v2\/comments?post=2354"}],"version-history":[{"count":4,"href":"https:\/\/www.saprima.de\/de\/wp-json\/wp\/v2\/pages\/2354\/revisions"}],"predecessor-version":[{"id":3372,"href":"https:\/\/www.saprima.de\/de\/wp-json\/wp\/v2\/pages\/2354\/revisions\/3372"}],"wp:attachment":[{"href":"https:\/\/www.saprima.de\/de\/wp-json\/wp\/v2\/media?parent=2354"}],"curies":[{"name":"wp","href":"https:\/\/api.w.org\/{rel}","templated":true}]}}