{"id":12000,"date":"2022-01-26T19:13:07","date_gmt":"2022-01-26T18:13:07","guid":{"rendered":"https:\/\/www.saprima.de\/?page_id=12000"},"modified":"2024-06-20T17:27:46","modified_gmt":"2024-06-20T15:27:46","slug":"einfuehrung-von-saprima","status":"publish","type":"page","link":"https:\/\/www.saprima.de\/en\/einfuehrung-von-saprima\/","title":{"rendered":"Introduction of saprima"},"content":{"rendered":"<div  data-label=\"Content\" data-id=\"content--6\" data-export-id=\"content-12\" data-category=\"content\" class=\"content-12 content-section content-section-spacing\" id=\"content-6\" style=\"background-color: rgb(255, 255, 255); background-image: none;\"><div  class=\"gridContainer\"><div  data-section-title-area=\"true\" class=\"row text-center\">   <div  class=\"section-title-col\" data-type=\"column\">              <p  class=\"lead\" style=\"text-align: left;\"><span  style=\"font-weight: 600;\">Durch unseren dynamischen Ansatz ist eine klare Zielsetzung vor der Einf\u00fchrung von saprima hilfreich.<\/span><br ><span  style=\"font-weight: 400;\"><span  style=\"font-weight: 600;\">\r\nWelche Use-Cases in saprima sind f\u00fcr Sie zielf\u00fchrend? \r\n<\/span><br ><br >Hier werden wir mit Ihnen zusammen, anhand Ihres vorhandenen Workflows, die beste Umsetzung finden.<\/span><br ><span  style=\"font-weight: 400;\">\r\nEbenfalls muss entschieden werden, ob Sie Projekte und \/ oder Ressourcen abbilden m\u00f6chten.<\/span><br ><span  style=\"font-weight: 400;\">\r\nEs werden die Berechtigungen f\u00fcr Benutzergruppen gekl\u00e4rt \u2013 so viel wie n\u00f6tig, so wenig wie m\u00f6glich.\r\n<\/span><br ><span  style=\"font-weight: 400;\">\r\nSobald Sie mit Fremdsystemen wie SAP, Excel oder anderen ERM Systemen arbeiten, muss das f\u00fchrende System definiert werden.<\/span><br ><span  style=\"font-weight: 400;\">\r\nReporting L\u00f6sungen, aussagekr\u00e4ftige Graphen und Charts werden am Ende f\u00fcr Sie erstellt, um eine kontinuierliche \u00dcberwachung Ihrer Vorhaben zu schaffen.<\/span><\/p>   <\/div><\/div>  <div  class=\"row center-xs middle-xs\"> <div  class=\"col-sm-9\" data-type=\"column\"> <\/div> <\/div><\/div> <\/div><div  data-label=\"Content\" data-id=\"content--2\" data-export-id=\"content-8\" data-category=\"content\" class=\"content-8 content-section content-section-spacing\" id=\"content-2\" style=\"background-color: rgb(245, 250, 253);\"><div  class=\"gridContainer\"> <div  class=\"row middle-sm\"><div  class=\"col-sm-6 space-bottom-xs space-top-xs content-left-sm\" data-type=\"column\"> <img decoding=\"async\"  class=\"shadow-large\" src=\"https:\/\/www.saprima.de\/wp-content\/uploads\/einfuehrung1.png\" alt=\"\" title=\"saprima 512\"><\/div> <div  class=\"col-sm-6 content-left-sm\" data-type=\"column\">  <h2  class=\"\"><span  style=\"font-family: Open Sans, arial, helvetica, sans-serif; font-weight: 300;\">Umsetzung in saprima<\/span><\/h2><p  class=\"lead\"><span  style=\"font-weight: 600;\">Innerhalb der Umsetzung von saprima k\u00f6nnen Projekte aus Fremdsystem wie Excel, MS-Projekt, SAP oder anderen externen Quellen importiert werden. \r\n<\/span><br ><br ><span  style=\"font-weight: 400;\">Durch diese M\u00f6glichkeit, jederzeit neue Projekt \u00fcber unseren Projektimport hinzuzuf\u00fcgen, ist es auch m\u00f6glich Ist- oder Planstunden einzutragen.\r\n<\/span><span  style=\"font-weight: 400;\"><\/span><\/p><\/div> <\/div><\/div> <\/div><div  data-label=\"Content\" data-id=\"content--7\" data-export-id=\"content-7\" data-category=\"content\" class=\"content-7 content-section content-section-spacing\" id=\"content-7\" style=\"background-color: rgb(255, 255, 255);\"><div  class=\"gridContainer\"> <div  class=\"row middle-sm\"><div  class=\"col-sm-6 space-bottom-xs\" data-type=\"column\"> <h2  class=\"\"><span  style=\"font-weight: 300;\">Rollout<\/span><\/h2>  <p  class=\"lead\"><span  style=\"font-weight: 400;\">Sobald die Umsetzung der Anforderungen umgesetzt worden ist, wird saprima auf ihrem System oder innerhalb einer <span  style=\"font-weight: 600;\">DSGVO-konformen Cloud<\/span> installiert.\r\n<\/span><br ><span  style=\"font-weight: 400;\">\r\nAn dieser Stelle unterst\u00fctzen wie Sie mit User-Schulungen und den entsprechenden Einstellungen des Berechtigungssystems<\/span><\/p><h2  class=\"\"><span  style=\"font-weight: 300;\">Laufendes System<\/span><\/h2><p  class=\"lead\"><span  style=\"font-weight: 400;\">Oftmals kann es vorkommen, dass Sie als Portfolio- oder Projektmanager keine Zeit haben um sich um das laufende Software System zu k\u00fcmmern. Das Einpflegen von aktuellen Zahlen, Hinzuf\u00fcgen von neuen Mitarbeitern, Erstellen von Reports um eine klare Auswertung zu erhalten. <span  style=\"font-weight: 600;\">All das kostet Zeit und Geld.\r\n<\/span><\/span><br ><br ><span  style=\"font-weight: 400;\"><span  style=\"font-weight: 600;\">\r\nDurch die Auslagerung der Administration von Ihrem saprima k\u00f6nnen Sie sich auf Ihr Kerngesch\u00e4ft konzentrieren, wir k\u00fcmmern uns um den laufenden Betrieb! \r\n<\/span><br >\r\n<br >Somit haben Sie keinen Wissensabfall oder Kosten f\u00fcr Einarbeitungen.<\/span><\/p><\/div> <div  class=\"col-sm-6\" data-type=\"column\"> <img decoding=\"async\"  class=\"shadow-large\" src=\"https:\/\/www.saprima.de\/wp-content\/uploads\/einfuehrung2.png\"><\/div> <\/div><\/div> <\/div><div  data-label=\"Content\" data-id=\"content--9\" data-export-id=\"content-12\" data-category=\"content\" class=\"content-12 content-section content-section-spacing\" id=\"content-9\" style=\"background-color: rgb(245, 250, 253);\"><div  class=\"gridContainer\"> <div  class=\"row text-center\"><div  class=\"section-title-col\" data-type=\"column\"> <h2  class=\"\">Administration<\/h2> <p  class=\"lead\" style=\"text-align: left;\"><span  style=\"font-weight: 600;\">Die saprima Administration \u00fcbernimmt oder unterst\u00fctzt alle laufenden Aufgaben f\u00fcr Sie:<\/span><br >\r\n  <span  style=\"font-weight: 400;\">\u2013 Projekte anlegen und ggf. \u00e4ndern<\/span><br ><span  style=\"font-weight: 400;\">\r\n  \u2013 Monitoring Ihrer Projekte<\/span><br ><span  style=\"font-weight: 400;\">\r\n  \u2013 Controlling \u2013 bei nicht erfassten Stunden geben wir Ihnen bescheid<\/span><br ><span  style=\"font-weight: 400;\">\r\n  \u2013 Schulung Ihrer Mitarbeiter<\/span><br ><span  style=\"font-weight: 400;\">\r\n  \u2013 Regeln erstellen, zuweisen und ausf\u00fchren<\/span><br ><span  style=\"font-weight: 400;\">\r\n  \u2013 Layouts erstellen und anpassen<\/span><br ><span  style=\"font-weight: 400;\">\r\n  \u2013 Neue Reporting L\u00f6sungen mit Ihnen erarbeiten und umsetzen<\/span><br ><span  style=\"font-weight: 400;\">\r\n  \u2013 Benutzer, Rollen und Rechtesystem pflegen<\/span><br ><span  style=\"font-weight: 400;\">\r\n  \u2013 Installation von neuen Updates<\/span><br ><span  style=\"font-weight: 400;\">\r\n  \u2013 1st lvl Support<\/span> <br ><br ><span  style=\"font-weight: 600;\">Somit ben\u00f6tigen Sie keinen Experten im Haus, da wir die administrativen Arbeiten f\u00fcr Sie \u00fcbernehmen.<\/span><br ><span  style=\"font-weight: 600;\">\r\nAlle Aufgaben, die unsere Administration \u00fcbernommen werden, werden nach Aufwand abgerechnet.<\/span><\/p><\/div> <\/div> <div  class=\"row center-xs middle-xs\"> <div  class=\"col-sm-9\" data-type=\"column\"> <img decoding=\"async\"  class=\"shadow-large\" src=\"https:\/\/www.saprima.de\/wp-content\/uploads\/einfuehrung3.png\" alt=\"\" title=\"einfuehrung3\"><\/div> <\/div><\/div> <\/div><div  data-label=\"Cta\" data-id=\"cta--1\" data-export-id=\"cta-centered-bg-section\" data-category=\"cta\" data-section-ov=\"1\" class=\"cta-centered-bg-section content-section content-section-spacing-medium\" data-parallax-depth=\"20\" id=\"cta-1\" style=\"background-color: rgb(255, 255, 255); background-size: cover; background-position: center top; background-image: none;\"><div  class=\"gridContainer\"> <div  class=\"row text-center\"><div  data-type=\"column\" class=\"\"> <a class=\"button big force-shadow color1 white-text\" href=\"https:\/\/www.saprima.de\/en\/kontakt\/\" target=\"_self\" data-cp-link=\"1\" data-icon=\"\" rel=\"noopener noreferrer\">Sprechen Sie uns an!<\/a><h2  class=\"\"><span  style=\"font-family: Open Sans, arial, helvetica, sans-serif;\">Gerne unterst\u00fctzen wir Sie in Ihren Projekten!<\/span><\/h2> <\/div> <\/div><\/div> <\/div>","protected":false},"excerpt":{"rendered":"<p>Durch unseren dynamischen Ansatz ist eine klare Zielsetzung vor der Einf\u00fchrung von saprima hilfreich. Welche Use-Cases in saprima sind f\u00fcr Sie zielf\u00fchrend? Hier werden wir mit Ihnen zusammen, anhand Ihres&hellip; <br \/> <a class=\"read-more\" href=\"https:\/\/www.saprima.de\/en\/einfuehrung-von-saprima\/\">Read more<\/a><\/p>","protected":false},"author":2,"featured_media":0,"parent":0,"menu_order":0,"comment_status":"closed","ping_status":"closed","template":"pro\/page-templates\/full-width-page.php","meta":{"_price":"","_stock":"","_tribe_ticket_header":"","_tribe_default_ticket_provider":"","_tribe_ticket_capacity":"0","_ticket_start_date":"","_ticket_end_date":"","_tribe_ticket_show_description":"","_tribe_ticket_show_not_going":false,"_tribe_ticket_use_global_stock":"","_tribe_ticket_global_stock_level":"","_global_stock_mode":"","_global_stock_cap":"","_tribe_rsvp_for_event":"","_tribe_ticket_going_count":"","_tribe_ticket_not_going_count":"","_tribe_tickets_list":"[]","_tribe_ticket_has_attendee_info_fields":false,"footnotes":""},"class_list":["post-12000","page","type-page","status-publish","hentry"],"yoast_head":"<!-- This site is optimized with the Yoast SEO plugin v27.4 - https:\/\/yoast.com\/product\/yoast-seo-wordpress\/ -->\n<title>Einf\u00fchrung von saprima - saprima\u00ae - Compose your Success<\/title>\n<meta name=\"robots\" content=\"index, follow, max-snippet:-1, max-image-preview:large, max-video-preview:-1\" \/>\n<link rel=\"canonical\" href=\"https:\/\/www.saprima.de\/en\/einfuehrung-von-saprima\/\" \/>\n<meta property=\"og:locale\" content=\"en_GB\" \/>\n<meta property=\"og:type\" content=\"article\" \/>\n<meta property=\"og:title\" content=\"Einf\u00fchrung von saprima - saprima\u00ae - Compose your Success\" \/>\n<meta property=\"og:description\" content=\"Durch unseren dynamischen Ansatz ist eine klare Zielsetzung vor der Einf\u00fchrung von saprima hilfreich. Welche Use-Cases in saprima sind f\u00fcr Sie zielf\u00fchrend? Hier werden wir mit Ihnen zusammen, anhand Ihres&hellip; Read more\" \/>\n<meta property=\"og:url\" content=\"https:\/\/www.saprima.de\/en\/einfuehrung-von-saprima\/\" \/>\n<meta property=\"og:site_name\" content=\"saprima\u00ae - Compose your Success\" \/>\n<meta property=\"article:modified_time\" content=\"2024-06-20T15:27:46+00:00\" \/>\n<meta property=\"og:image\" content=\"https:\/\/www.saprima.de\/wp-content\/uploads\/einfuehrung1.png\" \/>\n<meta name=\"twitter:card\" content=\"summary_large_image\" \/>\n<meta name=\"twitter:site\" content=\"@saprima1\" \/>\n<meta name=\"twitter:label1\" content=\"Estimated reading time\" \/>\n\t<meta name=\"twitter:data1\" content=\"3 minutes\" \/>\n<script type=\"application\/ld+json\" class=\"yoast-schema-graph\">{\"@context\":\"https:\\\/\\\/schema.org\",\"@graph\":[{\"@type\":\"WebPage\",\"@id\":\"https:\\\/\\\/www.saprima.de\\\/einfuehrung-von-saprima\\\/\",\"url\":\"https:\\\/\\\/www.saprima.de\\\/einfuehrung-von-saprima\\\/\",\"name\":\"Einf\u00fchrung von saprima - saprima\u00ae - Compose your Success\",\"isPartOf\":{\"@id\":\"https:\\\/\\\/www.saprima.de\\\/de\\\/#website\"},\"primaryImageOfPage\":{\"@id\":\"https:\\\/\\\/www.saprima.de\\\/einfuehrung-von-saprima\\\/#primaryimage\"},\"image\":{\"@id\":\"https:\\\/\\\/www.saprima.de\\\/einfuehrung-von-saprima\\\/#primaryimage\"},\"thumbnailUrl\":\"https:\\\/\\\/www.saprima.de\\\/wp-content\\\/uploads\\\/einfuehrung1.png\",\"datePublished\":\"2022-01-26T18:13:07+00:00\",\"dateModified\":\"2024-06-20T15:27:46+00:00\",\"breadcrumb\":{\"@id\":\"https:\\\/\\\/www.saprima.de\\\/einfuehrung-von-saprima\\\/#breadcrumb\"},\"inLanguage\":\"en-GB\",\"potentialAction\":[{\"@type\":\"ReadAction\",\"target\":[\"https:\\\/\\\/www.saprima.de\\\/einfuehrung-von-saprima\\\/\"]}]},{\"@type\":\"ImageObject\",\"inLanguage\":\"en-GB\",\"@id\":\"https:\\\/\\\/www.saprima.de\\\/einfuehrung-von-saprima\\\/#primaryimage\",\"url\":\"https:\\\/\\\/www.saprima.de\\\/wp-content\\\/uploads\\\/einfuehrung1.png\",\"contentUrl\":\"https:\\\/\\\/www.saprima.de\\\/wp-content\\\/uploads\\\/einfuehrung1.png\"},{\"@type\":\"BreadcrumbList\",\"@id\":\"https:\\\/\\\/www.saprima.de\\\/einfuehrung-von-saprima\\\/#breadcrumb\",\"itemListElement\":[{\"@type\":\"ListItem\",\"position\":1,\"name\":\"Startseite\",\"item\":\"https:\\\/\\\/www.saprima.de\\\/\"},{\"@type\":\"ListItem\",\"position\":2,\"name\":\"Einf\u00fchrung von saprima\"}]},{\"@type\":\"WebSite\",\"@id\":\"https:\\\/\\\/www.saprima.de\\\/de\\\/#website\",\"url\":\"https:\\\/\\\/www.saprima.de\\\/de\\\/\",\"name\":\"saprima\u00ae\",\"description\":\"\",\"publisher\":{\"@id\":\"https:\\\/\\\/www.saprima.de\\\/de\\\/#organization\"},\"potentialAction\":[{\"@type\":\"SearchAction\",\"target\":{\"@type\":\"EntryPoint\",\"urlTemplate\":\"https:\\\/\\\/www.saprima.de\\\/de\\\/?s={search_term_string}\"},\"query-input\":{\"@type\":\"PropertyValueSpecification\",\"valueRequired\":true,\"valueName\":\"search_term_string\"}}],\"inLanguage\":\"en-GB\"},{\"@type\":\"Organization\",\"@id\":\"https:\\\/\\\/www.saprima.de\\\/de\\\/#organization\",\"name\":\"saprima GmbH\",\"url\":\"https:\\\/\\\/www.saprima.de\\\/de\\\/\",\"logo\":{\"@type\":\"ImageObject\",\"inLanguage\":\"en-GB\",\"@id\":\"https:\\\/\\\/www.saprima.de\\\/de\\\/#\\\/schema\\\/logo\\\/image\\\/\",\"url\":\"https:\\\/\\\/www.saprima.de\\\/wp-content\\\/uploads\\\/saprima_final_transp.png\",\"contentUrl\":\"https:\\\/\\\/www.saprima.de\\\/wp-content\\\/uploads\\\/saprima_final_transp.png\",\"width\":1468,\"height\":938,\"caption\":\"saprima GmbH\"},\"image\":{\"@id\":\"https:\\\/\\\/www.saprima.de\\\/de\\\/#\\\/schema\\\/logo\\\/image\\\/\"},\"sameAs\":[\"https:\\\/\\\/x.com\\\/saprima1\",\"https:\\\/\\\/www.youtube.com\\\/user\\\/saprima2011\"]}]}<\/script>\n<!-- \/ Yoast SEO plugin. -->","yoast_head_json":{"title":"Einf\u00fchrung von saprima - saprima\u00ae - Compose your Success","robots":{"index":"index","follow":"follow","max-snippet":"max-snippet:-1","max-image-preview":"max-image-preview:large","max-video-preview":"max-video-preview:-1"},"canonical":"https:\/\/www.saprima.de\/en\/einfuehrung-von-saprima\/","og_locale":"en_GB","og_type":"article","og_title":"Einf\u00fchrung von saprima - saprima\u00ae - Compose your Success","og_description":"Durch unseren dynamischen Ansatz ist eine klare Zielsetzung vor der Einf\u00fchrung von saprima hilfreich. Welche Use-Cases in saprima sind f\u00fcr Sie zielf\u00fchrend? Hier werden wir mit Ihnen zusammen, anhand Ihres&hellip; Read more","og_url":"https:\/\/www.saprima.de\/en\/einfuehrung-von-saprima\/","og_site_name":"saprima\u00ae - Compose your Success","article_modified_time":"2024-06-20T15:27:46+00:00","og_image":[{"url":"https:\/\/www.saprima.de\/wp-content\/uploads\/einfuehrung1.png","type":"","width":"","height":""}],"twitter_card":"summary_large_image","twitter_site":"@saprima1","twitter_misc":{"Estimated reading time":"3 minutes"},"schema":{"@context":"https:\/\/schema.org","@graph":[{"@type":"WebPage","@id":"https:\/\/www.saprima.de\/einfuehrung-von-saprima\/","url":"https:\/\/www.saprima.de\/einfuehrung-von-saprima\/","name":"Einf\u00fchrung von saprima - saprima\u00ae - Compose your Success","isPartOf":{"@id":"https:\/\/www.saprima.de\/de\/#website"},"primaryImageOfPage":{"@id":"https:\/\/www.saprima.de\/einfuehrung-von-saprima\/#primaryimage"},"image":{"@id":"https:\/\/www.saprima.de\/einfuehrung-von-saprima\/#primaryimage"},"thumbnailUrl":"https:\/\/www.saprima.de\/wp-content\/uploads\/einfuehrung1.png","datePublished":"2022-01-26T18:13:07+00:00","dateModified":"2024-06-20T15:27:46+00:00","breadcrumb":{"@id":"https:\/\/www.saprima.de\/einfuehrung-von-saprima\/#breadcrumb"},"inLanguage":"en-GB","potentialAction":[{"@type":"ReadAction","target":["https:\/\/www.saprima.de\/einfuehrung-von-saprima\/"]}]},{"@type":"ImageObject","inLanguage":"en-GB","@id":"https:\/\/www.saprima.de\/einfuehrung-von-saprima\/#primaryimage","url":"https:\/\/www.saprima.de\/wp-content\/uploads\/einfuehrung1.png","contentUrl":"https:\/\/www.saprima.de\/wp-content\/uploads\/einfuehrung1.png"},{"@type":"BreadcrumbList","@id":"https:\/\/www.saprima.de\/einfuehrung-von-saprima\/#breadcrumb","itemListElement":[{"@type":"ListItem","position":1,"name":"Startseite","item":"https:\/\/www.saprima.de\/"},{"@type":"ListItem","position":2,"name":"Einf\u00fchrung von saprima"}]},{"@type":"WebSite","@id":"https:\/\/www.saprima.de\/de\/#website","url":"https:\/\/www.saprima.de\/de\/","name":"saprima\u00ae","description":"","publisher":{"@id":"https:\/\/www.saprima.de\/de\/#organization"},"potentialAction":[{"@type":"SearchAction","target":{"@type":"EntryPoint","urlTemplate":"https:\/\/www.saprima.de\/de\/?s={search_term_string}"},"query-input":{"@type":"PropertyValueSpecification","valueRequired":true,"valueName":"search_term_string"}}],"inLanguage":"en-GB"},{"@type":"Organization","@id":"https:\/\/www.saprima.de\/de\/#organization","name":"saprima GmbH","url":"https:\/\/www.saprima.de\/de\/","logo":{"@type":"ImageObject","inLanguage":"en-GB","@id":"https:\/\/www.saprima.de\/de\/#\/schema\/logo\/image\/","url":"https:\/\/www.saprima.de\/wp-content\/uploads\/saprima_final_transp.png","contentUrl":"https:\/\/www.saprima.de\/wp-content\/uploads\/saprima_final_transp.png","width":1468,"height":938,"caption":"saprima GmbH"},"image":{"@id":"https:\/\/www.saprima.de\/de\/#\/schema\/logo\/image\/"},"sameAs":["https:\/\/x.com\/saprima1","https:\/\/www.youtube.com\/user\/saprima2011"]}]}},"_links":{"self":[{"href":"https:\/\/www.saprima.de\/en\/wp-json\/wp\/v2\/pages\/12000","targetHints":{"allow":["GET"]}}],"collection":[{"href":"https:\/\/www.saprima.de\/en\/wp-json\/wp\/v2\/pages"}],"about":[{"href":"https:\/\/www.saprima.de\/en\/wp-json\/wp\/v2\/types\/page"}],"author":[{"embeddable":true,"href":"https:\/\/www.saprima.de\/en\/wp-json\/wp\/v2\/users\/2"}],"replies":[{"embeddable":true,"href":"https:\/\/www.saprima.de\/en\/wp-json\/wp\/v2\/comments?post=12000"}],"version-history":[{"count":2,"href":"https:\/\/www.saprima.de\/en\/wp-json\/wp\/v2\/pages\/12000\/revisions"}],"predecessor-version":[{"id":12022,"href":"https:\/\/www.saprima.de\/en\/wp-json\/wp\/v2\/pages\/12000\/revisions\/12022"}],"wp:attachment":[{"href":"https:\/\/www.saprima.de\/en\/wp-json\/wp\/v2\/media?parent=12000"}],"curies":[{"name":"wp","href":"https:\/\/api.w.org\/{rel}","templated":true}]}}