{"id":147,"date":"2016-06-28T18:07:52","date_gmt":"2016-06-28T16:07:52","guid":{"rendered":"http:\/\/jweig.saprima.de\/?page_id=147"},"modified":"2020-02-04T11:59:51","modified_gmt":"2020-02-04T10:59:51","slug":"kundenspezifische-anpassungen","status":"publish","type":"page","link":"https:\/\/www.saprima.de\/en\/kundenspezifische-anpassungen\/","title":{"rendered":"Customer specific adaptations"},"content":{"rendered":"<div  data-label=\"About\" data-id=\"about--1\" data-export-id=\"about-image-text\" data-category=\"about\" class=\"about-image-text content-section content-section-spacing\" id=\"about-1\" style=\"background-color: rgb(255, 255, 255);\"><div  class=\"gridContainer\"> <div  class=\"row\"><div  class=\"col-sm-6 flexbox-strech center-xs middle-xs no-gutter-col\"> <div  class=\"shadow-large overlap-right-large flexbox middle-xs center-xs left-img\" data-bg=\"image\"><\/div><\/div> <div  class=\"col-sm-6 space-bottom-xs col-padding-small-xs col-sm-padding-large bg-color5 white-text content-col\" data-type=\"column\"> <h2  class=\"\">saprima\u00ae&nbsp; ist wandelbar<\/h2> <p  class=\"\">saprima\u00ae kann jeden Ihrer Prozesse abbilden. Hierf\u00fcr werden Regeln, Workflows, Reports und Usecases angelegt um Ihr Potenzial komplett auszusch\u00f6pfen.<\/p><\/div> <\/div><\/div> <\/div><div  data-label=\"About\" data-id=\"about--2\" data-export-id=\"about-text-image\" data-category=\"about\" class=\"about-text-image content-section content-section-spacing\" id=\"about-2\" style=\"background-color: rgb(245, 250, 253);\"><div  class=\"gridContainer\"> <div  class=\"row\"><div  class=\"col-sm-6 col-padding-small-xs col-sm-padding-large bg-color5 white-text content-col\" data-type=\"column\">  <h2  class=\"\">Layouts<\/h2> <p  class=\"\">Unsere Layouts sind je nach Usecase und User anpassbar. Somit sieht jeder Benutzer nur das was er wirklich braucht und schafft somit mehr \u00dcbersicht \u00fcber die eigenen Projekte\r\n<br ><br >\r\n\r\n<\/p><\/div> <div  class=\"col-sm-6 flexbox-strech center-xs middle-xs no-gutter-col\"><div  class=\"shadow-large overlap-left-large flexbox middle-xs center-xs right-img\" data-bg=\"image\" style=\"background-image: url(&quot;https:\/\/www.saprima.de\/wp-content\/uploads\/cropped-cropped-harpal-singh-_zKxPsGOGKg-unsplash-1.png&quot;);\"><\/div><\/div> <\/div><\/div> <\/div><div  data-label=\"About\" data-id=\"about--3\" data-export-id=\"about-image-text\" data-category=\"about\" class=\"about-image-text content-section content-section-spacing\" id=\"about-3\" style=\"background-color: rgb(255, 255, 255);\"><div  class=\"gridContainer\"> <div  class=\"row\"><div  class=\"col-sm-6 flexbox-strech center-xs middle-xs no-gutter-col\"> <div  class=\"shadow-large overlap-right-large flexbox middle-xs center-xs left-img\" data-bg=\"image\" style=\"background-image: url(&quot;https:\/\/www.saprima.de\/wp-content\/uploads\/cropped-cropped-markus-spiske-8OyKWQgBsKQ-unsplash-1-1.png&quot;);\"><\/div><\/div> <div  class=\"col-sm-6 space-bottom-xs col-padding-small-xs col-sm-padding-large bg-color5 white-text content-col\" data-type=\"column\"> <h2  class=\"\">Eigene BI<\/h2> <p  class=\"\">Die Nutzung eines eigenen Business Intelligence Servers erlaubt es saprima\u00ae die Berichte zu verfassen, die Sie ben\u00f6tigen.\r\n<br ><br >\r\n<\/p><\/div> <\/div><\/div> <\/div><div  data-label=\"About\" data-id=\"about--4\" data-export-id=\"about-text-image\" data-category=\"about\" class=\"about-text-image content-section content-section-spacing\" id=\"about-4\" style=\"background-color: rgb(245, 250, 253);\"><div  class=\"gridContainer\"> <div  class=\"row\"><div  class=\"col-sm-6 col-padding-small-xs col-sm-padding-large bg-color5 white-text content-col\" data-type=\"column\">  <h2  class=\"\"> Konfiguration<\/h2> <p  class=\"\">Durch unsere Webapplikation ist es m\u00f6glich von \u00fcberall Konfigurationen in saprima\u00ae zu t\u00e4tigen. Selbst Programmeigene Funktionen k\u00f6nnen ge\u00e4ndert werden und bieten somit eine freie Konfiguration auf Ihre Bed\u00fcrfnisse.<\/p><\/div> <div  class=\"col-sm-6 flexbox-strech center-xs middle-xs no-gutter-col\"><div  class=\"shadow-large overlap-left-large flexbox middle-xs center-xs right-img\" data-bg=\"image\" style=\"background-image: url(&quot;https:\/\/www.saprima.de\/wp-content\/uploads\/cropped-cropped-gears-534991_1920-1-1.png&quot;);\"><\/div><\/div> <\/div><\/div> <\/div>","protected":false},"excerpt":{"rendered":"<p>saprima\u00ae&nbsp; ist wandelbar saprima\u00ae kann jeden Ihrer Prozesse abbilden. Hierf\u00fcr werden Regeln, Workflows, Reports und Usecases angelegt um Ihr Potenzial komplett auszusch\u00f6pfen. Layouts Unsere Layouts sind je nach Usecase und&hellip; <br \/> <a class=\"read-more\" href=\"https:\/\/www.saprima.de\/en\/kundenspezifische-anpassungen\/\">Read more<\/a><\/p>","protected":false},"author":2,"featured_media":0,"parent":0,"menu_order":0,"comment_status":"closed","ping_status":"closed","template":"pro\/page-templates\/full-width-page.php","meta":{"_price":"","_stock":"","_tribe_ticket_header":"","_tribe_default_ticket_provider":"","_tribe_ticket_capacity":"0","_ticket_start_date":"","_ticket_end_date":"","_tribe_ticket_show_description":"","_tribe_ticket_show_not_going":false,"_tribe_ticket_use_global_stock":"","_tribe_ticket_global_stock_level":"","_global_stock_mode":"","_global_stock_cap":"","_tribe_rsvp_for_event":"","_tribe_ticket_going_count":"","_tribe_ticket_not_going_count":"","_tribe_tickets_list":"[]","_tribe_ticket_has_attendee_info_fields":false,"footnotes":""},"class_list":["post-147","page","type-page","status-publish","hentry"],"yoast_head":"<!-- This site is optimized with the Yoast SEO plugin v27.5 - https:\/\/yoast.com\/product\/yoast-seo-wordpress\/ -->\n<title>Kundenspezifische Anpassungen - saprima\u00ae - Compose your Success<\/title>\n<meta name=\"robots\" content=\"index, follow, max-snippet:-1, max-image-preview:large, max-video-preview:-1\" \/>\n<link rel=\"canonical\" href=\"https:\/\/www.saprima.de\/en\/kundenspezifische-anpassungen\/\" \/>\n<meta property=\"og:locale\" content=\"en_GB\" \/>\n<meta property=\"og:type\" content=\"article\" \/>\n<meta property=\"og:title\" content=\"Kundenspezifische Anpassungen - saprima\u00ae - Compose your Success\" \/>\n<meta property=\"og:description\" content=\"saprima\u00ae&nbsp; ist wandelbar saprima\u00ae kann jeden Ihrer Prozesse abbilden. Hierf\u00fcr werden Regeln, Workflows, Reports und Usecases angelegt um Ihr Potenzial komplett auszusch\u00f6pfen. Layouts Unsere Layouts sind je nach Usecase und&hellip; Read more\" \/>\n<meta property=\"og:url\" content=\"https:\/\/www.saprima.de\/en\/kundenspezifische-anpassungen\/\" \/>\n<meta property=\"og:site_name\" content=\"saprima\u00ae - Compose your Success\" \/>\n<meta property=\"article:modified_time\" content=\"2020-02-04T10:59:51+00:00\" \/>\n<meta name=\"twitter:card\" content=\"summary_large_image\" \/>\n<meta name=\"twitter:site\" content=\"@saprima1\" \/>\n<meta name=\"twitter:label1\" content=\"Estimated reading time\" \/>\n\t<meta name=\"twitter:data1\" content=\"1 minute\" \/>\n<script type=\"application\/ld+json\" class=\"yoast-schema-graph\">{\"@context\":\"https:\\\/\\\/schema.org\",\"@graph\":[{\"@type\":\"WebPage\",\"@id\":\"https:\\\/\\\/www.saprima.de\\\/kundenspezifische-anpassungen\\\/\",\"url\":\"https:\\\/\\\/www.saprima.de\\\/kundenspezifische-anpassungen\\\/\",\"name\":\"Kundenspezifische Anpassungen - saprima\u00ae - Compose your Success\",\"isPartOf\":{\"@id\":\"https:\\\/\\\/www.saprima.de\\\/de\\\/#website\"},\"datePublished\":\"2016-06-28T16:07:52+00:00\",\"dateModified\":\"2020-02-04T10:59:51+00:00\",\"breadcrumb\":{\"@id\":\"https:\\\/\\\/www.saprima.de\\\/kundenspezifische-anpassungen\\\/#breadcrumb\"},\"inLanguage\":\"en-GB\",\"potentialAction\":[{\"@type\":\"ReadAction\",\"target\":[\"https:\\\/\\\/www.saprima.de\\\/kundenspezifische-anpassungen\\\/\"]}]},{\"@type\":\"BreadcrumbList\",\"@id\":\"https:\\\/\\\/www.saprima.de\\\/kundenspezifische-anpassungen\\\/#breadcrumb\",\"itemListElement\":[{\"@type\":\"ListItem\",\"position\":1,\"name\":\"Startseite\",\"item\":\"https:\\\/\\\/www.saprima.de\\\/\"},{\"@type\":\"ListItem\",\"position\":2,\"name\":\"Kundenspezifische Anpassungen\"}]},{\"@type\":\"WebSite\",\"@id\":\"https:\\\/\\\/www.saprima.de\\\/de\\\/#website\",\"url\":\"https:\\\/\\\/www.saprima.de\\\/de\\\/\",\"name\":\"saprima\u00ae\",\"description\":\"\",\"publisher\":{\"@id\":\"https:\\\/\\\/www.saprima.de\\\/de\\\/#organization\"},\"potentialAction\":[{\"@type\":\"SearchAction\",\"target\":{\"@type\":\"EntryPoint\",\"urlTemplate\":\"https:\\\/\\\/www.saprima.de\\\/de\\\/?s={search_term_string}\"},\"query-input\":{\"@type\":\"PropertyValueSpecification\",\"valueRequired\":true,\"valueName\":\"search_term_string\"}}],\"inLanguage\":\"en-GB\"},{\"@type\":\"Organization\",\"@id\":\"https:\\\/\\\/www.saprima.de\\\/de\\\/#organization\",\"name\":\"saprima GmbH\",\"url\":\"https:\\\/\\\/www.saprima.de\\\/de\\\/\",\"logo\":{\"@type\":\"ImageObject\",\"inLanguage\":\"en-GB\",\"@id\":\"https:\\\/\\\/www.saprima.de\\\/de\\\/#\\\/schema\\\/logo\\\/image\\\/\",\"url\":\"https:\\\/\\\/www.saprima.de\\\/wp-content\\\/uploads\\\/saprima_final_transp.png\",\"contentUrl\":\"https:\\\/\\\/www.saprima.de\\\/wp-content\\\/uploads\\\/saprima_final_transp.png\",\"width\":1468,\"height\":938,\"caption\":\"saprima GmbH\"},\"image\":{\"@id\":\"https:\\\/\\\/www.saprima.de\\\/de\\\/#\\\/schema\\\/logo\\\/image\\\/\"},\"sameAs\":[\"https:\\\/\\\/x.com\\\/saprima1\",\"https:\\\/\\\/www.youtube.com\\\/user\\\/saprima2011\"]}]}<\/script>\n<!-- \/ Yoast SEO plugin. -->","yoast_head_json":{"title":"Kundenspezifische Anpassungen - saprima\u00ae - Compose your Success","robots":{"index":"index","follow":"follow","max-snippet":"max-snippet:-1","max-image-preview":"max-image-preview:large","max-video-preview":"max-video-preview:-1"},"canonical":"https:\/\/www.saprima.de\/en\/kundenspezifische-anpassungen\/","og_locale":"en_GB","og_type":"article","og_title":"Kundenspezifische Anpassungen - saprima\u00ae - Compose your Success","og_description":"saprima\u00ae&nbsp; ist wandelbar saprima\u00ae kann jeden Ihrer Prozesse abbilden. Hierf\u00fcr werden Regeln, Workflows, Reports und Usecases angelegt um Ihr Potenzial komplett auszusch\u00f6pfen. Layouts Unsere Layouts sind je nach Usecase und&hellip; Read more","og_url":"https:\/\/www.saprima.de\/en\/kundenspezifische-anpassungen\/","og_site_name":"saprima\u00ae - Compose your Success","article_modified_time":"2020-02-04T10:59:51+00:00","twitter_card":"summary_large_image","twitter_site":"@saprima1","twitter_misc":{"Estimated reading time":"1 minute"},"schema":{"@context":"https:\/\/schema.org","@graph":[{"@type":"WebPage","@id":"https:\/\/www.saprima.de\/kundenspezifische-anpassungen\/","url":"https:\/\/www.saprima.de\/kundenspezifische-anpassungen\/","name":"Kundenspezifische Anpassungen - saprima\u00ae - Compose your Success","isPartOf":{"@id":"https:\/\/www.saprima.de\/de\/#website"},"datePublished":"2016-06-28T16:07:52+00:00","dateModified":"2020-02-04T10:59:51+00:00","breadcrumb":{"@id":"https:\/\/www.saprima.de\/kundenspezifische-anpassungen\/#breadcrumb"},"inLanguage":"en-GB","potentialAction":[{"@type":"ReadAction","target":["https:\/\/www.saprima.de\/kundenspezifische-anpassungen\/"]}]},{"@type":"BreadcrumbList","@id":"https:\/\/www.saprima.de\/kundenspezifische-anpassungen\/#breadcrumb","itemListElement":[{"@type":"ListItem","position":1,"name":"Startseite","item":"https:\/\/www.saprima.de\/"},{"@type":"ListItem","position":2,"name":"Kundenspezifische Anpassungen"}]},{"@type":"WebSite","@id":"https:\/\/www.saprima.de\/de\/#website","url":"https:\/\/www.saprima.de\/de\/","name":"saprima\u00ae","description":"","publisher":{"@id":"https:\/\/www.saprima.de\/de\/#organization"},"potentialAction":[{"@type":"SearchAction","target":{"@type":"EntryPoint","urlTemplate":"https:\/\/www.saprima.de\/de\/?s={search_term_string}"},"query-input":{"@type":"PropertyValueSpecification","valueRequired":true,"valueName":"search_term_string"}}],"inLanguage":"en-GB"},{"@type":"Organization","@id":"https:\/\/www.saprima.de\/de\/#organization","name":"saprima GmbH","url":"https:\/\/www.saprima.de\/de\/","logo":{"@type":"ImageObject","inLanguage":"en-GB","@id":"https:\/\/www.saprima.de\/de\/#\/schema\/logo\/image\/","url":"https:\/\/www.saprima.de\/wp-content\/uploads\/saprima_final_transp.png","contentUrl":"https:\/\/www.saprima.de\/wp-content\/uploads\/saprima_final_transp.png","width":1468,"height":938,"caption":"saprima GmbH"},"image":{"@id":"https:\/\/www.saprima.de\/de\/#\/schema\/logo\/image\/"},"sameAs":["https:\/\/x.com\/saprima1","https:\/\/www.youtube.com\/user\/saprima2011"]}]}},"_links":{"self":[{"href":"https:\/\/www.saprima.de\/en\/wp-json\/wp\/v2\/pages\/147","targetHints":{"allow":["GET"]}}],"collection":[{"href":"https:\/\/www.saprima.de\/en\/wp-json\/wp\/v2\/pages"}],"about":[{"href":"https:\/\/www.saprima.de\/en\/wp-json\/wp\/v2\/types\/page"}],"author":[{"embeddable":true,"href":"https:\/\/www.saprima.de\/en\/wp-json\/wp\/v2\/users\/2"}],"replies":[{"embeddable":true,"href":"https:\/\/www.saprima.de\/en\/wp-json\/wp\/v2\/comments?post=147"}],"version-history":[{"count":14,"href":"https:\/\/www.saprima.de\/en\/wp-json\/wp\/v2\/pages\/147\/revisions"}],"predecessor-version":[{"id":2143,"href":"https:\/\/www.saprima.de\/en\/wp-json\/wp\/v2\/pages\/147\/revisions\/2143"}],"wp:attachment":[{"href":"https:\/\/www.saprima.de\/en\/wp-json\/wp\/v2\/media?parent=147"}],"curies":[{"name":"wp","href":"https:\/\/api.w.org\/{rel}","templated":true}]}}