{"id":1986,"date":"2019-11-22T09:20:08","date_gmt":"2019-11-22T08:20:08","guid":{"rendered":"http:\/\/entwickler2:8000\/?page_id=1986"},"modified":"2020-02-13T12:09:42","modified_gmt":"2020-02-13T11:09:42","slug":"programmierleistung","status":"publish","type":"page","link":"https:\/\/www.saprima.de\/en\/programmierleistung\/","title":{"rendered":"Programming"},"content":{"rendered":"<div  data-label=\"Overlappable\" data-id=\"overlappable--1\" data-export-id=\"overlappable-2\" data-category=\"overlappable\" class=\"overlappable-2 content-section content-section-spacing\" data-overlap=\"true\" id=\"overlappable-1\" style=\"background-color: rgb(255, 255, 255);\"><div  class=\"gridContainer\"> <div  class=\"row middle-sm shadow-medium bg-color-white\"><div  class=\"col-xs-12 col-sm-4 top-sm col-padding col-padding-xs\" data-type=\"column\"> <h3  class=\"font-300\">Wir sind f\u00fcr Sie da<\/h3>  <a  class=\"button y-move big color1\" href=\"https:\/\/www.saprima.de\/en\/programmierleistung-kontakt\/\" target=\"lightbox\" data-cp-link=\"1\" data-icon=\"\">Anfrage stellen<\/a><\/div> <div  class=\"col-xs-12 col-sm-8\"><div  data-type=\"row\" class=\"row\"> <div  class=\"col-xs-12 col-sm-6 col-padding col-padding-small-xs\"><i  class=\"fa icon bordered round fa-paper-plane color1\"><\/i> <h5  class=\"\">Webanwendungen<\/h5> <p  class=\"\">Von PaaS bis hin zu Webshops bieten wir Ihnen die M\u00f6glichkeit der Umsetzung Ihrer Projekte.<\/p><\/div> <div  class=\"col-xs-12 col-sm-6 col-padding col-padding-small-xs\"><i  class=\"fa icon bordered round fa-forumbee color1\"><\/i> <h5  class=\"\">Java Programming<\/h5> <p  class=\"\">Durch 20 Jahre Erfahrung k\u00f6nnen wir komplexe Enwicklungsprojekte im Java Umfeld l\u00f6sen.<\/p><\/div> <div  class=\"col-xs-12 col-sm-6 col-padding col-padding-small-xs\"><i  class=\"fa icon bordered round fa-cubes color1\"><\/i> <h5  class=\"\">Mobile Applikationen<\/h5> <p  class=\"\">Programmierung von mobilen multiplattform Applikationen f\u00fcr Android und iOS.<\/p><\/div> <div  class=\"col-xs-12 col-sm-6 col-padding col-padding-small-xs\"> <i  class=\"fa icon bordered round fa-forumbee color1\"><\/i> <h5  class=\"\">Datenbankanwendungen<\/h5> <p  class=\"\">Ob SQL, Postgres oder Oracle, wir entwickeln und pflegen Ihre Datenbankanwendung weiter.<\/p><\/div> <\/div><\/div> <\/div><\/div> <\/div>","protected":false},"excerpt":{"rendered":"<p>Wir sind f\u00fcr Sie da Anfrage stellen Webanwendungen Von PaaS bis hin zu Webshops bieten wir Ihnen die M\u00f6glichkeit der Umsetzung Ihrer Projekte. Java Programming Durch 20 Jahre Erfahrung k\u00f6nnen&hellip; <br \/> <a class=\"read-more\" href=\"https:\/\/www.saprima.de\/en\/programmierleistung\/\">Read more<\/a><\/p>","protected":false},"author":2,"featured_media":0,"parent":0,"menu_order":0,"comment_status":"closed","ping_status":"closed","template":"pro\/page-templates\/full-width-page.php","meta":{"_price":"","_stock":"","_tribe_ticket_header":"","_tribe_default_ticket_provider":"","_tribe_ticket_capacity":"0","_ticket_start_date":"","_ticket_end_date":"","_tribe_ticket_show_description":"","_tribe_ticket_show_not_going":false,"_tribe_ticket_use_global_stock":"","_tribe_ticket_global_stock_level":"","_global_stock_mode":"","_global_stock_cap":"","_tribe_rsvp_for_event":"","_tribe_ticket_going_count":"","_tribe_ticket_not_going_count":"","_tribe_tickets_list":"[]","_tribe_ticket_has_attendee_info_fields":false,"footnotes":""},"class_list":["post-1986","page","type-page","status-publish","hentry"],"yoast_head":"<!-- This site is optimized with the Yoast SEO plugin v27.4 - https:\/\/yoast.com\/product\/yoast-seo-wordpress\/ -->\n<title>Programmierleistung - saprima\u00ae - Compose your Success<\/title>\n<meta name=\"robots\" content=\"index, follow, max-snippet:-1, max-image-preview:large, max-video-preview:-1\" \/>\n<link rel=\"canonical\" href=\"https:\/\/www.saprima.de\/en\/programmierleistung\/\" \/>\n<meta property=\"og:locale\" content=\"en_GB\" \/>\n<meta property=\"og:type\" content=\"article\" \/>\n<meta property=\"og:title\" content=\"Programmierleistung - saprima\u00ae - Compose your Success\" \/>\n<meta property=\"og:description\" content=\"Wir sind f\u00fcr Sie da Anfrage stellen Webanwendungen Von PaaS bis hin zu Webshops bieten wir Ihnen die M\u00f6glichkeit der Umsetzung Ihrer Projekte. Java Programming Durch 20 Jahre Erfahrung k\u00f6nnen&hellip; Read more\" \/>\n<meta property=\"og:url\" content=\"https:\/\/www.saprima.de\/en\/programmierleistung\/\" \/>\n<meta property=\"og:site_name\" content=\"saprima\u00ae - Compose your Success\" \/>\n<meta property=\"article:modified_time\" content=\"2020-02-13T11:09:42+00:00\" \/>\n<meta name=\"twitter:card\" content=\"summary_large_image\" \/>\n<meta name=\"twitter:site\" content=\"@saprima1\" \/>\n<script type=\"application\/ld+json\" class=\"yoast-schema-graph\">{\"@context\":\"https:\\\/\\\/schema.org\",\"@graph\":[{\"@type\":\"WebPage\",\"@id\":\"https:\\\/\\\/www.saprima.de\\\/programmierleistung\\\/\",\"url\":\"https:\\\/\\\/www.saprima.de\\\/programmierleistung\\\/\",\"name\":\"Programmierleistung - saprima\u00ae - Compose your Success\",\"isPartOf\":{\"@id\":\"https:\\\/\\\/www.saprima.de\\\/de\\\/#website\"},\"datePublished\":\"2019-11-22T08:20:08+00:00\",\"dateModified\":\"2020-02-13T11:09:42+00:00\",\"breadcrumb\":{\"@id\":\"https:\\\/\\\/www.saprima.de\\\/programmierleistung\\\/#breadcrumb\"},\"inLanguage\":\"en-GB\",\"potentialAction\":[{\"@type\":\"ReadAction\",\"target\":[\"https:\\\/\\\/www.saprima.de\\\/programmierleistung\\\/\"]}]},{\"@type\":\"BreadcrumbList\",\"@id\":\"https:\\\/\\\/www.saprima.de\\\/programmierleistung\\\/#breadcrumb\",\"itemListElement\":[{\"@type\":\"ListItem\",\"position\":1,\"name\":\"Startseite\",\"item\":\"https:\\\/\\\/www.saprima.de\\\/\"},{\"@type\":\"ListItem\",\"position\":2,\"name\":\"Programmierleistung\"}]},{\"@type\":\"WebSite\",\"@id\":\"https:\\\/\\\/www.saprima.de\\\/de\\\/#website\",\"url\":\"https:\\\/\\\/www.saprima.de\\\/de\\\/\",\"name\":\"saprima\u00ae\",\"description\":\"\",\"publisher\":{\"@id\":\"https:\\\/\\\/www.saprima.de\\\/de\\\/#organization\"},\"potentialAction\":[{\"@type\":\"SearchAction\",\"target\":{\"@type\":\"EntryPoint\",\"urlTemplate\":\"https:\\\/\\\/www.saprima.de\\\/de\\\/?s={search_term_string}\"},\"query-input\":{\"@type\":\"PropertyValueSpecification\",\"valueRequired\":true,\"valueName\":\"search_term_string\"}}],\"inLanguage\":\"en-GB\"},{\"@type\":\"Organization\",\"@id\":\"https:\\\/\\\/www.saprima.de\\\/de\\\/#organization\",\"name\":\"saprima GmbH\",\"url\":\"https:\\\/\\\/www.saprima.de\\\/de\\\/\",\"logo\":{\"@type\":\"ImageObject\",\"inLanguage\":\"en-GB\",\"@id\":\"https:\\\/\\\/www.saprima.de\\\/de\\\/#\\\/schema\\\/logo\\\/image\\\/\",\"url\":\"https:\\\/\\\/www.saprima.de\\\/wp-content\\\/uploads\\\/saprima_final_transp.png\",\"contentUrl\":\"https:\\\/\\\/www.saprima.de\\\/wp-content\\\/uploads\\\/saprima_final_transp.png\",\"width\":1468,\"height\":938,\"caption\":\"saprima GmbH\"},\"image\":{\"@id\":\"https:\\\/\\\/www.saprima.de\\\/de\\\/#\\\/schema\\\/logo\\\/image\\\/\"},\"sameAs\":[\"https:\\\/\\\/x.com\\\/saprima1\",\"https:\\\/\\\/www.youtube.com\\\/user\\\/saprima2011\"]}]}<\/script>\n<!-- \/ Yoast SEO plugin. -->","yoast_head_json":{"title":"Programmierleistung - saprima\u00ae - Compose your Success","robots":{"index":"index","follow":"follow","max-snippet":"max-snippet:-1","max-image-preview":"max-image-preview:large","max-video-preview":"max-video-preview:-1"},"canonical":"https:\/\/www.saprima.de\/en\/programmierleistung\/","og_locale":"en_GB","og_type":"article","og_title":"Programmierleistung - saprima\u00ae - Compose your Success","og_description":"Wir sind f\u00fcr Sie da Anfrage stellen Webanwendungen Von PaaS bis hin zu Webshops bieten wir Ihnen die M\u00f6glichkeit der Umsetzung Ihrer Projekte. Java Programming Durch 20 Jahre Erfahrung k\u00f6nnen&hellip; Read more","og_url":"https:\/\/www.saprima.de\/en\/programmierleistung\/","og_site_name":"saprima\u00ae - Compose your Success","article_modified_time":"2020-02-13T11:09:42+00:00","twitter_card":"summary_large_image","twitter_site":"@saprima1","schema":{"@context":"https:\/\/schema.org","@graph":[{"@type":"WebPage","@id":"https:\/\/www.saprima.de\/programmierleistung\/","url":"https:\/\/www.saprima.de\/programmierleistung\/","name":"Programmierleistung - saprima\u00ae - Compose your Success","isPartOf":{"@id":"https:\/\/www.saprima.de\/de\/#website"},"datePublished":"2019-11-22T08:20:08+00:00","dateModified":"2020-02-13T11:09:42+00:00","breadcrumb":{"@id":"https:\/\/www.saprima.de\/programmierleistung\/#breadcrumb"},"inLanguage":"en-GB","potentialAction":[{"@type":"ReadAction","target":["https:\/\/www.saprima.de\/programmierleistung\/"]}]},{"@type":"BreadcrumbList","@id":"https:\/\/www.saprima.de\/programmierleistung\/#breadcrumb","itemListElement":[{"@type":"ListItem","position":1,"name":"Startseite","item":"https:\/\/www.saprima.de\/"},{"@type":"ListItem","position":2,"name":"Programmierleistung"}]},{"@type":"WebSite","@id":"https:\/\/www.saprima.de\/de\/#website","url":"https:\/\/www.saprima.de\/de\/","name":"saprima\u00ae","description":"","publisher":{"@id":"https:\/\/www.saprima.de\/de\/#organization"},"potentialAction":[{"@type":"SearchAction","target":{"@type":"EntryPoint","urlTemplate":"https:\/\/www.saprima.de\/de\/?s={search_term_string}"},"query-input":{"@type":"PropertyValueSpecification","valueRequired":true,"valueName":"search_term_string"}}],"inLanguage":"en-GB"},{"@type":"Organization","@id":"https:\/\/www.saprima.de\/de\/#organization","name":"saprima GmbH","url":"https:\/\/www.saprima.de\/de\/","logo":{"@type":"ImageObject","inLanguage":"en-GB","@id":"https:\/\/www.saprima.de\/de\/#\/schema\/logo\/image\/","url":"https:\/\/www.saprima.de\/wp-content\/uploads\/saprima_final_transp.png","contentUrl":"https:\/\/www.saprima.de\/wp-content\/uploads\/saprima_final_transp.png","width":1468,"height":938,"caption":"saprima GmbH"},"image":{"@id":"https:\/\/www.saprima.de\/de\/#\/schema\/logo\/image\/"},"sameAs":["https:\/\/x.com\/saprima1","https:\/\/www.youtube.com\/user\/saprima2011"]}]}},"_links":{"self":[{"href":"https:\/\/www.saprima.de\/en\/wp-json\/wp\/v2\/pages\/1986","targetHints":{"allow":["GET"]}}],"collection":[{"href":"https:\/\/www.saprima.de\/en\/wp-json\/wp\/v2\/pages"}],"about":[{"href":"https:\/\/www.saprima.de\/en\/wp-json\/wp\/v2\/types\/page"}],"author":[{"embeddable":true,"href":"https:\/\/www.saprima.de\/en\/wp-json\/wp\/v2\/users\/2"}],"replies":[{"embeddable":true,"href":"https:\/\/www.saprima.de\/en\/wp-json\/wp\/v2\/comments?post=1986"}],"version-history":[{"count":9,"href":"https:\/\/www.saprima.de\/en\/wp-json\/wp\/v2\/pages\/1986\/revisions"}],"predecessor-version":[{"id":3351,"href":"https:\/\/www.saprima.de\/en\/wp-json\/wp\/v2\/pages\/1986\/revisions\/3351"}],"wp:attachment":[{"href":"https:\/\/www.saprima.de\/en\/wp-json\/wp\/v2\/media?parent=1986"}],"curies":[{"name":"wp","href":"https:\/\/api.w.org\/{rel}","templated":true}]}}