{"id":20856,"date":"2024-01-09T14:04:17","date_gmt":"2024-01-09T13:04:17","guid":{"rendered":"https:\/\/www.saprima.de\/?page_id=20856"},"modified":"2025-05-26T13:36:29","modified_gmt":"2025-05-26T11:36:29","slug":"planmanagement","status":"publish","type":"page","link":"https:\/\/www.saprima.de\/en\/planmanagement\/","title":{"rendered":"Plan Document Management"},"content":{"rendered":"<div  data-label=\"Content\" data-id=\"content--1\" data-export-id=\"content-12\" data-category=\"content\" class=\"content-12 content-section content-section-spacing\" id=\"content-1\" style=\"background-color: rgb(255, 255, 255);\"><div  class=\"gridContainer\"> <div  class=\"row text-center\"><div  class=\"section-title-col\" data-type=\"column\">  <p  class=\"lead\">Browserl\u00f6sung und App f\u00fcr Mobilger\u00e4te<br >\r\nBauherren, Projektsteuerer, Planer und alle<br >\r\nam Bau Beteiligten<\/p><\/div> <\/div> <div  class=\"row center-xs middle-xs\"> <div  class=\"col-sm-9\" data-type=\"column\"> <a data-cp-link=\"1\" href=\"#\" class=\"\" target=\"_self\" rel=\"noopener\"><img  decoding=\"async\" class=\"shadow-large\" src=\"https:\/\/www.saprima.de\/wp-content\/uploads\/Planmanagement_gesamt_1-1.png\"><\/a><\/div> <\/div><\/div> <\/div><div  data-label=\"Features\" data-id=\"features--1\" data-export-id=\"features-5\" data-category=\"features\" class=\"features-5 content-section-spacing\" id=\"features-1\" style=\"background-color: rgb(255, 255, 255);\"><div  class=\"gridContainer\"> <div  class=\"row text-center\"><div  class=\"section-title-col\" data-type=\"column\"> <h2  class=\"\">Features<\/h2> <p  class=\"lead\">Das OfficeWare Planmanagement steht f\u00fcr eine leichte und sichere Verwaltung der Pl\u00e4ne (und anderer Daten) im gesamten Projektablauf. Im Zeitalter der Digitalisierung ist ein digitales Planmanagement nicht nur unumg\u00e4nglich, sondern bringt auch eine Reihe von Vorteilen mit sich. <\/p><\/div> <\/div> <div  class=\"row text-center\" data-type=\"row\"> <div  class=\"col-xs-12 col-sm-4 col-md-4 col-padding-small\"> <div  class=\"number-container\"> <div  class=\"link-line left bg-color1\"><\/div> <p  class=\"number border-color1 color1\"><span >1<\/span><\/p> <div  class=\"link-line right bg-color1\"><\/div><\/div> <div  data-type=\"column\" class=\"\"><h5  class=\"\">Beschleunigung<\/h5> <p  class=\"text-center\">der Workflows mit<br >\r\nautomatischer Erinnerung<\/p><\/div> <\/div> <div  class=\"col-xs-12 col-sm-4 col-md-4 col-padding-small\"> <div  class=\"number-container\"> <div  class=\"link-line left bg-color1\"><\/div> <p  class=\"number border-color1 color1\"><span >2<\/span><\/p> <div  class=\"link-line right bg-color1\"><\/div><\/div> <div  data-type=\"column\" class=\"\"><h5  class=\"\">Transparenz<\/h5> <p  class=\"text-center\">in den Abl\u00e4ufen<\/p><\/div><\/div> <div  class=\"col-xs-12 col-sm-4 col-md-4 col-padding-small\"><div  class=\"number-container\"> <div  class=\"link-line left bg-color1\"><\/div> <p  class=\"number border-color1 color1\"><span >3<\/span><\/p> <div  class=\"link-line right bg-color1\"><\/div><\/div> <div  data-type=\"column\" class=\"\"><h5  class=\"\">Aktualit\u00e4t<\/h5> <p  class=\"text-center\">in allen Phasen<br >\r\nder Bauausf\u00fchrung<\/p><\/div> <\/div><div  class=\"col-xs-12 col-sm-4 col-md-4 col-padding-small\"> <div  class=\"number-container\"> <div  class=\"link-line left bg-color1\"><\/div> <p  class=\"number border-color1 color1\"><span >4<\/span><\/p> <div  class=\"link-line right bg-color1\"><\/div><\/div> <div  data-type=\"column\" class=\"\"><h5  class=\"\">Zentrale Datenverwaltung<\/h5> <p  class=\"text-center\">Online- und Offlinezugriff<br >\r\nauf die Datenbank von<br >\r\n\u00fcberall m\u00f6glich. Incl. Versionsverwaltung<\/p><\/div> <\/div><div  class=\"col-xs-12 col-sm-4 col-md-4 col-padding-small\"> <div  class=\"number-container\"> <div  class=\"link-line left bg-color1\"><\/div> <p  class=\"number border-color1 color1\"><span >5<\/span><\/p> <div  class=\"link-line right bg-color1\"><\/div><\/div> <div  data-type=\"column\" class=\"\"><h5  class=\"\">Nach Abschluss des Projektes<\/h5> <p  class=\"text-center\">stehen alle Pl\u00e4ne unter Ber\u00fccksichtigung<br >\r\nder rechtlichen<br >\r\nVorgaben im Sinne des Datenschutzes<br >\r\ndigital zur Verf\u00fcgung<\/p><\/div> <\/div><div  class=\"col-xs-12 col-sm-4 col-md-4 col-padding-small\"> <div  class=\"number-container\"> <div  class=\"link-line left bg-color1\"><\/div> <p  class=\"number border-color1 color1\"><span >6<\/span><\/p> <div  class=\"link-line right bg-color1\"><\/div><\/div> <div  data-type=\"column\" class=\"\"><h5  class=\"\">Suche und Planlistengenerierung<\/h5> <p  class=\"text-center\">\u00fcber Filterfunktionen<\/p><\/div> <\/div><div  class=\"col-xs-12 col-sm-4 col-md-4 col-padding-small\"> <div  class=\"number-container\"> <div  class=\"link-line left bg-color1\"><\/div> <p  class=\"number border-color1 color1\"><span >7<\/span><\/p> <div  class=\"link-line right bg-color1\"><\/div><\/div> <div  data-type=\"column\" class=\"\"><h5  class=\"\">Gepr\u00fcfte Unterlagen<\/h5> <p  class=\"text-center\">sind<br >\r\nfr\u00fchzeitig digital auf der<br >\r\nBaustelle verf\u00fcgbar<\/p><\/div> <\/div><div  class=\"col-xs-12 col-sm-4 col-md-4 col-padding-small\"> <div  class=\"number-container\"> <div  class=\"link-line left bg-color1\"><\/div> <p  class=\"number border-color1 color1\"><span >8<\/span><\/p> <div  class=\"link-line right bg-color1\"><\/div><\/div> <div  data-type=\"column\" class=\"\"><h5  class=\"\">Einbeziehung der Pr\u00fcfl\u00e4ufe<\/h5> <p  class=\"text-center\">von intern und extern, zwischen<br >\r\nPr\u00fcfern, Planern, ausf\u00fchrenden<br >\r\nFirmen und Dritten<\/p><\/div> <\/div><div  class=\"col-xs-12 col-sm-4 col-md-4 col-padding-small\"> <div  class=\"number-container\"> <div  class=\"link-line left bg-color1\"><\/div> <p  class=\"number border-color1 color1\"><span >9<\/span><\/p> <div  class=\"link-line right bg-color1\"><\/div><\/div> <div  data-type=\"column\" class=\"\"><h5  class=\"\">Automatische Konfiguration<\/h5> <p  class=\"text-center\">auf Basis der frei w\u00e4hlbaren<br >\r\nPlannummer<\/p><\/div> <\/div><div  class=\"col-xs-12 col-sm-4 col-md-4 col-padding-small\"> <div  class=\"number-container\"> <div  class=\"link-line left bg-color1\"><\/div> <p  class=\"number border-color1 color1\"><span >10<\/span><\/p> <div  class=\"link-line right bg-color1\"><\/div><\/div> <div  data-type=\"column\" class=\"\"><h5  class=\"\">saprima Technologie<\/h5> <p  class=\"text-center\">komplette saprima Projektfunktionalit\u00e4t nutzbar.\r\n<br >(GANTT, KnaBan, Ressourcemanagement, Plantafel\u2026)<\/p><\/div> <\/div><div  class=\"col-xs-12 col-sm-4 col-md-4 col-padding-small\"> <div  class=\"number-container\"> <div  class=\"link-line left bg-color1\"><\/div> <p  class=\"number border-color1 color1\"><span >12<\/span><\/p> <div  class=\"link-line right bg-color1\"><\/div><\/div> <div  data-type=\"column\" class=\"\"><h5  class=\"\">Schnittstelle zu OfficeWare<\/h5> <p  class=\"text-center\">OPTIONAL: direkte Schnittstelle<br >\r\nzum Managementsystem<br >\r\nOfficeWare Projekt<\/p><\/div> <\/div><div  class=\"col-xs-12 col-sm-4 col-md-4 col-padding-small\"> <div  class=\"number-container\"> <div  class=\"link-line left bg-color1\"><\/div> <p  class=\"number border-color1 color1\"><span >13<\/span><\/p> <div  class=\"link-line right bg-color1\"><\/div><\/div> <div  data-type=\"column\" class=\"\"><h5  class=\"\">Browser oder APP<\/h5> <p  class=\"text-center\">f\u00fcr PC und mobile Ger\u00e4te verf\u00fcgbar. Pl\u00e4ne OffLine auf der Baustelle in der APP<\/p><\/div> <\/div><\/div> <\/div><\/div><div  data-label=\"Content\" data-id=\"content--2\" data-export-id=\"content-7\" data-category=\"content\" class=\"content-7 content-section content-section-spacing\" id=\"content-2\" style=\"background-color: rgb(245, 250, 253);\"><div  class=\"gridContainer\"> <div  class=\"row middle-sm\"><div  class=\"col-sm-6 space-bottom-xs\" data-type=\"column\"> <h2  class=\"\">Plan Document Management<\/h2> <p  class=\"\">\u2026 die Dokumenten-Austausch-Plattform zwischen Bauherr, Projektsteuerer,&nbsp; Beh\u00f6rde, Planer, Gutachter und Baustelle Beschleunigung und Transparenz im Projektablauf<\/p> <\/div> <div  class=\"col-sm-6\" data-type=\"column\"> <img  decoding=\"async\" class=\"shadow-large\" src=\"https:\/\/www.saprima.de\/wp-content\/uploads\/cropped-cropped-cropped-Planmanagement_1-1.jpg\" title=\"cropped-cropped-cropped-Planmanagement_1-1.jpg\" alt=\"\"><\/div> <\/div><\/div> <\/div><div  data-label=\"Content\" data-id=\"content--3\" data-export-id=\"content-8\" data-category=\"content\" class=\"content-8 content-section content-section-spacing\" id=\"content-3\" style=\"background-color: rgb(255, 255, 255);\"><div  class=\"gridContainer\"> <div  class=\"row middle-sm\"><div  class=\"col-sm-6 space-bottom-xs space-top-xs\" data-type=\"column\"> <img  decoding=\"async\" class=\"shadow-large\" src=\"https:\/\/www.saprima.de\/wp-content\/uploads\/cropped-cropped-Planmanagement_2.png\" title=\"cropped-cropped-Planmanagement_2.png\" alt=\"\"><\/div> <div  class=\"col-sm-6\" data-type=\"column\"><h2  class=\"\">ZEITERSPARNIS DURCH DAS PM <\/h2> <p  class=\"\">Die bedeutendsten Vorteile des Planmanagements sind die Aufwands- und<br >\r\nZeitersparnis und die Workflow-Funktionalit\u00e4t.\r\n<br ><br >Das Planmanagement bietet mit einfach zu bedienenden Eingabemasken alle Funktionen zum Hoch- und Herunterladen von Pl\u00e4nen und anderen Daten.<br >\r\nDurch die nachvollziehbare Planablage mit Planstands- Informationen wird die Entstehung und der Fortschritt der Planung 1:1 abgebildet.&nbsp;\r\n\r\n<br ><br >Der gro\u00dfe Effizienzgewinn resultiert aus der Reduzierung des&nbsp; Verwaltung-saufwandes, z.B. werden Planlisten automatisch gef\u00fchrt, so spart man sich die aufwendige und fehleranf\u00e4llige Pflege der Listen. Der Planlauf wird durch das PM von der Entstehung, \u00fcber interne Freigaben, \u00fcber die Pr\u00fcfung bis zur Baustelle voll digitalisiert.&nbsp; <br >Wird das Managementsystem OfficeWare Projekt eingesetzt, erfolgt die Verwaltung der Pl\u00e4ne und der sonstigen Dokumente zus\u00e4tzlich auch im DMS von OfficeWare \u2013 mit zahlreichen Suchfunktionen<\/p> <\/div> <\/div><\/div> <\/div><div  data-label=\"Content\" data-id=\"content--4\" data-export-id=\"content-7\" data-category=\"content\" class=\"content-7 content-section content-section-spacing\" id=\"content-4\" style=\"background-color: rgb(245, 250, 253);\"><div  class=\"gridContainer\"> <div  class=\"row middle-sm\"><div  class=\"col-sm-6 space-bottom-xs\" data-type=\"column\"> <h2  class=\"\">EINE PLATTFORM F\u00dcR ALLE<\/h2> <p  class=\"\"><span  style=\"font-weight: 700;\">Automatischer Zugriff auf alle relevanten Pl\u00e4ne<\/span><br >\r\nAlle Pl\u00e4ne werden mit dem gleichen Planschl\u00fcssel hochgeladen. An diesem ist, unter anderem, zu erkennen welche Firmen die Pl\u00e4ne erstellt haben. \u00dcber eine eigens eingerichtete Sekund\u00e4rstruktur f\u00fcr jede Firma, k\u00f6nnen verschiedene Freigaberechte anhand der einzelnen Stellen in diesem Schl\u00fcssel gemanagt werden. Dies erleichtert die Kommunikation zwischen allen Verantwortlichen, da stets alle Akteure auf alle relevanten Informationen zugreifen k\u00f6nnen und die Pl\u00e4ne nicht doppelt verwaltet oder extra angefordert und verschickt werden m\u00fcssen. Dabei ist garantiert, dass nur notwendige Informationen mit den Firmen geteilt werden.<\/p> <\/div> <div  class=\"col-sm-6\" data-type=\"column\"> <img  decoding=\"async\" class=\"shadow-large\" src=\"https:\/\/www.saprima.de\/wp-content\/uploads\/cropped-Planmanagement_3.png\" title=\"cropped-Planmanagement_3.png\" alt=\"\"><\/div> <\/div><\/div> <\/div>","protected":false},"excerpt":{"rendered":"<p>Browserl\u00f6sung und App f\u00fcr Mobilger\u00e4te Bauherren, Projektsteuerer, Planer und alle am Bau Beteiligten Features Das OfficeWare Planmanagement steht f\u00fcr eine leichte und sichere Verwaltung der Pl\u00e4ne (und anderer Daten) im&hellip; <br \/> <a class=\"read-more\" href=\"https:\/\/www.saprima.de\/en\/planmanagement\/\">Read more<\/a><\/p>","protected":false},"author":2,"featured_media":20933,"parent":0,"menu_order":0,"comment_status":"closed","ping_status":"closed","template":"pro\/page-templates\/full-width-page.php","meta":{"_price":"","_stock":"","_tribe_ticket_header":"","_tribe_default_ticket_provider":"","_tribe_ticket_capacity":"0","_ticket_start_date":"","_ticket_end_date":"","_tribe_ticket_show_description":"","_tribe_ticket_show_not_going":false,"_tribe_ticket_use_global_stock":"","_tribe_ticket_global_stock_level":"","_global_stock_mode":"","_global_stock_cap":"","_tribe_rsvp_for_event":"","_tribe_ticket_going_count":"","_tribe_ticket_not_going_count":"","_tribe_tickets_list":"[]","_tribe_ticket_has_attendee_info_fields":false,"footnotes":""},"class_list":["post-20856","page","type-page","status-publish","has-post-thumbnail","hentry"],"yoast_head":"<!-- This site is optimized with the Yoast SEO plugin v27.4 - https:\/\/yoast.com\/product\/yoast-seo-wordpress\/ -->\n<title>Planmanagement - saprima\u00ae - Compose your Success<\/title>\n<meta name=\"robots\" content=\"index, follow, max-snippet:-1, max-image-preview:large, max-video-preview:-1\" \/>\n<link rel=\"canonical\" href=\"https:\/\/www.saprima.de\/en\/planmanagement\/\" \/>\n<meta property=\"og:locale\" content=\"en_GB\" \/>\n<meta property=\"og:type\" content=\"article\" \/>\n<meta property=\"og:title\" content=\"Planmanagement - saprima\u00ae - Compose your Success\" \/>\n<meta property=\"og:description\" content=\"Browserl\u00f6sung und App f\u00fcr Mobilger\u00e4te Bauherren, Projektsteuerer, Planer und alle am Bau Beteiligten Features Das OfficeWare Planmanagement steht f\u00fcr eine leichte und sichere Verwaltung der Pl\u00e4ne (und anderer Daten) im&hellip; Read more\" \/>\n<meta property=\"og:url\" content=\"https:\/\/www.saprima.de\/en\/planmanagement\/\" \/>\n<meta property=\"og:site_name\" content=\"saprima\u00ae - Compose your Success\" \/>\n<meta property=\"article:modified_time\" content=\"2025-05-26T11:36:29+00:00\" \/>\n<meta property=\"og:image\" content=\"https:\/\/www.saprima.de\/wp-content\/uploads\/Planmanagement_gesamt_1-1.png\" \/>\n\t<meta property=\"og:image:width\" content=\"1814\" \/>\n\t<meta property=\"og:image:height\" content=\"1134\" \/>\n\t<meta property=\"og:image:type\" content=\"image\/png\" \/>\n<meta name=\"twitter:card\" content=\"summary_large_image\" \/>\n<meta name=\"twitter:site\" content=\"@saprima1\" \/>\n<meta name=\"twitter:label1\" content=\"Estimated reading time\" \/>\n\t<meta name=\"twitter:data1\" content=\"4 minutes\" \/>\n<script type=\"application\/ld+json\" class=\"yoast-schema-graph\">{\"@context\":\"https:\\\/\\\/schema.org\",\"@graph\":[{\"@type\":\"WebPage\",\"@id\":\"https:\\\/\\\/www.saprima.de\\\/planmanagement\\\/\",\"url\":\"https:\\\/\\\/www.saprima.de\\\/planmanagement\\\/\",\"name\":\"Planmanagement - saprima\u00ae - Compose your Success\",\"isPartOf\":{\"@id\":\"https:\\\/\\\/www.saprima.de\\\/de\\\/#website\"},\"primaryImageOfPage\":{\"@id\":\"https:\\\/\\\/www.saprima.de\\\/planmanagement\\\/#primaryimage\"},\"image\":{\"@id\":\"https:\\\/\\\/www.saprima.de\\\/planmanagement\\\/#primaryimage\"},\"thumbnailUrl\":\"https:\\\/\\\/www.saprima.de\\\/wp-content\\\/uploads\\\/Planmanagement_gesamt_1-1.png\",\"datePublished\":\"2024-01-09T13:04:17+00:00\",\"dateModified\":\"2025-05-26T11:36:29+00:00\",\"breadcrumb\":{\"@id\":\"https:\\\/\\\/www.saprima.de\\\/planmanagement\\\/#breadcrumb\"},\"inLanguage\":\"en-GB\",\"potentialAction\":[{\"@type\":\"ReadAction\",\"target\":[\"https:\\\/\\\/www.saprima.de\\\/planmanagement\\\/\"]}]},{\"@type\":\"ImageObject\",\"inLanguage\":\"en-GB\",\"@id\":\"https:\\\/\\\/www.saprima.de\\\/planmanagement\\\/#primaryimage\",\"url\":\"https:\\\/\\\/www.saprima.de\\\/wp-content\\\/uploads\\\/Planmanagement_gesamt_1-1.png\",\"contentUrl\":\"https:\\\/\\\/www.saprima.de\\\/wp-content\\\/uploads\\\/Planmanagement_gesamt_1-1.png\",\"width\":1814,\"height\":1134},{\"@type\":\"BreadcrumbList\",\"@id\":\"https:\\\/\\\/www.saprima.de\\\/planmanagement\\\/#breadcrumb\",\"itemListElement\":[{\"@type\":\"ListItem\",\"position\":1,\"name\":\"Startseite\",\"item\":\"https:\\\/\\\/www.saprima.de\\\/\"},{\"@type\":\"ListItem\",\"position\":2,\"name\":\"Planmanagement\"}]},{\"@type\":\"WebSite\",\"@id\":\"https:\\\/\\\/www.saprima.de\\\/de\\\/#website\",\"url\":\"https:\\\/\\\/www.saprima.de\\\/de\\\/\",\"name\":\"saprima\u00ae\",\"description\":\"\",\"publisher\":{\"@id\":\"https:\\\/\\\/www.saprima.de\\\/de\\\/#organization\"},\"potentialAction\":[{\"@type\":\"SearchAction\",\"target\":{\"@type\":\"EntryPoint\",\"urlTemplate\":\"https:\\\/\\\/www.saprima.de\\\/de\\\/?s={search_term_string}\"},\"query-input\":{\"@type\":\"PropertyValueSpecification\",\"valueRequired\":true,\"valueName\":\"search_term_string\"}}],\"inLanguage\":\"en-GB\"},{\"@type\":\"Organization\",\"@id\":\"https:\\\/\\\/www.saprima.de\\\/de\\\/#organization\",\"name\":\"saprima GmbH\",\"url\":\"https:\\\/\\\/www.saprima.de\\\/de\\\/\",\"logo\":{\"@type\":\"ImageObject\",\"inLanguage\":\"en-GB\",\"@id\":\"https:\\\/\\\/www.saprima.de\\\/de\\\/#\\\/schema\\\/logo\\\/image\\\/\",\"url\":\"https:\\\/\\\/www.saprima.de\\\/wp-content\\\/uploads\\\/saprima_final_transp.png\",\"contentUrl\":\"https:\\\/\\\/www.saprima.de\\\/wp-content\\\/uploads\\\/saprima_final_transp.png\",\"width\":1468,\"height\":938,\"caption\":\"saprima GmbH\"},\"image\":{\"@id\":\"https:\\\/\\\/www.saprima.de\\\/de\\\/#\\\/schema\\\/logo\\\/image\\\/\"},\"sameAs\":[\"https:\\\/\\\/x.com\\\/saprima1\",\"https:\\\/\\\/www.youtube.com\\\/user\\\/saprima2011\"]}]}<\/script>\n<!-- \/ Yoast SEO plugin. -->","yoast_head_json":{"title":"Planmanagement - saprima\u00ae - Compose your Success","robots":{"index":"index","follow":"follow","max-snippet":"max-snippet:-1","max-image-preview":"max-image-preview:large","max-video-preview":"max-video-preview:-1"},"canonical":"https:\/\/www.saprima.de\/en\/planmanagement\/","og_locale":"en_GB","og_type":"article","og_title":"Planmanagement - saprima\u00ae - Compose your Success","og_description":"Browserl\u00f6sung und App f\u00fcr Mobilger\u00e4te Bauherren, Projektsteuerer, Planer und alle am Bau Beteiligten Features Das OfficeWare Planmanagement steht f\u00fcr eine leichte und sichere Verwaltung der Pl\u00e4ne (und anderer Daten) im&hellip; Read more","og_url":"https:\/\/www.saprima.de\/en\/planmanagement\/","og_site_name":"saprima\u00ae - Compose your Success","article_modified_time":"2025-05-26T11:36:29+00:00","og_image":[{"width":1814,"height":1134,"url":"https:\/\/www.saprima.de\/wp-content\/uploads\/Planmanagement_gesamt_1-1.png","type":"image\/png"}],"twitter_card":"summary_large_image","twitter_site":"@saprima1","twitter_misc":{"Estimated reading time":"4 minutes"},"schema":{"@context":"https:\/\/schema.org","@graph":[{"@type":"WebPage","@id":"https:\/\/www.saprima.de\/planmanagement\/","url":"https:\/\/www.saprima.de\/planmanagement\/","name":"Planmanagement - saprima\u00ae - Compose your Success","isPartOf":{"@id":"https:\/\/www.saprima.de\/de\/#website"},"primaryImageOfPage":{"@id":"https:\/\/www.saprima.de\/planmanagement\/#primaryimage"},"image":{"@id":"https:\/\/www.saprima.de\/planmanagement\/#primaryimage"},"thumbnailUrl":"https:\/\/www.saprima.de\/wp-content\/uploads\/Planmanagement_gesamt_1-1.png","datePublished":"2024-01-09T13:04:17+00:00","dateModified":"2025-05-26T11:36:29+00:00","breadcrumb":{"@id":"https:\/\/www.saprima.de\/planmanagement\/#breadcrumb"},"inLanguage":"en-GB","potentialAction":[{"@type":"ReadAction","target":["https:\/\/www.saprima.de\/planmanagement\/"]}]},{"@type":"ImageObject","inLanguage":"en-GB","@id":"https:\/\/www.saprima.de\/planmanagement\/#primaryimage","url":"https:\/\/www.saprima.de\/wp-content\/uploads\/Planmanagement_gesamt_1-1.png","contentUrl":"https:\/\/www.saprima.de\/wp-content\/uploads\/Planmanagement_gesamt_1-1.png","width":1814,"height":1134},{"@type":"BreadcrumbList","@id":"https:\/\/www.saprima.de\/planmanagement\/#breadcrumb","itemListElement":[{"@type":"ListItem","position":1,"name":"Startseite","item":"https:\/\/www.saprima.de\/"},{"@type":"ListItem","position":2,"name":"Planmanagement"}]},{"@type":"WebSite","@id":"https:\/\/www.saprima.de\/de\/#website","url":"https:\/\/www.saprima.de\/de\/","name":"saprima\u00ae","description":"","publisher":{"@id":"https:\/\/www.saprima.de\/de\/#organization"},"potentialAction":[{"@type":"SearchAction","target":{"@type":"EntryPoint","urlTemplate":"https:\/\/www.saprima.de\/de\/?s={search_term_string}"},"query-input":{"@type":"PropertyValueSpecification","valueRequired":true,"valueName":"search_term_string"}}],"inLanguage":"en-GB"},{"@type":"Organization","@id":"https:\/\/www.saprima.de\/de\/#organization","name":"saprima GmbH","url":"https:\/\/www.saprima.de\/de\/","logo":{"@type":"ImageObject","inLanguage":"en-GB","@id":"https:\/\/www.saprima.de\/de\/#\/schema\/logo\/image\/","url":"https:\/\/www.saprima.de\/wp-content\/uploads\/saprima_final_transp.png","contentUrl":"https:\/\/www.saprima.de\/wp-content\/uploads\/saprima_final_transp.png","width":1468,"height":938,"caption":"saprima GmbH"},"image":{"@id":"https:\/\/www.saprima.de\/de\/#\/schema\/logo\/image\/"},"sameAs":["https:\/\/x.com\/saprima1","https:\/\/www.youtube.com\/user\/saprima2011"]}]}},"_links":{"self":[{"href":"https:\/\/www.saprima.de\/en\/wp-json\/wp\/v2\/pages\/20856","targetHints":{"allow":["GET"]}}],"collection":[{"href":"https:\/\/www.saprima.de\/en\/wp-json\/wp\/v2\/pages"}],"about":[{"href":"https:\/\/www.saprima.de\/en\/wp-json\/wp\/v2\/types\/page"}],"author":[{"embeddable":true,"href":"https:\/\/www.saprima.de\/en\/wp-json\/wp\/v2\/users\/2"}],"replies":[{"embeddable":true,"href":"https:\/\/www.saprima.de\/en\/wp-json\/wp\/v2\/comments?post=20856"}],"version-history":[{"count":3,"href":"https:\/\/www.saprima.de\/en\/wp-json\/wp\/v2\/pages\/20856\/revisions"}],"predecessor-version":[{"id":20936,"href":"https:\/\/www.saprima.de\/en\/wp-json\/wp\/v2\/pages\/20856\/revisions\/20936"}],"wp:featuredmedia":[{"embeddable":true,"href":"https:\/\/www.saprima.de\/en\/wp-json\/wp\/v2\/media\/20933"}],"wp:attachment":[{"href":"https:\/\/www.saprima.de\/en\/wp-json\/wp\/v2\/media?parent=20856"}],"curies":[{"name":"wp","href":"https:\/\/api.w.org\/{rel}","templated":true}]}}