{"id":22729,"date":"2024-06-21T09:27:17","date_gmt":"2024-06-21T07:27:17","guid":{"rendered":"https:\/\/www.saprima.de\/?page_id=22729"},"modified":"2024-06-24T08:59:23","modified_gmt":"2024-06-24T06:59:23","slug":"release-notes","status":"publish","type":"page","link":"https:\/\/www.saprima.de\/en\/release-notes\/","title":{"rendered":"Release Notes"},"content":{"rendered":"<div  data-label=\"Content\" data-id=\"content--2\" data-export-id=\"content-2\" data-category=\"content\" class=\"content-2 content-section content-section-spacing\" id=\"content-2\" style=\"background-color: rgb(245, 250, 253);\"><div  class=\"\"> <div  class=\"row middle-xs\"><div  class=\"col-sm-5 bg-image shadow-large-black\" data-bg=\"image\" style=\"background-image: url(&quot;https:\/\/www.saprima.de\/wp-content\/uploads\/cropped-cropped-cropped-cropped-Chat-Funktion_2.jpg&quot;);\"><\/div> <div  class=\"col-sm-7 full-col-left-padding full-col-right-padding\"> <div  class=\"row\"> <div  data-type=\"column\" class=\"space-bottom-small content-title-col\"> <h5  class=\"\">6.1.xx Mai 2024<\/h5> <h2  class=\"\">Chat und Benachrichtigung<\/h2> <p  class=\"\">Von vielen unserer Kunden wurde immer wieder der Wunsch nach einer Chat- \/ Benachrichtigungsfunktion in saprima ge\u00e4u\u00dfert. In der aktuellen Version von saprima wurde dies nun realisiert.<\/p><\/div> <\/div> <div  class=\"row spaced-cols\" data-type=\"row\"> <div  class=\"col-xs-6 col-md-12\" data-type=\"column\"> <h5  class=\"\">Chat-Funktion<\/h5> <p  class=\"\">In saprima ist es nun m\u00f6glich, dass ein Benutzer mit einem anderen Benutzer einen Chat er\u00f6ffnet. Im Chat kann der User einem anderen User eine Nachricht schreiben, auf die der User antworten kann. Je nach Berechtigung kann der User die Chats L\u00f6schen oder nicht. Somit kann man diese Funktion auch als Projektdokumentation nutzen.<\/p><\/div> <div  class=\"col-xs-6 col-md-12\" data-type=\"column\"><h5  class=\"\">Benachrichtigungs-Funktion<\/h5> <p  class=\"\">Ein solcher Chat kann auch von einem Job erzeugt werden, so dass bei einem bestimmten Ereignis im Job bestimmte Benutzer eine Nachricht in saprima erhalten. Der Benutzer wird \u00fcber ein Kennzeichen informiert, wie viele ungelesene Chatnachrichten vorhanden sind.<br >\nEbenso kann ein Workflow oder eine Regel Nachrichten an bestimmte Benutzer senden.<\/p><\/div>   <\/div><\/div> <\/div><\/div> <\/div><div  data-label=\"Content\" data-id=\"content--3\" data-export-id=\"content-2\" data-category=\"content\" class=\"content-2 content-section content-section-spacing\" id=\"content-3\" style=\"background-color: rgb(255, 255, 255);\"><div  class=\"\"> <div  class=\"row middle-xs\"><div  class=\"col-sm-5 bg-image shadow-large-black\" data-bg=\"image\" style=\"background-image: url(&quot;https:\/\/www.saprima.de\/wp-content\/uploads\/cropped-kanban-1.jpg&quot;);\"><\/div> <div  class=\"col-sm-7 full-col-left-padding full-col-right-padding\"> <div  class=\"row\"> <div  data-type=\"column\" class=\"space-bottom-small content-title-col\"> <h5  class=\"\">6.1.xx Mai 2024<\/h5> <h2  class=\"\">KanBan \/ visuelle ToDo Liste<\/h2> <p  class=\"\">Das Modul KanBan kann in saprima als klassisches kanBan f\u00fcr die SCRUM Methode benutzt werden oder ebe<\/p><\/div> <\/div> <div  class=\"row spaced-cols\" data-type=\"row\"> <div  class=\"col-xs-6 col-md-12\" data-type=\"column\"> <h5  class=\"\">Suche nach Vorg\u00e4ngen<\/h5> <p  class=\"\">Es besteht die M\u00f6glichkeit, durch Eingabe einer Zeichenfolge in ein Suchfeld nach bestimmten Stories \/ Vorg\u00e4ngen zu suchen. Die Suche erfolgt \u00fcber die ID oder den Namen. Je nachdem, an welcher Stelle diese Zeichenfolge vorhanden ist.<\/p><\/div> <div  class=\"col-xs-6 col-md-12\" data-type=\"column\"><h5  class=\"\">Exakte Suche oder nach Teilen der Zeichenfolge<\/h5> <p  class=\"\">Mit Hilfe eines Schalters kann ausgew\u00e4hlt werden, ob die Suche nach der exakten Zeichenfolge oder nur nach einem Teil der Zeichenfolge sein soll,<\/p><\/div>   <\/div><\/div> <\/div><\/div> <\/div><div  data-label=\"Content\" data-id=\"content--4\" data-export-id=\"content-2\" data-category=\"content\" class=\"content-2 content-section content-section-spacing\" id=\"content-4\" style=\"background-color: rgb(245, 250, 253);\"><div > <div  class=\"row middle-xs\"><div  class=\"col-sm-5 bg-image shadow-large-black\" data-bg=\"image\" style=\"background-image: url(&quot;https:\/\/www.saprima.de\/wp-content\/uploads\/cropped-Bucketplan-scaled-2.jpg&quot;);\"><\/div> <div  class=\"col-sm-7 full-col-left-padding full-col-right-padding\"> <div  class=\"row\"> <div  data-type=\"column\" class=\"space-bottom-small content-title-col\"> <h5  class=\"\">6.1.xx Mai 2024<\/h5> <h2  class=\"\">Bucket Plan<\/h2> <p  class=\"\">Das Modul Bucket Plan wird in saprima verwendet, um den Ressourcenaufwand auf einer beliebigen Ebene von Initiativen in Zeitscheiben (Jahr, Monat, Tag, \u2026) aufzuteilen.<\/p><\/div> <\/div> <div  class=\"row spaced-cols\" data-type=\"row\"> <div  class=\"col-xs-6 col-md-12\" data-type=\"column\"> <h5  class=\"\">Aufteilung Restwerte<\/h5> <p  class=\"\">Die Unterscheidung zwischen Planwert und Restwert ist nun auch im Bucketplan durchg\u00e4ngig m\u00f6glich. Es ist nun m\u00f6glich, einen Planwert f\u00fcr die urspr\u00fcngliche Planzeit einzugeben. Eine Plananpassung kann dann nur noch \u00fcber die Restwerte erfolgen. Damit ist es nun m\u00f6glich, einen Soll-Ist-Vergleich auf der Ebene von Zeitscheiben und nicht nur auf der Ebene der gesamten Periode der Ressourcenzuweisung durchzuf\u00fchren.<\/p><\/div> <div  class=\"col-xs-6 col-md-12\" data-type=\"column\"><h5  class=\"\">verschiedene neue Funktionen der Restwertverteilung<\/h5> <p  class=\"\">Damit der Restwert nicht manuell in jedes Feld eingetragen werden muss, stehen nun mehrere Funktionen zur Verf\u00fcgung.<br >\n\u2013 Verteilung des Restwertes in Prozent der Anfrage.<br >\n\u2013 In jeder Zeitscheibe f\u00fcr einen Zeitraum einen bestimmten Restwert setzen<br >\n\u2013 Zellen von einem Datum bis zu einem Datum leeren<br >\n\u2013 und viele andere Funktionen<\/p><\/div>   <\/div><\/div> <\/div><\/div> <\/div>","protected":false},"excerpt":{"rendered":"<p>6.1.xx Mai 2024 Chat und Benachrichtigung Von vielen unserer Kunden wurde immer wieder der Wunsch nach einer Chat- \/ Benachrichtigungsfunktion in saprima ge\u00e4u\u00dfert. In der aktuellen Version von saprima wurde&hellip; <br \/> <a class=\"read-more\" href=\"https:\/\/www.saprima.de\/en\/release-notes\/\">Read more<\/a><\/p>","protected":false},"author":2,"featured_media":0,"parent":0,"menu_order":0,"comment_status":"closed","ping_status":"closed","template":"pro\/page-templates\/full-width-page.php","meta":{"_price":"","_stock":"","_tribe_ticket_header":"","_tribe_default_ticket_provider":"","_tribe_ticket_capacity":"0","_ticket_start_date":"","_ticket_end_date":"","_tribe_ticket_show_description":"","_tribe_ticket_show_not_going":false,"_tribe_ticket_use_global_stock":"","_tribe_ticket_global_stock_level":"","_global_stock_mode":"","_global_stock_cap":"","_tribe_rsvp_for_event":"","_tribe_ticket_going_count":"","_tribe_ticket_not_going_count":"","_tribe_tickets_list":"[]","_tribe_ticket_has_attendee_info_fields":false,"footnotes":""},"class_list":["post-22729","page","type-page","status-publish","hentry"],"yoast_head":"<!-- This site is optimized with the Yoast SEO plugin v27.5 - https:\/\/yoast.com\/product\/yoast-seo-wordpress\/ -->\n<title>Release Notes - saprima\u00ae - Compose your Success<\/title>\n<meta name=\"robots\" content=\"index, follow, max-snippet:-1, max-image-preview:large, max-video-preview:-1\" \/>\n<link rel=\"canonical\" href=\"https:\/\/www.saprima.de\/en\/release-notes\/\" \/>\n<meta property=\"og:locale\" content=\"en_GB\" \/>\n<meta property=\"og:type\" content=\"article\" \/>\n<meta property=\"og:title\" content=\"Release Notes - saprima\u00ae - Compose your Success\" \/>\n<meta property=\"og:description\" content=\"6.1.xx Mai 2024 Chat und Benachrichtigung Von vielen unserer Kunden wurde immer wieder der Wunsch nach einer Chat- \/ Benachrichtigungsfunktion in saprima ge\u00e4u\u00dfert. In der aktuellen Version von saprima wurde&hellip; Read more\" \/>\n<meta property=\"og:url\" content=\"https:\/\/www.saprima.de\/en\/release-notes\/\" \/>\n<meta property=\"og:site_name\" content=\"saprima\u00ae - Compose your Success\" \/>\n<meta property=\"article:modified_time\" content=\"2024-06-24T06:59:23+00:00\" \/>\n<meta name=\"twitter:card\" content=\"summary_large_image\" \/>\n<meta name=\"twitter:site\" content=\"@saprima1\" \/>\n<meta name=\"twitter:label1\" content=\"Estimated reading time\" \/>\n\t<meta name=\"twitter:data1\" content=\"3 minutes\" \/>\n<script type=\"application\/ld+json\" class=\"yoast-schema-graph\">{\"@context\":\"https:\\\/\\\/schema.org\",\"@graph\":[{\"@type\":\"WebPage\",\"@id\":\"https:\\\/\\\/www.saprima.de\\\/release-notes\\\/\",\"url\":\"https:\\\/\\\/www.saprima.de\\\/release-notes\\\/\",\"name\":\"Release Notes - saprima\u00ae - Compose your Success\",\"isPartOf\":{\"@id\":\"https:\\\/\\\/www.saprima.de\\\/de\\\/#website\"},\"datePublished\":\"2024-06-21T07:27:17+00:00\",\"dateModified\":\"2024-06-24T06:59:23+00:00\",\"breadcrumb\":{\"@id\":\"https:\\\/\\\/www.saprima.de\\\/release-notes\\\/#breadcrumb\"},\"inLanguage\":\"en-GB\",\"potentialAction\":[{\"@type\":\"ReadAction\",\"target\":[\"https:\\\/\\\/www.saprima.de\\\/release-notes\\\/\"]}]},{\"@type\":\"BreadcrumbList\",\"@id\":\"https:\\\/\\\/www.saprima.de\\\/release-notes\\\/#breadcrumb\",\"itemListElement\":[{\"@type\":\"ListItem\",\"position\":1,\"name\":\"Startseite\",\"item\":\"https:\\\/\\\/www.saprima.de\\\/\"},{\"@type\":\"ListItem\",\"position\":2,\"name\":\"Release Notes\"}]},{\"@type\":\"WebSite\",\"@id\":\"https:\\\/\\\/www.saprima.de\\\/de\\\/#website\",\"url\":\"https:\\\/\\\/www.saprima.de\\\/de\\\/\",\"name\":\"saprima\u00ae\",\"description\":\"\",\"publisher\":{\"@id\":\"https:\\\/\\\/www.saprima.de\\\/de\\\/#organization\"},\"potentialAction\":[{\"@type\":\"SearchAction\",\"target\":{\"@type\":\"EntryPoint\",\"urlTemplate\":\"https:\\\/\\\/www.saprima.de\\\/de\\\/?s={search_term_string}\"},\"query-input\":{\"@type\":\"PropertyValueSpecification\",\"valueRequired\":true,\"valueName\":\"search_term_string\"}}],\"inLanguage\":\"en-GB\"},{\"@type\":\"Organization\",\"@id\":\"https:\\\/\\\/www.saprima.de\\\/de\\\/#organization\",\"name\":\"saprima GmbH\",\"url\":\"https:\\\/\\\/www.saprima.de\\\/de\\\/\",\"logo\":{\"@type\":\"ImageObject\",\"inLanguage\":\"en-GB\",\"@id\":\"https:\\\/\\\/www.saprima.de\\\/de\\\/#\\\/schema\\\/logo\\\/image\\\/\",\"url\":\"https:\\\/\\\/www.saprima.de\\\/wp-content\\\/uploads\\\/saprima_final_transp.png\",\"contentUrl\":\"https:\\\/\\\/www.saprima.de\\\/wp-content\\\/uploads\\\/saprima_final_transp.png\",\"width\":1468,\"height\":938,\"caption\":\"saprima GmbH\"},\"image\":{\"@id\":\"https:\\\/\\\/www.saprima.de\\\/de\\\/#\\\/schema\\\/logo\\\/image\\\/\"},\"sameAs\":[\"https:\\\/\\\/x.com\\\/saprima1\",\"https:\\\/\\\/www.youtube.com\\\/user\\\/saprima2011\"]}]}<\/script>\n<!-- \/ Yoast SEO plugin. -->","yoast_head_json":{"title":"Release Notes - saprima\u00ae - Compose your Success","robots":{"index":"index","follow":"follow","max-snippet":"max-snippet:-1","max-image-preview":"max-image-preview:large","max-video-preview":"max-video-preview:-1"},"canonical":"https:\/\/www.saprima.de\/en\/release-notes\/","og_locale":"en_GB","og_type":"article","og_title":"Release Notes - saprima\u00ae - Compose your Success","og_description":"6.1.xx Mai 2024 Chat und Benachrichtigung Von vielen unserer Kunden wurde immer wieder der Wunsch nach einer Chat- \/ Benachrichtigungsfunktion in saprima ge\u00e4u\u00dfert. In der aktuellen Version von saprima wurde&hellip; Read more","og_url":"https:\/\/www.saprima.de\/en\/release-notes\/","og_site_name":"saprima\u00ae - Compose your Success","article_modified_time":"2024-06-24T06:59:23+00:00","twitter_card":"summary_large_image","twitter_site":"@saprima1","twitter_misc":{"Estimated reading time":"3 minutes"},"schema":{"@context":"https:\/\/schema.org","@graph":[{"@type":"WebPage","@id":"https:\/\/www.saprima.de\/release-notes\/","url":"https:\/\/www.saprima.de\/release-notes\/","name":"Release Notes - saprima\u00ae - Compose your Success","isPartOf":{"@id":"https:\/\/www.saprima.de\/de\/#website"},"datePublished":"2024-06-21T07:27:17+00:00","dateModified":"2024-06-24T06:59:23+00:00","breadcrumb":{"@id":"https:\/\/www.saprima.de\/release-notes\/#breadcrumb"},"inLanguage":"en-GB","potentialAction":[{"@type":"ReadAction","target":["https:\/\/www.saprima.de\/release-notes\/"]}]},{"@type":"BreadcrumbList","@id":"https:\/\/www.saprima.de\/release-notes\/#breadcrumb","itemListElement":[{"@type":"ListItem","position":1,"name":"Startseite","item":"https:\/\/www.saprima.de\/"},{"@type":"ListItem","position":2,"name":"Release Notes"}]},{"@type":"WebSite","@id":"https:\/\/www.saprima.de\/de\/#website","url":"https:\/\/www.saprima.de\/de\/","name":"saprima\u00ae","description":"","publisher":{"@id":"https:\/\/www.saprima.de\/de\/#organization"},"potentialAction":[{"@type":"SearchAction","target":{"@type":"EntryPoint","urlTemplate":"https:\/\/www.saprima.de\/de\/?s={search_term_string}"},"query-input":{"@type":"PropertyValueSpecification","valueRequired":true,"valueName":"search_term_string"}}],"inLanguage":"en-GB"},{"@type":"Organization","@id":"https:\/\/www.saprima.de\/de\/#organization","name":"saprima GmbH","url":"https:\/\/www.saprima.de\/de\/","logo":{"@type":"ImageObject","inLanguage":"en-GB","@id":"https:\/\/www.saprima.de\/de\/#\/schema\/logo\/image\/","url":"https:\/\/www.saprima.de\/wp-content\/uploads\/saprima_final_transp.png","contentUrl":"https:\/\/www.saprima.de\/wp-content\/uploads\/saprima_final_transp.png","width":1468,"height":938,"caption":"saprima GmbH"},"image":{"@id":"https:\/\/www.saprima.de\/de\/#\/schema\/logo\/image\/"},"sameAs":["https:\/\/x.com\/saprima1","https:\/\/www.youtube.com\/user\/saprima2011"]}]}},"_links":{"self":[{"href":"https:\/\/www.saprima.de\/en\/wp-json\/wp\/v2\/pages\/22729","targetHints":{"allow":["GET"]}}],"collection":[{"href":"https:\/\/www.saprima.de\/en\/wp-json\/wp\/v2\/pages"}],"about":[{"href":"https:\/\/www.saprima.de\/en\/wp-json\/wp\/v2\/types\/page"}],"author":[{"embeddable":true,"href":"https:\/\/www.saprima.de\/en\/wp-json\/wp\/v2\/users\/2"}],"replies":[{"embeddable":true,"href":"https:\/\/www.saprima.de\/en\/wp-json\/wp\/v2\/comments?post=22729"}],"version-history":[{"count":16,"href":"https:\/\/www.saprima.de\/en\/wp-json\/wp\/v2\/pages\/22729\/revisions"}],"predecessor-version":[{"id":22804,"href":"https:\/\/www.saprima.de\/en\/wp-json\/wp\/v2\/pages\/22729\/revisions\/22804"}],"wp:attachment":[{"href":"https:\/\/www.saprima.de\/en\/wp-json\/wp\/v2\/media?parent=22729"}],"curies":[{"name":"wp","href":"https:\/\/api.w.org\/{rel}","templated":true}]}}