{"id":28333,"date":"2025-08-01T11:42:33","date_gmt":"2025-08-01T09:42:33","guid":{"rendered":"https:\/\/www.saprima.de\/?page_id=28333"},"modified":"2025-08-01T11:42:34","modified_gmt":"2025-08-01T09:42:34","slug":"saprima_produktseite","status":"publish","type":"page","link":"https:\/\/www.saprima.de\/en\/saprima_produktseite\/","title":{"rendered":"saprima_Produktseite"},"content":{"rendered":"<div  id=\"content-1\" class=\"content-12 content-section content-section-spacing\" style=\"background-color: #f5fafd;\" data-label=\"Content\" data-id=\"content--1\" data-export-id=\"content-12\" data-category=\"content\">\n<div  class=\"gridContainer\">\n<div  class=\"row text-center\">\n<div  class=\"section-title-col\" data-type=\"column\"><\/div>\n<\/div>\n<div  class=\"row center-xs middle-xs\">\n<div  class=\"col-sm-9\" data-type=\"column\"><\/div>\n<\/div>\n<\/div>\n<\/div><div  id=\"overlappable-1\" class=\"overlappable-7-mc content-section content-section-spacing\" style=\"background-image: none; background-color: rgb(245, 250, 253);\" data-label=\"Overlappable\" data-id=\"overlappable-7-mc\" data-export-id=\"overlappable-7-mc\" data-category=\"overlappable\" data-overlap=\"true\" data-section-ov=\"1\">\n<div  class=\"gridContainer\">\n<div  class=\"row shadow\" data-type=\"row\">\n<div  class=\"col-xs-12 col-sm-6 col-padding-small col-padding-small-xs bg-color-white col-md-2 \">\n<div  class=\"text-center\">\n<div  class=\"col-xs-12 col-sm-fit space-bottom-small-xs\"><\/div>\n<div  class=\"col-xs-12 col-sm\" data-type=\"column\">\n<h4  class=\"\"><span  style=\"font-weight: 900;\">Projekt Portfolio<\/span><\/h4>\n<p  class=\"\">Durch unsere Business Intelligence lassen sich Informationen in jeder Tiefe Ihres Projekt Portfolios ausgeben. Dadurch haben Sie zu jeder Zeit alles im Blick.<\/p>\n\n<\/div>\n<\/div>\n<\/div>\n<div  class=\"col-xs-12 col-sm-6 col-padding-small col-padding-small-xs bg-color-white col-md-2\">\n<div  class=\"text-center\">\n<div  class=\"col-xs-12 col-sm-fit space-bottom-small-xs\"><\/div>\n<div  class=\"col-xs-12 col-sm\" data-type=\"column\">\n<h4  class=\"\"><span  style=\"font-weight: 900;\">P3.express Integration<\/span><\/h4>\n<p  class=\"\">Mit der Integration von p3.express in saprima verbinden Sie ein leicht verst\u00e4ndliches Projektmanagementsystem mit einer leistungsstarken Plattform. So behalten Sie Ihre Projekte jederzeit im Griff \u2013 von der Planung bis zum Abschluss.<\/p>\n\n<\/div>\n<\/div>\n<\/div>\n<div  class=\"col-xs-12 col-sm-6 col-padding-small col-padding-small-xs bg-color-white col-md-2 \">\n<div  class=\"text-center\">\n<div  class=\"col-xs-12 col-sm-fit space-bottom-small-xs\"><\/div>\n<div  class=\"col-xs-12 col-sm\" data-type=\"column\">\n<h4  class=\"\"><span  style=\"font-weight: 900;\">Rollen- \/ Ressourcenplanung<\/span><\/h4>\n<p  class=\"\">Engp\u00e4sse Fr\u00fchzeitig erkennen? Abstrake Ressourcenplanung unterst\u00fctzt Sie bei der Planung von Projekten auch im fr\u00fchen Projektstadium.<\/p>\n\n<\/div>\n<\/div>\n<\/div>\n<div  class=\"col-xs-12 col-sm-6 col-padding-small col-padding-small-xs bg-color-white col-md-2\">\n<div  class=\"text-center\">\n<div  class=\"col-xs-12 col-sm-fit space-bottom-small-xs\"><\/div>\n<div  class=\"col-xs-12 col-sm\" data-type=\"column\">\n<h4  class=\"\"><span  style=\"font-weight: 900;\">Terminplanung<\/span><\/h4>\n<p  class=\"\">saprima ist in der Lage, alle Ebenen zu verkn\u00fcpfen. Es k\u00f6nnen aber auch nur h\u00f6here Ebenen miteinander verkn\u00fcpft werden, so dass die darunter liegenden Ebenen bei der Terminierung entsprechend verschoben werden.<\/p>\n\n<\/div>\n<\/div>\n<\/div>\n<div  class=\"col-xs-12 col-sm-6 col-padding-small col-padding-small-xs bg-color-white col-md-2 \">\n<div  class=\"text-center\">\n<div  class=\"col-xs-12 col-sm-fit space-bottom-small-xs\"><\/div>\n<div  class=\"col-xs-12 col-sm\" data-type=\"column\">\n<h4  class=\"\"><span  style=\"font-weight: 900;\">Hybrides PM<\/span><\/h4>\n<p  class=\"\">Wasserfall oder agile Methoden. Durch unsere Datenlogik ist es m\u00f6glich, nach Wasserfall geplante Projekte agil abzuarbeiten.<\/p>\n\n<\/div>\n<\/div>\n<\/div>\n<div  class=\"col-xs-12 col-sm-6 col-padding-small col-padding-small-xs bg-color-white col-md-2 \">\n<div  class=\"text-center\">\n<div  class=\"col-xs-12 col-sm-fit space-bottom-small-xs\"><\/div>\n<div  class=\"col-xs-12 col-sm\" data-type=\"column\">\n<h4  class=\"\"><span  style=\"font-weight: 900;\">Abl\u00f6sen von Excel<\/span><\/h4>\n<p  class=\"\">Die Umsetzung der <a  class=\"\" href=\"https:\/\/www.din.de\/de\/mitwirken\/normenausschuesse\/nqsz\/veroeffentlichungen\/wdc-beuth:din21:113428732\" target=\"_blank\" rel=\"noopener noreferrer\" data-cp-link=\"1\">DIN-69901-4<\/a> l\u00e4sst saprima die Freiheit jede Projekt- und Ressourcenplanung in Excel abzul\u00f6sen.<\/p>\n\n<\/div>\n<\/div>\n<\/div>\n\n<\/div>\n<\/div>\n<\/div><div  id=\"kontakt\" class=\"contact-1 content-section content-section-spacing section-title-col-\" style=\"background-color: rgb(245, 250, 253); background-size: cover; background-position: center top; background-image: none;\" data-label=\"Kontakt\" data-id=\"contact--1\" data-export-id=\"contact-1\" data-category=\"contact\" data-parallax-depth=\"20\" data-section-ov=\"1\">\n<div  class=\"gridContainer\">\n<div  class=\"row text-center\">\n<div  class=\"section-title-col\" data-type=\"column\">\n<h2  class=\"\" style=\"border-bottom-color: #9f3939;\">Haben Sie noch Fragen?<\/h2>\n<p  class=\"lead\"><span  style=\"font-weight: 400;\">Falls noch Fragen offen geblieben sind, m\u00f6chten wir sie Ihnen gerne beantworten!<\/span><\/p>\n\n<\/div>\n<\/div>\n<div  class=\"row text-center\">\n<div  class=\"col-xs-12 col-sm-8 col-sm-offset-2 contact-form-wrapper inline-info\">\n<div  class=\"card large-padding\">\n<div  class=\"\" data-content-shortcode=\"mesmerize_contact_form shortcode=&quot;contact-form-7 id=&amp;amp;quot;1951&amp;amp;quot; title=&amp;amp;quot;Kontakt&amp;amp;quot;&quot;\" data-editable=\"true\">\n<div class=\"wpcf7 no-js\" id=\"wpcf7-f1951-o1\" lang=\"de-DE\" dir=\"ltr\" data-wpcf7-id=\"1951\">\n<div class=\"screen-reader-response\"><p role=\"status\" aria-live=\"polite\" aria-atomic=\"true\"><\/p> <ul><\/ul><\/div>\n<form action=\"\/en\/wp-json\/wp\/v2\/pages\/28333#wpcf7-f1951-o1\" method=\"post\" class=\"wpcf7-form init\" aria-label=\"Kontaktformular\" novalidate=\"novalidate\" data-status=\"init\">\n<fieldset class=\"hidden-fields-container\"><input type=\"hidden\" name=\"_wpcf7\" value=\"1951\" \/><input type=\"hidden\" name=\"_wpcf7_version\" value=\"6.1.5\" \/><input type=\"hidden\" name=\"_wpcf7_locale\" value=\"de_DE\" \/><input type=\"hidden\" name=\"_wpcf7_unit_tag\" value=\"wpcf7-f1951-o1\" \/><input type=\"hidden\" name=\"_wpcf7_container_post\" value=\"0\" \/><input type=\"hidden\" name=\"_wpcf7_posted_data_hash\" value=\"\" \/><input type=\"hidden\" name=\"_wpcf7dtx_version\" value=\"5.0.5\" \/>\n<\/fieldset>\n<div class=\"contact_table\">\n\t<div class=\"contact_table_tr\">\n\t\t<div class=\"contact_table_td\">\n\t\t\t<p><span class=\"wpcf7-form-control-wrap\" data-name=\"lname\"><input size=\"40\" maxlength=\"400\" class=\"wpcf7-form-control wpcf7-text wpcf7-validates-as-required\" id=\"lname\" aria-required=\"true\" aria-invalid=\"false\" placeholder=\"Nachname*\" value=\"\" type=\"text\" name=\"lname\" \/><\/span><span id=\"wpcf7-69f428c560994-wrapper\" class=\"wpcf7-form-control-wrap lname-444-wrap\" ><input type=\"hidden\" name=\"lname-444-time-start\" value=\"1777608901\"><input type=\"hidden\" name=\"lname-444-time-check\" value=\"10\"><label for=\"wpcf7-69f428c560994-field\" class=\"hp-message\">Bitte lasse dieses Feld leer.<\/label><input id=\"wpcf7-69f428c560994-field\"  class=\"wpcf7-form-control wpcf7-text honeypot_field\" type=\"text\" name=\"lname-444\" value=\"\" size=\"40\" tabindex=\"-1\" autocomplete=\"new-password\" \/><\/span>\n\t\t\t<\/p>\n\t\t<\/div>\n\t\t<div class=\"contact_table_td\" style=\"padding-left: 10px;\">\n\t\t\t<p><span class=\"wpcf7-form-control-wrap\" data-name=\"fname\"><input size=\"40\" maxlength=\"400\" class=\"wpcf7-form-control wpcf7-text wpcf7-validates-as-required\" id=\"fname\" aria-required=\"true\" aria-invalid=\"false\" placeholder=\"Vorname*\" value=\"\" type=\"text\" name=\"fname\" \/><\/span><span id=\"wpcf7-69f428c560b0b-wrapper\" class=\"wpcf7-form-control-wrap fname-444-wrap\" ><input type=\"hidden\" name=\"fname-444-time-start\" value=\"1777608901\"><input type=\"hidden\" name=\"fname-444-time-check\" value=\"10\"><label for=\"wpcf7-69f428c560b0b-field\" class=\"hp-message\">Bitte lasse dieses Feld leer.<\/label><input id=\"wpcf7-69f428c560b0b-field\"  class=\"wpcf7-form-control wpcf7-text honeypot_field\" type=\"text\" name=\"fname-444\" value=\"\" size=\"40\" tabindex=\"-1\" autocomplete=\"new-password\" \/><\/span>\n\t\t\t<\/p>\n\t\t<\/div>\n\t<\/div>\n\t<div class=\"contact_table_tr\">\n\t\t<div class=\"contact_table_td\">\n\t\t\t<p><span class=\"wpcf7-form-control-wrap\" data-name=\"company\"><input size=\"40\" maxlength=\"400\" class=\"wpcf7-form-control wpcf7-text\" id=\"company\" aria-invalid=\"false\" placeholder=\"Firma\" value=\"\" type=\"text\" name=\"company\" \/><\/span>\n\t\t\t<\/p>\n\t\t<\/div>\n\t\t<div class=\"contact_table_td\" style=\" padding-left: 10px;\">\n\t\t\t<p><span class=\"wpcf7-form-control-wrap\" data-name=\"email\"><input size=\"40\" maxlength=\"400\" class=\"wpcf7-form-control wpcf7-email wpcf7-validates-as-required wpcf7-text wpcf7-validates-as-email\" id=\"email\" aria-required=\"true\" aria-invalid=\"false\" placeholder=\"Email*\" value=\"\" type=\"email\" name=\"email\" \/><\/span>\n\t\t\t<\/p>\n\t\t<\/div>\n\t<\/div>\n\t<div class=\"contact_table_tr\" style=\"width:50%;padding-right: 5px;\">\n\t\t<div class=\"contact_table_td\" >\n\t\t\t<p><span class=\"wpcf7-form-control-wrap\" data-name=\"telephone\"><input size=\"40\" maxlength=\"400\" class=\"wpcf7-form-control wpcf7-tel wpcf7-text wpcf7-validates-as-tel\" id=\"telefone\" aria-invalid=\"false\" placeholder=\"Telefonnummer\" value=\"\" type=\"tel\" name=\"telephone\" \/><\/span>\n\t\t\t<\/p>\n\t\t<\/div>\n\t<\/div>\n\t<div class=\"contact_table_tr\">\n\t\t<p><span class=\"wpcf7-form-control-wrap\" data-name=\"your-message\"><textarea cols=\"40\" rows=\"10\" maxlength=\"2000\" class=\"wpcf7-form-control wpcf7-textarea wpcf7-validates-as-required\" id=\"yourMessage\" aria-required=\"true\" aria-invalid=\"false\" placeholder=\"Ihre Nachricht*\" name=\"your-message\"><\/textarea><\/span>\n\t\t<\/p>\n\t<\/div>\n<\/div>\n<div class=\"contact_table\" style=\"margin-top:10px; margin-bottom:10px\">\n\t<p><span class=\"wpcf7-form-control-wrap\" data-name=\"zustimmung-datenschutz\"><span class=\"wpcf7-form-control wpcf7-acceptance\"><span class=\"wpcf7-list-item\"><label><input type=\"checkbox\" name=\"zustimmung-datenschutz\" value=\"1\" aria-invalid=\"false\" \/><span class=\"wpcf7-list-item-label\">Ich stimme der Erhebung meiner Daten zu. Informationen finden Sie in unserer <a href=\"https:\/\/saprima.de\/de\/datenschutz\/\" target=\"_blank\">Datenschutzerkl\u00e4rung<\/a>.<\/span><\/label><\/span><\/span><\/span><br \/>\n<input class=\"wpcf7-form-control wpcf7-submit has-spinner\" id=\"send\" type=\"submit\" value=\"Senden\" \/>\n\t<\/p>\n<\/div><p style=\"display: none !important;\" class=\"akismet-fields-container\" data-prefix=\"_wpcf7_ak_\"><label>&#916;<textarea name=\"_wpcf7_ak_hp_textarea\" cols=\"45\" rows=\"8\" maxlength=\"100\"><\/textarea><\/label><input type=\"hidden\" id=\"ak_js_1\" name=\"_wpcf7_ak_js\" value=\"137\"\/><script type=\"text\/javascript\">\n\/* <![CDATA[ *\/\ndocument.getElementById( \"ak_js_1\" ).setAttribute( \"value\", ( new Date() ).getTime() );\n\/* ]]> *\/\n<\/script>\n<\/p><div class=\"wpcf7-response-output\" aria-hidden=\"true\"><\/div>\n<\/form>\n<\/div>\n<\/div>\n<\/div>\n<\/div>\n<\/div>\n<\/div>\n<\/div>","protected":false},"excerpt":{"rendered":"<p>Projekt Portfolio Durch unsere Business Intelligence lassen sich Informationen in jeder Tiefe Ihres Projekt Portfolios ausgeben. Dadurch haben Sie zu jeder Zeit alles im Blick. P3.express Integration Mit der Integration&hellip; <br \/> <a class=\"read-more\" href=\"https:\/\/www.saprima.de\/en\/saprima_produktseite\/\">Read more<\/a><\/p>","protected":false},"author":2,"featured_media":0,"parent":0,"menu_order":0,"comment_status":"closed","ping_status":"closed","template":"page-templates\/homepage.php","meta":{"_price":"","_stock":"","_tribe_ticket_header":"","_tribe_default_ticket_provider":"","_tribe_ticket_capacity":"0","_ticket_start_date":"","_ticket_end_date":"","_tribe_ticket_show_description":"","_tribe_ticket_show_not_going":false,"_tribe_ticket_use_global_stock":"","_tribe_ticket_global_stock_level":"","_global_stock_mode":"","_global_stock_cap":"","_tribe_rsvp_for_event":"","_tribe_ticket_going_count":"","_tribe_ticket_not_going_count":"","_tribe_tickets_list":"[]","_tribe_ticket_has_attendee_info_fields":false,"footnotes":""},"class_list":["post-28333","page","type-page","status-publish","hentry"],"yoast_head":"<!-- This site is optimized with the Yoast SEO plugin v27.5 - https:\/\/yoast.com\/product\/yoast-seo-wordpress\/ -->\n<title>saprima\u00ae - Compose your Success - saprima basic kostenlos nutzen<\/title>\n<meta name=\"description\" content=\"Transparent, Praxis-Orientiert und individuell anpassbares Projekt-, Ressourcen-, Portfolimanagementtool. Testen Sie heute unser kostenloses saprima basic!\" \/>\n<meta name=\"robots\" content=\"index, follow, max-snippet:-1, max-image-preview:large, max-video-preview:-1\" \/>\n<link rel=\"canonical\" href=\"https:\/\/www.saprima.de\/en\/saprima_produktseite\/\" \/>\n<meta property=\"og:locale\" content=\"en_GB\" \/>\n<meta property=\"og:type\" content=\"article\" \/>\n<meta property=\"og:title\" content=\"saprima\u00ae - Compose your Success - saprima basic kostenlos nutzen\" \/>\n<meta property=\"og:description\" content=\"Transparent, Praxis-Orientiert und individuell anpassbares Projekt-, Ressourcen-, Portfolimanagementtool. Testen Sie heute unser kostenloses saprima basic!\" \/>\n<meta property=\"og:url\" content=\"https:\/\/www.saprima.de\/en\/saprima_produktseite\/\" \/>\n<meta property=\"og:site_name\" content=\"saprima\u00ae - Compose your Success\" \/>\n<meta property=\"article:modified_time\" content=\"2025-08-01T09:42:34+00:00\" \/>\n<meta name=\"twitter:card\" content=\"summary_large_image\" \/>\n<meta name=\"twitter:site\" content=\"@saprima1\" \/>\n<meta name=\"twitter:label1\" content=\"Estimated reading time\" \/>\n\t<meta name=\"twitter:data1\" content=\"1 minute\" \/>\n<script type=\"application\/ld+json\" class=\"yoast-schema-graph\">{\"@context\":\"https:\\\/\\\/schema.org\",\"@graph\":[{\"@type\":\"WebPage\",\"@id\":\"https:\\\/\\\/www.saprima.de\\\/saprima_produktseite\\\/\",\"url\":\"https:\\\/\\\/www.saprima.de\\\/saprima_produktseite\\\/\",\"name\":\"saprima\u00ae - Compose your Success - saprima basic kostenlos nutzen\",\"isPartOf\":{\"@id\":\"https:\\\/\\\/www.saprima.de\\\/de\\\/#website\"},\"datePublished\":\"2025-08-01T09:42:33+00:00\",\"dateModified\":\"2025-08-01T09:42:34+00:00\",\"description\":\"Transparent, Praxis-Orientiert und individuell anpassbares Projekt-, Ressourcen-, Portfolimanagementtool. Testen Sie heute unser kostenloses saprima basic!\",\"breadcrumb\":{\"@id\":\"https:\\\/\\\/www.saprima.de\\\/saprima_produktseite\\\/#breadcrumb\"},\"inLanguage\":\"en-GB\",\"potentialAction\":[{\"@type\":\"ReadAction\",\"target\":[\"https:\\\/\\\/www.saprima.de\\\/saprima_produktseite\\\/\"]}]},{\"@type\":\"BreadcrumbList\",\"@id\":\"https:\\\/\\\/www.saprima.de\\\/saprima_produktseite\\\/#breadcrumb\",\"itemListElement\":[{\"@type\":\"ListItem\",\"position\":1,\"name\":\"Startseite\",\"item\":\"https:\\\/\\\/www.saprima.de\\\/\"},{\"@type\":\"ListItem\",\"position\":2,\"name\":\"saprima_Produktseite\"}]},{\"@type\":\"WebSite\",\"@id\":\"https:\\\/\\\/www.saprima.de\\\/de\\\/#website\",\"url\":\"https:\\\/\\\/www.saprima.de\\\/de\\\/\",\"name\":\"saprima\u00ae\",\"description\":\"\",\"publisher\":{\"@id\":\"https:\\\/\\\/www.saprima.de\\\/de\\\/#organization\"},\"potentialAction\":[{\"@type\":\"SearchAction\",\"target\":{\"@type\":\"EntryPoint\",\"urlTemplate\":\"https:\\\/\\\/www.saprima.de\\\/de\\\/?s={search_term_string}\"},\"query-input\":{\"@type\":\"PropertyValueSpecification\",\"valueRequired\":true,\"valueName\":\"search_term_string\"}}],\"inLanguage\":\"en-GB\"},{\"@type\":\"Organization\",\"@id\":\"https:\\\/\\\/www.saprima.de\\\/de\\\/#organization\",\"name\":\"saprima GmbH\",\"url\":\"https:\\\/\\\/www.saprima.de\\\/de\\\/\",\"logo\":{\"@type\":\"ImageObject\",\"inLanguage\":\"en-GB\",\"@id\":\"https:\\\/\\\/www.saprima.de\\\/de\\\/#\\\/schema\\\/logo\\\/image\\\/\",\"url\":\"https:\\\/\\\/www.saprima.de\\\/wp-content\\\/uploads\\\/saprima_final_transp.png\",\"contentUrl\":\"https:\\\/\\\/www.saprima.de\\\/wp-content\\\/uploads\\\/saprima_final_transp.png\",\"width\":1468,\"height\":938,\"caption\":\"saprima GmbH\"},\"image\":{\"@id\":\"https:\\\/\\\/www.saprima.de\\\/de\\\/#\\\/schema\\\/logo\\\/image\\\/\"},\"sameAs\":[\"https:\\\/\\\/x.com\\\/saprima1\",\"https:\\\/\\\/www.youtube.com\\\/user\\\/saprima2011\"]}]}<\/script>\n<!-- \/ Yoast SEO plugin. -->","yoast_head_json":{"title":"saprima\u00ae - Compose your Success - saprima basic kostenlos nutzen","description":"Transparent, Praxis-Orientiert und individuell anpassbares Projekt-, Ressourcen-, Portfolimanagementtool. Testen Sie heute unser kostenloses saprima basic!","robots":{"index":"index","follow":"follow","max-snippet":"max-snippet:-1","max-image-preview":"max-image-preview:large","max-video-preview":"max-video-preview:-1"},"canonical":"https:\/\/www.saprima.de\/en\/saprima_produktseite\/","og_locale":"en_GB","og_type":"article","og_title":"saprima\u00ae - Compose your Success - saprima basic kostenlos nutzen","og_description":"Transparent, Praxis-Orientiert und individuell anpassbares Projekt-, Ressourcen-, Portfolimanagementtool. Testen Sie heute unser kostenloses saprima basic!","og_url":"https:\/\/www.saprima.de\/en\/saprima_produktseite\/","og_site_name":"saprima\u00ae - Compose your Success","article_modified_time":"2025-08-01T09:42:34+00:00","twitter_card":"summary_large_image","twitter_site":"@saprima1","twitter_misc":{"Estimated reading time":"1 minute"},"schema":{"@context":"https:\/\/schema.org","@graph":[{"@type":"WebPage","@id":"https:\/\/www.saprima.de\/saprima_produktseite\/","url":"https:\/\/www.saprima.de\/saprima_produktseite\/","name":"saprima\u00ae - Compose your Success - saprima basic kostenlos nutzen","isPartOf":{"@id":"https:\/\/www.saprima.de\/de\/#website"},"datePublished":"2025-08-01T09:42:33+00:00","dateModified":"2025-08-01T09:42:34+00:00","description":"Transparent, Praxis-Orientiert und individuell anpassbares Projekt-, Ressourcen-, Portfolimanagementtool. Testen Sie heute unser kostenloses saprima basic!","breadcrumb":{"@id":"https:\/\/www.saprima.de\/saprima_produktseite\/#breadcrumb"},"inLanguage":"en-GB","potentialAction":[{"@type":"ReadAction","target":["https:\/\/www.saprima.de\/saprima_produktseite\/"]}]},{"@type":"BreadcrumbList","@id":"https:\/\/www.saprima.de\/saprima_produktseite\/#breadcrumb","itemListElement":[{"@type":"ListItem","position":1,"name":"Startseite","item":"https:\/\/www.saprima.de\/"},{"@type":"ListItem","position":2,"name":"saprima_Produktseite"}]},{"@type":"WebSite","@id":"https:\/\/www.saprima.de\/de\/#website","url":"https:\/\/www.saprima.de\/de\/","name":"saprima\u00ae","description":"","publisher":{"@id":"https:\/\/www.saprima.de\/de\/#organization"},"potentialAction":[{"@type":"SearchAction","target":{"@type":"EntryPoint","urlTemplate":"https:\/\/www.saprima.de\/de\/?s={search_term_string}"},"query-input":{"@type":"PropertyValueSpecification","valueRequired":true,"valueName":"search_term_string"}}],"inLanguage":"en-GB"},{"@type":"Organization","@id":"https:\/\/www.saprima.de\/de\/#organization","name":"saprima GmbH","url":"https:\/\/www.saprima.de\/de\/","logo":{"@type":"ImageObject","inLanguage":"en-GB","@id":"https:\/\/www.saprima.de\/de\/#\/schema\/logo\/image\/","url":"https:\/\/www.saprima.de\/wp-content\/uploads\/saprima_final_transp.png","contentUrl":"https:\/\/www.saprima.de\/wp-content\/uploads\/saprima_final_transp.png","width":1468,"height":938,"caption":"saprima GmbH"},"image":{"@id":"https:\/\/www.saprima.de\/de\/#\/schema\/logo\/image\/"},"sameAs":["https:\/\/x.com\/saprima1","https:\/\/www.youtube.com\/user\/saprima2011"]}]}},"_links":{"self":[{"href":"https:\/\/www.saprima.de\/en\/wp-json\/wp\/v2\/pages\/28333","targetHints":{"allow":["GET"]}}],"collection":[{"href":"https:\/\/www.saprima.de\/en\/wp-json\/wp\/v2\/pages"}],"about":[{"href":"https:\/\/www.saprima.de\/en\/wp-json\/wp\/v2\/types\/page"}],"author":[{"embeddable":true,"href":"https:\/\/www.saprima.de\/en\/wp-json\/wp\/v2\/users\/2"}],"replies":[{"embeddable":true,"href":"https:\/\/www.saprima.de\/en\/wp-json\/wp\/v2\/comments?post=28333"}],"version-history":[{"count":3,"href":"https:\/\/www.saprima.de\/en\/wp-json\/wp\/v2\/pages\/28333\/revisions"}],"predecessor-version":[{"id":28350,"href":"https:\/\/www.saprima.de\/en\/wp-json\/wp\/v2\/pages\/28333\/revisions\/28350"}],"wp:attachment":[{"href":"https:\/\/www.saprima.de\/en\/wp-json\/wp\/v2\/media?parent=28333"}],"curies":[{"name":"wp","href":"https:\/\/api.w.org\/{rel}","templated":true}]}}